{"id":9,"date":"2021-11-22T19:12:55","date_gmt":"2021-11-22T17:12:55","guid":{"rendered":"https:\/\/omegle.to\/?page_id=9"},"modified":"2023-04-30T10:20:06","modified_gmt":"2023-04-30T08:20:06","slug":"contact","status":"publish","type":"page","link":"https:\/\/omegle.to\/fr\/contact\/","title":{"rendered":"Contact"},"content":{"rendered":"<div data-elementor-type=\"wp-page\" data-elementor-id=\"9\" class=\"elementor elementor-9\" data-elementor-post-type=\"page\">\n\t\t\t\t\t\t<section class=\"elementor-section elementor-top-section elementor-element elementor-element-bcabdee elementor-section-boxed elementor-section-height-default elementor-section-height-default\" data-id=\"bcabdee\" data-element_type=\"section\">\n\t\t\t\t\t\t<div class=\"elementor-container elementor-column-gap-default\">\n\t\t\t\t\t<div class=\"elementor-column elementor-col-100 elementor-top-column elementor-element elementor-element-f098cd5\" data-id=\"f098cd5\" data-element_type=\"column\">\n\t\t\t<div class=\"elementor-widget-wrap elementor-element-populated\">\n\t\t\t\t\t\t<div class=\"elementor-element elementor-element-b604b94 elementor-widget elementor-widget-text-editor\" data-id=\"b604b94\" data-element_type=\"widget\" data-widget_type=\"text-editor.default\">\n\t\t\t\t<div class=\"elementor-widget-container\">\n\t\t\t\t\t\t\t\t\t<p>Chez Omegle, nous avons \u00e0 c\u0153ur de mettre en relation des personnes du monde entier et de proposer une plateforme unique pour des exp\u00e9riences de chat vid\u00e9o al\u00e9atoires. Afin de maintenir un environnement positif et engageant, nous encourageons nos utilisateurs \u00e0 rester en contact avec nous, \u00e0 signaler tout probl\u00e8me ou pr\u00e9occupation et \u00e0 partager leurs exp\u00e9riences. Cet article sert de guide pour contacter Omegle et tirer le meilleur parti de votre temps sur notre plateforme.<\/p><h2>Contactez Omegle<\/h2><p>Pour des questions g\u00e9n\u00e9rales, des commentaires ou des suggestions, vous pouvez nous contacter via notre formulaire de contact. Notre \u00e9quipe d\u00e9di\u00e9e est toujours \u00e0 l&#039;\u00e9coute de nos utilisateurs et fera de son mieux pour r\u00e9pondre \u00e0 vos pr\u00e9occupations dans les meilleurs d\u00e9lais.<\/p><h2>Restez \u00e0 jour sur les r\u00e9seaux sociaux<\/h2><p>Pour rester inform\u00e9 des derni\u00e8res actualit\u00e9s, mises \u00e0 jour et annonces d&#039;Omegle, suivez nos comptes officiels sur les r\u00e9seaux sociaux. Vous pouvez nous trouver sur Twitter et Facebook. Ces canaux sont \u00e9galement un excellent moyen de nous contacter et de partager vos exp\u00e9riences Omegle avec la communaut\u00e9.<\/p><h2>Signaler les utilisateurs ou le contenu inappropri\u00e9s<\/h2><p>Chez Omegle, nous nous effor\u00e7ons de maintenir une plateforme s\u00fbre et respectueuse pour tous nos utilisateurs. Si vous rencontrez un comportement inappropri\u00e9 ou offensant pendant votre temps sur Omegle, n&#039;h\u00e9sitez pas \u00e0 signaler l&#039;utilisateur. En utilisant le formulaire de contact, vous pouvez nous aider \u00e0 identifier et \u00e0 r\u00e9soudre tout probl\u00e8me susceptible d&#039;affecter l&#039;exp\u00e9rience utilisateur. Vos signalements sont essentiels pour nous aider \u00e0 maintenir un environnement positif sur Omegle.<\/p><h2>Partagez vos histoires Omegle<\/h2><p>Nous aimons entendre parler des liens et des amiti\u00e9s nou\u00e9es gr\u00e2ce \u00e0 Omegle. Si vous avez une histoire Omegle unique ou inspirante \u00e0 partager, n&#039;h\u00e9sitez pas \u00e0 nous contacter par e-mail ou sur les r\u00e9seaux sociaux. Vos exp\u00e9riences peuvent servir de t\u00e9moignage du pouvoir des relations humaines et inspirer d&#039;autres personnes \u00e0 rejoindre la communaut\u00e9 Omegle.<\/p><h2>Nous sommes l\u00e0 pour vous aider<\/h2><p>Notre \u00e9quipe chez Omegle s&#039;efforce de garantir la meilleure exp\u00e9rience possible \u00e0 nos utilisateurs. Si vous avez des questions, des pr\u00e9occupations ou des commentaires, n&#039;h\u00e9sitez pas \u00e0 nous contacter. Nous appr\u00e9cions vos commentaires et nous nous engageons \u00e0 faire d&#039;Omegle une plateforme amusante, s\u00fbre et attrayante pour tous.<\/p><p style=\"text-align: center;\"><strong>Merci de faire partie de la communaut\u00e9 Omegle\u00a0!<\/strong><\/p>\t\t\t\t\t\t\t\t<\/div>\n\t\t\t\t<\/div>\n\t\t\t\t\t<\/div>\n\t\t<\/div>\n\t\t\t\t\t<\/div>\n\t\t<\/section>\n\t\t\t\t<section class=\"elementor-section elementor-top-section elementor-element elementor-element-aa10ce8 elementor-section-boxed elementor-section-height-default elementor-section-height-default\" data-id=\"aa10ce8\" data-element_type=\"section\">\n\t\t\t\t\t\t<div class=\"elementor-container elementor-column-gap-default\">\n\t\t\t\t\t<div class=\"elementor-column elementor-col-100 elementor-top-column elementor-element elementor-element-91e8331\" data-id=\"91e8331\" data-element_type=\"column\">\n\t\t\t<div class=\"elementor-widget-wrap elementor-element-populated\">\n\t\t\t\t\t\t<div class=\"elementor-element elementor-element-571112c elementor-button-align-stretch elementor-widget elementor-widget-form\" data-id=\"571112c\" data-element_type=\"widget\" data-settings=\"{&quot;step_next_label&quot;:&quot;Next&quot;,&quot;step_previous_label&quot;:&quot;Previous&quot;,&quot;button_width&quot;:&quot;100&quot;,&quot;step_type&quot;:&quot;number_text&quot;,&quot;step_icon_shape&quot;:&quot;circle&quot;}\" data-widget_type=\"form.default\">\n\t\t\t\t<div class=\"elementor-widget-container\">\n\t\t\t\t\t\t\t<form class=\"elementor-form\" method=\"post\" name=\"New Form\" action=\"\">\n\t\t\t<input type=\"hidden\" name=\"post_id\" value=\"9\"\/>\n\t\t\t<input type=\"hidden\" name=\"form_id\" value=\"571112c\"\/>\n\t\t\t<input type=\"hidden\" name=\"referer_title\" value=\"Omegle &#8211; Talk to Strangers\" \/>\n\n\t\t\t\n\t\t\t<div class=\"elementor-form-fields-wrapper elementor-labels-above\">\n\t\t\t\t\t\t\t\t<div class=\"elementor-field-type-text elementor-field-group elementor-column elementor-field-group-name elementor-col-100\">\n\t\t\t\t\t\t\t\t\t\t\t\t<label for=\"form-field-name\" class=\"elementor-field-label\">\n\t\t\t\t\t\t\t\tNom\t\t\t\t\t\t\t<\/label>\n\t\t\t\t\t\t\t\t\t\t\t\t\t\t<input size=\"1\" type=\"text\" name=\"form_fields[name]\" id=\"form-field-name\" class=\"elementor-field elementor-size-sm  elementor-field-textual\" placeholder=\"Nom\">\n\t\t\t\t\t\t\t\t\t\t\t<\/div>\n\t\t\t\t\t\t\t\t<div class=\"elementor-field-type-email elementor-field-group elementor-column elementor-field-group-email elementor-col-100 elementor-field-required elementor-mark-required\">\n\t\t\t\t\t\t\t\t\t\t\t\t<label for=\"form-field-email\" class=\"elementor-field-label\">\n\t\t\t\t\t\t\t\tE-mail\t\t\t\t\t\t\t<\/label>\n\t\t\t\t\t\t\t\t\t\t\t\t\t\t<input size=\"1\" type=\"email\" name=\"form_fields[email]\" id=\"form-field-email\" class=\"elementor-field elementor-size-sm  elementor-field-textual\" placeholder=\"E-mail\" required=\"required\">\n\t\t\t\t\t\t\t\t\t\t\t<\/div>\n\t\t\t\t\t\t\t\t<div class=\"elementor-field-type-textarea elementor-field-group elementor-column elementor-field-group-message elementor-col-100\">\n\t\t\t\t\t\t\t\t\t\t\t\t<label for=\"form-field-message\" class=\"elementor-field-label\">\n\t\t\t\t\t\t\t\tMessage\t\t\t\t\t\t\t<\/label>\n\t\t\t\t\t\t<textarea class=\"elementor-field-textual elementor-field  elementor-size-sm\" name=\"form_fields[message]\" id=\"form-field-message\" rows=\"4\" placeholder=\"Message\"><\/textarea>\t\t\t\t<\/div>\n\t\t\t\t\t\t\t\t<div class=\"elementor-field-group elementor-column elementor-field-type-submit elementor-col-100 e-form__buttons\">\n\t\t\t\t\t<button class=\"elementor-button elementor-size-sm\" type=\"submit\">\n\t\t\t\t\t\t<span class=\"elementor-button-content-wrapper\">\n\t\t\t\t\t\t\t\t\t\t\t\t\t\t\t\t\t\t\t\t\t\t<span class=\"elementor-button-text\">Envoyer<\/span>\n\t\t\t\t\t\t\t\t\t\t\t\t\t<\/span>\n\t\t\t\t\t<\/button>\n\t\t\t\t<\/div>\n\t\t\t<\/div>\n\t\t<input type=\"hidden\" name=\"trp-form-language\" value=\"fr\"\/><\/form>\n\t\t\t\t\t\t<\/div>\n\t\t\t\t<\/div>\n\t\t\t\t\t<\/div>\n\t\t<\/div>\n\t\t\t\t\t<\/div>\n\t\t<\/section>\n\t\t\t\t<\/div>","protected":false},"excerpt":{"rendered":"<p>Chez Omegle, nous avons \u00e0 c\u0153ur de connecter des personnes du monde entier et de proposer une plateforme unique pour des exp\u00e9riences de chat vid\u00e9o al\u00e9atoires. Afin de maintenir un environnement positif et engageant, nous encourageons nos utilisateurs \u00e0 rester en contact avec nous, \u00e0 signaler tout probl\u00e8me ou pr\u00e9occupation et \u00e0 partager leurs exp\u00e9riences. Cet article sert de guide pour [\u2026]<\/p>","protected":false},"author":1,"featured_media":0,"parent":0,"menu_order":0,"comment_status":"closed","ping_status":"closed","template":"","meta":{"footnotes":""},"class_list":["post-9","page","type-page","status-publish","hentry"],"yoast_head":"<!-- This site is optimized with the Yoast SEO Premium plugin v21.5 (Yoast SEO v21.5) - https:\/\/yoast.com\/wordpress\/plugins\/seo\/ -->\n<title>Contact - Omegle - Talk to Strangers<\/title>\n<meta name=\"robots\" content=\"index, follow, max-snippet:-1, max-image-preview:large, max-video-preview:-1\" \/>\n<link rel=\"canonical\" href=\"https:\/\/omegle.to\/fr\/contact\/\" \/>\n<meta property=\"og:locale\" content=\"fr_FR\" \/>\n<meta property=\"og:type\" content=\"article\" \/>\n<meta property=\"og:title\" content=\"Contact\" \/>\n<meta property=\"og:description\" content=\"At Omegle, we&#8217;re passionate about connecting people from around the world and providing a unique platform for random video chat experiences. In order to maintain a positive and engaging environment, we encourage our users to stay connected with us, report any issues or concerns, and share their experiences. This post serves as a guide for [&hellip;]\" \/>\n<meta property=\"og:url\" content=\"https:\/\/omegle.to\/fr\/contact\/\" \/>\n<meta property=\"og:site_name\" content=\"Omegle - Talk to Strangers\" \/>\n<meta property=\"article:modified_time\" content=\"2023-04-30T08:20:06+00:00\" \/>\n<meta name=\"twitter:card\" content=\"summary_large_image\" \/>\n<script type=\"application\/ld+json\" class=\"yoast-schema-graph\">{\"@context\":\"https:\/\/schema.org\",\"@graph\":[{\"@type\":\"WebPage\",\"@id\":\"https:\/\/omegle.to\/contact\/\",\"url\":\"https:\/\/omegle.to\/contact\/\",\"name\":\"Contact - Omegle - Talk to Strangers\",\"isPartOf\":{\"@id\":\"https:\/\/omegle.to\/#website\"},\"datePublished\":\"2021-11-22T17:12:55+00:00\",\"dateModified\":\"2023-04-30T08:20:06+00:00\",\"breadcrumb\":{\"@id\":\"https:\/\/omegle.to\/contact\/#breadcrumb\"},\"inLanguage\":\"fr-FR\",\"potentialAction\":[{\"@type\":\"ReadAction\",\"target\":[\"https:\/\/omegle.to\/contact\/\"]}]},{\"@type\":\"BreadcrumbList\",\"@id\":\"https:\/\/omegle.to\/contact\/#breadcrumb\",\"itemListElement\":[{\"@type\":\"ListItem\",\"position\":1,\"name\":\"Home\",\"item\":\"https:\/\/omegle.to\/\"},{\"@type\":\"ListItem\",\"position\":2,\"name\":\"Contact\"}]},{\"@type\":\"WebSite\",\"@id\":\"https:\/\/omegle.to\/#website\",\"url\":\"https:\/\/omegle.to\/\",\"name\":\"Omegle - Talk to Strangers\",\"description\":\"Random Video Chat\",\"publisher\":{\"@id\":\"https:\/\/omegle.to\/#organization\"},\"potentialAction\":[{\"@type\":\"SearchAction\",\"target\":{\"@type\":\"EntryPoint\",\"urlTemplate\":\"https:\/\/omegle.to\/?s={search_term_string}\"},\"query-input\":\"required name=search_term_string\"}],\"inLanguage\":\"fr-FR\"},{\"@type\":\"Organization\",\"@id\":\"https:\/\/omegle.to\/#organization\",\"name\":\"Omegle - Talk to Strangers\",\"url\":\"https:\/\/omegle.to\/\",\"logo\":{\"@type\":\"ImageObject\",\"inLanguage\":\"fr-FR\",\"@id\":\"https:\/\/omegle.to\/#\/schema\/logo\/image\/\",\"url\":\"https:\/\/omegle.to\/wp-content\/uploads\/2021\/12\/omegle-omegle.to_.jpg\",\"contentUrl\":\"https:\/\/omegle.to\/wp-content\/uploads\/2021\/12\/omegle-omegle.to_.jpg\",\"width\":1024,\"height\":820,\"caption\":\"Omegle - Talk to Strangers\"},\"image\":{\"@id\":\"https:\/\/omegle.to\/#\/schema\/logo\/image\/\"}}]}<\/script>\n<!-- \/ Yoast SEO Premium plugin. -->","yoast_head_json":{"title":"Contact - Omegle - Talk to Strangers","robots":{"index":"index","follow":"follow","max-snippet":"max-snippet:-1","max-image-preview":"max-image-preview:large","max-video-preview":"max-video-preview:-1"},"canonical":"https:\/\/omegle.to\/fr\/contact\/","og_locale":"fr_FR","og_type":"article","og_title":"Contact","og_description":"At Omegle, we&#8217;re passionate about connecting people from around the world and providing a unique platform for random video chat experiences. In order to maintain a positive and engaging environment, we encourage our users to stay connected with us, report any issues or concerns, and share their experiences. This post serves as a guide for [&hellip;]","og_url":"https:\/\/omegle.to\/fr\/contact\/","og_site_name":"Omegle - Talk to Strangers","article_modified_time":"2023-04-30T08:20:06+00:00","twitter_card":"summary_large_image","schema":{"@context":"https:\/\/schema.org","@graph":[{"@type":"WebPage","@id":"https:\/\/omegle.to\/contact\/","url":"https:\/\/omegle.to\/contact\/","name":"Contact - Omegle - Talk to Strangers","isPartOf":{"@id":"https:\/\/omegle.to\/#website"},"datePublished":"2021-11-22T17:12:55+00:00","dateModified":"2023-04-30T08:20:06+00:00","breadcrumb":{"@id":"https:\/\/omegle.to\/contact\/#breadcrumb"},"inLanguage":"fr-FR","potentialAction":[{"@type":"ReadAction","target":["https:\/\/omegle.to\/contact\/"]}]},{"@type":"BreadcrumbList","@id":"https:\/\/omegle.to\/contact\/#breadcrumb","itemListElement":[{"@type":"ListItem","position":1,"name":"Home","item":"https:\/\/omegle.to\/"},{"@type":"ListItem","position":2,"name":"Contact"}]},{"@type":"WebSite","@id":"https:\/\/omegle.to\/#website","url":"https:\/\/omegle.to\/","name":"Omegle - Talk to Strangers","description":"Random Video Chat","publisher":{"@id":"https:\/\/omegle.to\/#organization"},"potentialAction":[{"@type":"SearchAction","target":{"@type":"EntryPoint","urlTemplate":"https:\/\/omegle.to\/?s={search_term_string}"},"query-input":"required name=search_term_string"}],"inLanguage":"fr-FR"},{"@type":"Organization","@id":"https:\/\/omegle.to\/#organization","name":"Omegle - Talk to Strangers","url":"https:\/\/omegle.to\/","logo":{"@type":"ImageObject","inLanguage":"fr-FR","@id":"https:\/\/omegle.to\/#\/schema\/logo\/image\/","url":"https:\/\/omegle.to\/wp-content\/uploads\/2021\/12\/omegle-omegle.to_.jpg","contentUrl":"https:\/\/omegle.to\/wp-content\/uploads\/2021\/12\/omegle-omegle.to_.jpg","width":1024,"height":820,"caption":"Omegle - Talk to Strangers"},"image":{"@id":"https:\/\/omegle.to\/#\/schema\/logo\/image\/"}}]}},"_links":{"self":[{"href":"https:\/\/omegle.to\/fr\/wp-json\/wp\/v2\/pages\/9","targetHints":{"allow":["GET"]}}],"collection":[{"href":"https:\/\/omegle.to\/fr\/wp-json\/wp\/v2\/pages"}],"about":[{"href":"https:\/\/omegle.to\/fr\/wp-json\/wp\/v2\/types\/page"}],"author":[{"embeddable":true,"href":"https:\/\/omegle.to\/fr\/wp-json\/wp\/v2\/users\/1"}],"replies":[{"embeddable":true,"href":"https:\/\/omegle.to\/fr\/wp-json\/wp\/v2\/comments?post=9"}],"version-history":[{"count":5,"href":"https:\/\/omegle.to\/fr\/wp-json\/wp\/v2\/pages\/9\/revisions"}],"predecessor-version":[{"id":1829,"href":"https:\/\/omegle.to\/fr\/wp-json\/wp\/v2\/pages\/9\/revisions\/1829"}],"wp:attachment":[{"href":"https:\/\/omegle.to\/fr\/wp-json\/wp\/v2\/media?parent=9"}],"curies":[{"name":"wp","href":"https:\/\/api.w.org\/{rel}","templated":true}]}}