{"id":2028,"date":"2025-01-16T22:32:50","date_gmt":"2025-01-16T20:32:50","guid":{"rendered":"https:\/\/omegle.to\/?page_id=2028"},"modified":"2025-01-16T22:34:57","modified_gmt":"2025-01-16T20:34:57","slug":"uhmegle","status":"publish","type":"page","link":"https:\/\/omegle.to\/fr\/euh\/","title":{"rendered":"Uhmegle"},"content":{"rendered":"<h2 style=\"text-align: center;\">Pourquoi choisir Uhmegle?<\/h2>\n<p>Vous avez envie d&#039;une fa\u00e7on excitante de participer \u00e0 des interactions vid\u00e9o en direct en t\u00eate-\u00e0-t\u00eate ? Uhmegle est une alternative \u00e0 Omegle qui r\u00e9invente le chat al\u00e9atoire en associant exclusivement des hommes \u00e0 des femmes et des femmes \u00e0 des hommes. Ce syst\u00e8me personnalis\u00e9 garantit que chaque connexion soit nouvelle, divertissante et parfaitement adapt\u00e9e \u00e0 vos pr\u00e9f\u00e9rences personnelles.<\/p>\n<h3 style=\"text-align: center;\">Uhmegle : votre alternative \u00e0 Omegle pour des matchs vid\u00e9o rapides et al\u00e9atoires<\/h3>\n<p>Vous cherchez une conversation priv\u00e9e avec un nouveau visage en moins de 10 secondes ? Ne cherchez pas plus loin que Uhmegle, votre alternative fiable \u00e0 Omegle. Notre technologie simplifi\u00e9e garantit que les hommes correspondent toujours aux femmes et que les femmes correspondent toujours aux hommes, sans exception. Si vous ne vous sentez pas dans l&#039;ambiance, appuyez simplement sur \u00ab Suivant \u00bb pour une nouvelle rencontre instantan\u00e9e. Que votre objectif soit de discuter de mani\u00e8re d\u00e9contract\u00e9e ou de susciter une amiti\u00e9 durable, Uhmegle transforme la connexion avec des personnes du monde entier en une exp\u00e9rience fluide et agr\u00e9able.<\/p>\n<h3 style=\"text-align: center;\">Une alternative exceptionnelle \u00e0 Omegle pour des connexions rapides et intuitives<\/h3>\n<p>Parmi les diff\u00e9rentes plateformes disponibles, Uhmegle se distingue v\u00e9ritablement comme une alternative de premier ordre \u00e0 Omegle pour ceux qui recherchent des connexions rapides et al\u00e9atoires dans un environnement convivial. Gr\u00e2ce \u00e0 son interface minimaliste et intuitive, vous pouvez vous lancer dans une conversation vid\u00e9o en quelques secondes seulement, sans perdre de temps sur des configurations compliqu\u00e9es ou un d\u00e9filement sans fin. Vous \u00eates curieux de conna\u00eetre la culture de quelqu&#039;un d&#039;autre, vous avez envie de partager un fou rire ou vous esp\u00e9rez vous engager dans une plaisanterie rapide ? Uhmegle \u00e9limine les incertitudes en vous mettant en relation avec des personnes d&#039;horizons divers, garantissant ainsi une exp\u00e9rience \u00e0 la fois exaltante et sans soucis.<\/p>\n<p>Au-del\u00e0 de la simple commodit\u00e9, **Uhmegle, votre alternative de confiance \u00e0 Omegle**, am\u00e9liore chaque rencontre avec des fonctionnalit\u00e9s exceptionnelles telles que le jumelage exclusif bas\u00e9 sur le sexe et la traduction en temps r\u00e9el. Cette combinaison r\u00e9fl\u00e9chie rend chaque session vid\u00e9o fra\u00eeche, unique et orient\u00e9e vers la recherche de la correspondance parfaite en un temps record. Plongez dans des connexions spontan\u00e9es et g\u00e9n\u00e9r\u00e9es al\u00e9atoirement, comblez les divisions linguistiques et cultivez des amiti\u00e9s dans le monde entier en un seul clic.<\/p>\n<h3 style=\"text-align: center;\">Rencontres exclusives pour hommes et femmes sur Uhmegle, l&#039;alternative d\u00e9finitive \u00e0 Omegle<\/h3>\n<p>Vous vous sentez d\u00e9\u00e7u par des rencontres inadapt\u00e9es ou sans int\u00e9r\u00eat ? Uhmegle, l&#039;alternative \u00e0 Omegle, s&#039;attaque \u00e0 ce dilemme en garantissant que les hommes ne rencontrent que des femmes et que les femmes ne rencontrent que des hommes, garantissant ainsi un environnement plus authentique et sans frustration.<\/p>\n<p>Au lieu de naviguer dans un m\u00e9lange al\u00e9atoire d&#039;utilisateurs, Uhmegle s&#039;appuie sur un algorithme sp\u00e9cialis\u00e9 qui pr\u00e9serve cette dynamique exclusive homme-femme et femme-homme. Le r\u00e9sultat ? Un espace plus personnalis\u00e9 o\u00f9 les interactions significatives s&#039;\u00e9panouissent, sans perte de temps ni conversations ind\u00e9sirables.<\/p>\n<p>Et il ne s&#039;agit pas seulement d&#039;une correspondance pr\u00e9cise : Uhmegle, l&#039;alternative \u00e0 Omegle, excelle \u00e9galement dans la fourniture d&#039;un parcours utilisateur fluide du d\u00e9but \u00e0 la fin. En seulement quelques clics, vous pouvez entrer en contact avec des personnes du monde entier qui partagent votre int\u00e9r\u00eat pour les conversations avec le sexe oppos\u00e9. En \u00e9liminant les incertitudes de l&#039;\u00e9quation, Uhmegle met en avant la v\u00e9ritable satisfaction des utilisateurs, rendant votre qu\u00eate de nouveaux amis ou de conversations informelles plus fluide et plus agr\u00e9able que jamais.<\/p>\n<h3 style=\"text-align: center;\">Brisez les barri\u00e8res linguistiques avec Uhmegle<\/h3>\n<p>Uhmegle, l&#039;alternative \u00e0 Omegle, couvre plus de 100 pays et garantit que les diff\u00e9rences linguistiques ne deviennent jamais un obstacle. Notre fonction de traduction en temps r\u00e9el de pointe interpr\u00e8te automatiquement les messages dans la langue de votre choix (et vice versa), vous permettant de communiquer avec n&#039;importe qui, n&#039;importe o\u00f9, sans perdre le rythme.<\/p>\n<p>Gr\u00e2ce \u00e0 cette fonctionnalit\u00e9 de traduction innovante, Uhmegle, l&#039;alternative \u00e0 Omegle, vous permet de discuter librement avec des personnes de tous les coins de la plan\u00e8te. Qu&#039;elles parlent fran\u00e7ais, espagnol, mandarin ou toute autre langue prise en charge, votre conversation reste captivante et imm\u00e9diate. Cela permet non seulement d&#039;\u00e9liminer les retards g\u00eanants ou les malentendus, mais vous donne \u00e9galement la libert\u00e9 de vous concentrer sur l&#039;\u00e9tablissement de v\u00e9ritables relations.<\/p>\n<p>De plus, choisir Uhmegle comme alternative \u00e0 Omegle encourage une plus grande sensibilisation et appr\u00e9ciation culturelle. Chaque conversation peut r\u00e9v\u00e9ler de nouvelles traditions, valeurs ou coutumes, \u00e9largissant votre vision du monde une conversation \u00e0 la fois. En permettant aux participants de s&#039;exprimer sans barri\u00e8res linguistiques, la traduction en temps r\u00e9el favorise des liens sinc\u00e8res qui peuvent conduire \u00e0 des amiti\u00e9s internationales durables. Ce m\u00e9lange de technologie de pointe et d&#039;immersion culturelle est pr\u00e9cis\u00e9ment ce qui place Uhmegle dans une cat\u00e9gorie \u00e0 part, permettant un v\u00e9ritable dialogue mondial.<\/p>\n<h3 style=\"text-align: center;\">Une communaut\u00e9 mondiale de plus d&#039;un million de membres sur Uhmegle<\/h3>\n<p>En choisissant Uhmegle, l&#039;alternative ultime \u00e0 Omegle, rejoignez un r\u00e9seau dynamique et en constante croissance qui compte plus d&#039;un million de membres dans plus de 100 pays. Plongez dans des \u00e9changes culturels riches, tissez des liens \u00e0 travers le monde et participez \u00e0 des discussions captivantes, le tout depuis le confort de votre propre appareil.<\/p>\n<p>En tant qu&#039;alternative de premier plan \u00e0 Omegle, Uhmegle compte plus d&#039;un million d&#039;utilisateurs r\u00e9partis dans plus de 100 pays. Ce m\u00e9lange d&#039;horizons et de perspectives vous promet de toujours rencontrer quelqu&#039;un de nouveau, quelqu&#039;un qui peut \u00e9largir votre vision des choses, vous pr\u00e9senter de nouvelles id\u00e9es et peut-\u00eatre devenir un compagnon proche. Quel que soit votre emplacement, Uhmegle vous permet de trouver facilement des personnes pr\u00eates \u00e0 nouer des liens plus profonds, cr\u00e9ant ainsi des rencontres m\u00e9morables qui transcendent les fronti\u00e8res.<\/p>\n<p>Ce qui distingue vraiment Uhmegle des autres alternatives \u00e0 Omegle, c&#039;est l&#039;ambiance chaleureuse qu&#039;il offre \u00e0 tous. Gr\u00e2ce \u00e0 la traduction en temps r\u00e9el et \u00e0 une interface simple, vous pouvez facilement interagir avec des personnes qui parlent diff\u00e9rentes langues, ouvrant ainsi la voie \u00e0 des interactions significatives sans limites g\u00e9ographiques ou linguistiques. En d\u00e9fendant la diversit\u00e9, Uhmegle relie un public mondial d&#039;utilisateurs, ouvrant ainsi une infinit\u00e9 d&#039;opportunit\u00e9s d&#039;exploration culturelle et de connexions authentiques.<\/p>\n<h3 style=\"text-align: center;\">Essayez Uhmegle maintenant, sans inscription : l&#039;alternative \u00e0 Omegle \u00e0 port\u00e9e de main<\/h3>\n<p>Vous \u00eates curieux d&#039;y jeter un \u0153il ? S\u00e9lectionnez simplement votre sexe, cliquez sur \u00ab\u00a0Commencer la recherche\u00a0\u00bb et plongez dans une conversation vid\u00e9o priv\u00e9e avec un partenaire al\u00e9atoire sur Uhmegle, l&#039;alternative exceptionnelle \u00e0 Omegle. Sans inscription requise, c&#039;est l&#039;un des moyens les plus rapides de rencontrer de nouveaux visages dans le monde entier.<\/p>\n<p>Savourez le frisson des liens spontan\u00e9s et spontan\u00e9s sur Uhmegle, l&#039;alternative \u00e0 Omegle qui vous met en relation en un instant avec des personnes fascinantes. Laissez libre cours \u00e0 vos conversations et d\u00e9couvrez o\u00f9 votre prochaine aventure en ligne vous m\u00e8nera !<\/p>","protected":false},"excerpt":{"rendered":"<p>Pourquoi choisir Uhmegle\u00a0? Envie d&#039;une exp\u00e9rience palpitante pour des interactions vid\u00e9o individuelles en direct\u00a0? Uhmegle est une alternative \u00e0 Omegle qui r\u00e9invente le chat al\u00e9atoire en associant exclusivement des hommes \u00e0 des femmes, et inversement. Ce syst\u00e8me sur mesure garantit que chaque connexion soit originale, divertissante et parfaitement adapt\u00e9e \u00e0 vos pr\u00e9f\u00e9rences. Uhmegle\u00a0: votre alternative \u00e0 Omegle pour [\u2026]<\/p>","protected":false},"author":2,"featured_media":2030,"parent":0,"menu_order":0,"comment_status":"closed","ping_status":"closed","template":"","meta":{"footnotes":""},"class_list":["post-2028","page","type-page","status-publish","has-post-thumbnail","hentry"],"yoast_head":"<!-- This site is optimized with the Yoast SEO Premium plugin v21.5 (Yoast SEO v21.5) - https:\/\/yoast.com\/wordpress\/plugins\/seo\/ -->\n<title>Uhmegle - Omegle Alternative for Video Chat<\/title>\n<meta name=\"description\" content=\"Discover Uhmegle\u2014the Omegle Alternative for exclusive video chats. No signup, private &amp; instant. Try it now, free Connect instantly\" \/>\n<meta name=\"robots\" content=\"index, follow, max-snippet:-1, max-image-preview:large, max-video-preview:-1\" \/>\n<link rel=\"canonical\" href=\"https:\/\/omegle.to\/fr\/euh\/\" \/>\n<meta property=\"og:locale\" content=\"fr_FR\" \/>\n<meta property=\"og:type\" content=\"article\" \/>\n<meta property=\"og:title\" content=\"Uhmegle\" \/>\n<meta property=\"og:description\" content=\"Discover Uhmegle\u2014the Omegle Alternative for exclusive video chats. No signup, private &amp; instant. Try it now, free Connect instantly\" \/>\n<meta property=\"og:url\" content=\"https:\/\/omegle.to\/fr\/euh\/\" \/>\n<meta property=\"og:site_name\" content=\"Omegle - Talk to Strangers\" \/>\n<meta property=\"article:modified_time\" content=\"2025-01-16T20:34:57+00:00\" \/>\n<meta property=\"og:image\" content=\"https:\/\/omegle.to\/wp-content\/uploads\/2025\/01\/uhmegle.jpeg\" \/>\n\t<meta property=\"og:image:width\" content=\"450\" \/>\n\t<meta property=\"og:image:height\" content=\"450\" \/>\n\t<meta property=\"og:image:type\" content=\"image\/jpeg\" \/>\n<meta name=\"twitter:card\" content=\"summary_large_image\" \/>\n<meta name=\"twitter:label1\" content=\"Dur\u00e9e de lecture estim\u00e9e\" \/>\n\t<meta name=\"twitter:data1\" content=\"5 minutes\" \/>\n<script type=\"application\/ld+json\" class=\"yoast-schema-graph\">{\"@context\":\"https:\/\/schema.org\",\"@graph\":[{\"@type\":\"WebPage\",\"@id\":\"https:\/\/omegle.to\/uhmegle\/\",\"url\":\"https:\/\/omegle.to\/uhmegle\/\",\"name\":\"Uhmegle - Omegle Alternative for Video Chat\",\"isPartOf\":{\"@id\":\"https:\/\/omegle.to\/#website\"},\"datePublished\":\"2025-01-16T20:32:50+00:00\",\"dateModified\":\"2025-01-16T20:34:57+00:00\",\"description\":\"Discover Uhmegle\u2014the Omegle Alternative for exclusive video chats. No signup, private & instant. Try it now, free Connect instantly\",\"breadcrumb\":{\"@id\":\"https:\/\/omegle.to\/uhmegle\/#breadcrumb\"},\"inLanguage\":\"fr-FR\",\"potentialAction\":[{\"@type\":\"ReadAction\",\"target\":[\"https:\/\/omegle.to\/uhmegle\/\"]}]},{\"@type\":\"BreadcrumbList\",\"@id\":\"https:\/\/omegle.to\/uhmegle\/#breadcrumb\",\"itemListElement\":[{\"@type\":\"ListItem\",\"position\":1,\"name\":\"Home\",\"item\":\"https:\/\/omegle.to\/\"},{\"@type\":\"ListItem\",\"position\":2,\"name\":\"Uhmegle\"}]},{\"@type\":\"WebSite\",\"@id\":\"https:\/\/omegle.to\/#website\",\"url\":\"https:\/\/omegle.to\/\",\"name\":\"Omegle - Talk to Strangers\",\"description\":\"Random Video Chat\",\"publisher\":{\"@id\":\"https:\/\/omegle.to\/#organization\"},\"potentialAction\":[{\"@type\":\"SearchAction\",\"target\":{\"@type\":\"EntryPoint\",\"urlTemplate\":\"https:\/\/omegle.to\/?s={search_term_string}\"},\"query-input\":\"required name=search_term_string\"}],\"inLanguage\":\"fr-FR\"},{\"@type\":\"Organization\",\"@id\":\"https:\/\/omegle.to\/#organization\",\"name\":\"Omegle - Talk to Strangers\",\"url\":\"https:\/\/omegle.to\/\",\"logo\":{\"@type\":\"ImageObject\",\"inLanguage\":\"fr-FR\",\"@id\":\"https:\/\/omegle.to\/#\/schema\/logo\/image\/\",\"url\":\"https:\/\/omegle.to\/wp-content\/uploads\/2021\/12\/omegle-omegle.to_.jpg\",\"contentUrl\":\"https:\/\/omegle.to\/wp-content\/uploads\/2021\/12\/omegle-omegle.to_.jpg\",\"width\":1024,\"height\":820,\"caption\":\"Omegle - Talk to Strangers\"},\"image\":{\"@id\":\"https:\/\/omegle.to\/#\/schema\/logo\/image\/\"}}]}<\/script>\n<!-- \/ Yoast SEO Premium plugin. -->","yoast_head_json":{"title":"Uhmegle - Omegle Alternative for Video Chat","description":"Discover Uhmegle\u2014the Omegle Alternative for exclusive video chats. No signup, private & instant. Try it now, free Connect instantly","robots":{"index":"index","follow":"follow","max-snippet":"max-snippet:-1","max-image-preview":"max-image-preview:large","max-video-preview":"max-video-preview:-1"},"canonical":"https:\/\/omegle.to\/fr\/euh\/","og_locale":"fr_FR","og_type":"article","og_title":"Uhmegle","og_description":"Discover Uhmegle\u2014the Omegle Alternative for exclusive video chats. No signup, private & instant. Try it now, free Connect instantly","og_url":"https:\/\/omegle.to\/fr\/euh\/","og_site_name":"Omegle - Talk to Strangers","article_modified_time":"2025-01-16T20:34:57+00:00","og_image":[{"width":450,"height":450,"url":"https:\/\/omegle.to\/wp-content\/uploads\/2025\/01\/uhmegle.jpeg","type":"image\/jpeg"}],"twitter_card":"summary_large_image","twitter_misc":{"Dur\u00e9e de lecture estim\u00e9e":"5 minutes"},"schema":{"@context":"https:\/\/schema.org","@graph":[{"@type":"WebPage","@id":"https:\/\/omegle.to\/uhmegle\/","url":"https:\/\/omegle.to\/uhmegle\/","name":"Uhmegle - Omegle Alternative for Video Chat","isPartOf":{"@id":"https:\/\/omegle.to\/#website"},"datePublished":"2025-01-16T20:32:50+00:00","dateModified":"2025-01-16T20:34:57+00:00","description":"Discover Uhmegle\u2014the Omegle Alternative for exclusive video chats. No signup, private & instant. Try it now, free Connect instantly","breadcrumb":{"@id":"https:\/\/omegle.to\/uhmegle\/#breadcrumb"},"inLanguage":"fr-FR","potentialAction":[{"@type":"ReadAction","target":["https:\/\/omegle.to\/uhmegle\/"]}]},{"@type":"BreadcrumbList","@id":"https:\/\/omegle.to\/uhmegle\/#breadcrumb","itemListElement":[{"@type":"ListItem","position":1,"name":"Home","item":"https:\/\/omegle.to\/"},{"@type":"ListItem","position":2,"name":"Uhmegle"}]},{"@type":"WebSite","@id":"https:\/\/omegle.to\/#website","url":"https:\/\/omegle.to\/","name":"Omegle - Talk to Strangers","description":"Random Video Chat","publisher":{"@id":"https:\/\/omegle.to\/#organization"},"potentialAction":[{"@type":"SearchAction","target":{"@type":"EntryPoint","urlTemplate":"https:\/\/omegle.to\/?s={search_term_string}"},"query-input":"required name=search_term_string"}],"inLanguage":"fr-FR"},{"@type":"Organization","@id":"https:\/\/omegle.to\/#organization","name":"Omegle - Talk to Strangers","url":"https:\/\/omegle.to\/","logo":{"@type":"ImageObject","inLanguage":"fr-FR","@id":"https:\/\/omegle.to\/#\/schema\/logo\/image\/","url":"https:\/\/omegle.to\/wp-content\/uploads\/2021\/12\/omegle-omegle.to_.jpg","contentUrl":"https:\/\/omegle.to\/wp-content\/uploads\/2021\/12\/omegle-omegle.to_.jpg","width":1024,"height":820,"caption":"Omegle - Talk to Strangers"},"image":{"@id":"https:\/\/omegle.to\/#\/schema\/logo\/image\/"}}]}},"_links":{"self":[{"href":"https:\/\/omegle.to\/fr\/wp-json\/wp\/v2\/pages\/2028","targetHints":{"allow":["GET"]}}],"collection":[{"href":"https:\/\/omegle.to\/fr\/wp-json\/wp\/v2\/pages"}],"about":[{"href":"https:\/\/omegle.to\/fr\/wp-json\/wp\/v2\/types\/page"}],"author":[{"embeddable":true,"href":"https:\/\/omegle.to\/fr\/wp-json\/wp\/v2\/users\/2"}],"replies":[{"embeddable":true,"href":"https:\/\/omegle.to\/fr\/wp-json\/wp\/v2\/comments?post=2028"}],"version-history":[{"count":1,"href":"https:\/\/omegle.to\/fr\/wp-json\/wp\/v2\/pages\/2028\/revisions"}],"predecessor-version":[{"id":2031,"href":"https:\/\/omegle.to\/fr\/wp-json\/wp\/v2\/pages\/2028\/revisions\/2031"}],"wp:featuredmedia":[{"embeddable":true,"href":"https:\/\/omegle.to\/fr\/wp-json\/wp\/v2\/media\/2030"}],"wp:attachment":[{"href":"https:\/\/omegle.to\/fr\/wp-json\/wp\/v2\/media?parent=2028"}],"curies":[{"name":"wp","href":"https:\/\/api.w.org\/{rel}","templated":true}]}}