{"id":1758,"date":"2023-04-29T21:40:17","date_gmt":"2023-04-29T19:40:17","guid":{"rendered":"https:\/\/omegle.to\/?page_id=1758"},"modified":"2023-05-04T15:10:22","modified_gmt":"2023-05-04T13:10:22","slug":"download","status":"publish","type":"page","link":"https:\/\/omegle.to\/fr\/telecharger\/","title":{"rendered":"T\u00e9l\u00e9charger"},"content":{"rendered":"<div data-elementor-type=\"wp-page\" data-elementor-id=\"1758\" class=\"elementor elementor-1758\" data-elementor-post-type=\"page\">\n\t\t\t\t\t\t<section class=\"elementor-section elementor-top-section elementor-element elementor-element-f6ed831 elementor-section-boxed elementor-section-height-default elementor-section-height-default\" data-id=\"f6ed831\" data-element_type=\"section\">\n\t\t\t\t\t\t<div class=\"elementor-container elementor-column-gap-default\">\n\t\t\t\t\t<div class=\"elementor-column elementor-col-100 elementor-top-column elementor-element elementor-element-ad845e3\" data-id=\"ad845e3\" data-element_type=\"column\">\n\t\t\t<div class=\"elementor-widget-wrap elementor-element-populated\">\n\t\t\t\t\t\t<div class=\"elementor-element elementor-element-82ae33b elementor-widget elementor-widget-html\" data-id=\"82ae33b\" data-element_type=\"widget\" data-widget_type=\"html.default\">\n\t\t\t\t<div class=\"elementor-widget-container\">\n\t\t\t\t\t<center>\n<div id=\"coomeet_container\">\n\t<script type=\"text\/javascript\">\n\t\tvar _coomeet = [];\n\t\t_coomeet['PartnerId'] = 16279166220068;\n\t\t_coomeet['ChannelName'] = 'omegleto';\n\t\t(function() {\n\t\t\tvar coomeet = document.createElement('script'); coomeet.type = 'text\/javascript'; coomeet.async = true;\n\t\t\tcoomeet.src = 'https:\/\/iframe.coomeet.me\/js\/code.js';\n\t\t\tvar s = document.getElementsByTagName('script')[0]; s.parentNode.insertBefore(coomeet, s);\n\t\t})();\n\t<\/script>\n<\/div>\n<\/center>\t\t\t\t<\/div>\n\t\t\t\t<\/div>\n\t\t\t\t\t<\/div>\n\t\t<\/div>\n\t\t\t\t\t<\/div>\n\t\t<\/section>\n\t\t\t\t<section class=\"elementor-section elementor-top-section elementor-element elementor-element-12570e6 elementor-section-boxed elementor-section-height-default elementor-section-height-default\" data-id=\"12570e6\" data-element_type=\"section\">\n\t\t\t\t\t\t<div class=\"elementor-container elementor-column-gap-default\">\n\t\t\t\t\t<div class=\"elementor-column elementor-col-100 elementor-top-column elementor-element elementor-element-a0d6494\" data-id=\"a0d6494\" data-element_type=\"column\">\n\t\t\t<div class=\"elementor-widget-wrap elementor-element-populated\">\n\t\t\t\t\t\t<div class=\"elementor-element elementor-element-2618104 elementor-widget elementor-widget-spacer\" data-id=\"2618104\" data-element_type=\"widget\" data-widget_type=\"spacer.default\">\n\t\t\t\t<div class=\"elementor-widget-container\">\n\t\t\t\t\t\t\t<div class=\"elementor-spacer\">\n\t\t\t<div class=\"elementor-spacer-inner\"><\/div>\n\t\t<\/div>\n\t\t\t\t\t\t<\/div>\n\t\t\t\t<\/div>\n\t\t\t\t<div class=\"elementor-element elementor-element-3140a64 elementor-widget elementor-widget-text-editor\" data-id=\"3140a64\" data-element_type=\"widget\" data-widget_type=\"text-editor.default\">\n\t\t\t\t<div class=\"elementor-widget-container\">\n\t\t\t\t\t\t\t\t\t<p>Vous pouvez choisir de t\u00e9l\u00e9charger le fichier apl ou le fichier ios, mais le navigateur Web offre une connexion plus rapide et plus rapide pour trouver votre partenaire id\u00e9al. Aucun fichier ajout\u00e9 et suppl\u00e9mentaire. Travaillez directement via le navigateur. Lorsque vous avez termin\u00e9 votre chat vid\u00e9o al\u00e9atoire, fermez simplement le navigateur. Ne vous inqui\u00e9tez pas de savoir si une application fonctionne en arri\u00e8re-plan ou non. L&#039;application est actuellement en cours de d\u00e9veloppement pour r\u00e9soudre les probl\u00e8mes de s\u00e9curit\u00e9. Je la mettrai \u00e0 jour avec le lien correct \u00e0 l&#039;avenir.<\/p>\t\t\t\t\t\t\t\t<\/div>\n\t\t\t\t<\/div>\n\t\t\t\t<div class=\"elementor-element elementor-element-abfabd2 elementor-widget elementor-widget-spacer\" data-id=\"abfabd2\" data-element_type=\"widget\" data-widget_type=\"spacer.default\">\n\t\t\t\t<div class=\"elementor-widget-container\">\n\t\t\t\t\t\t\t<div class=\"elementor-spacer\">\n\t\t\t<div class=\"elementor-spacer-inner\"><\/div>\n\t\t<\/div>\n\t\t\t\t\t\t<\/div>\n\t\t\t\t<\/div>\n\t\t\t\t<div class=\"elementor-element elementor-element-5f54eb2 elementor-widget elementor-widget-heading\" data-id=\"5f54eb2\" data-element_type=\"widget\" data-widget_type=\"heading.default\">\n\t\t\t\t<div class=\"elementor-widget-container\">\n\t\t\t\t\t<h2 class=\"elementor-heading-title elementor-size-default\">T\u00e9l\u00e9charger<\/h2>\t\t\t\t<\/div>\n\t\t\t\t<\/div>\n\t\t\t\t<div class=\"elementor-element elementor-element-f0863f2 elementor-widget elementor-widget-text-editor\" data-id=\"f0863f2\" data-element_type=\"widget\" data-widget_type=\"text-editor.default\">\n\t\t\t\t<div class=\"elementor-widget-container\">\n\t\t\t\t\t\t\t\t\t<h3 style=\"text-align: center;\">T\u00e9l\u00e9charger Omegle pour Android<\/h3>\t\t\t\t\t\t\t\t<\/div>\n\t\t\t\t<\/div>\n\t\t\t\t<div class=\"elementor-element elementor-element-f583289 elementor-widget elementor-widget-spacer\" data-id=\"f583289\" data-element_type=\"widget\" data-widget_type=\"spacer.default\">\n\t\t\t\t<div class=\"elementor-widget-container\">\n\t\t\t\t\t\t\t<div class=\"elementor-spacer\">\n\t\t\t<div class=\"elementor-spacer-inner\"><\/div>\n\t\t<\/div>\n\t\t\t\t\t\t<\/div>\n\t\t\t\t<\/div>\n\t\t\t\t\t<\/div>\n\t\t<\/div>\n\t\t\t\t\t<\/div>\n\t\t<\/section>\n\t\t\t\t<section class=\"elementor-section elementor-top-section elementor-element elementor-element-e38c73c elementor-section-boxed elementor-section-height-default elementor-section-height-default\" data-id=\"e38c73c\" data-element_type=\"section\">\n\t\t\t\t\t\t<div class=\"elementor-container elementor-column-gap-default\">\n\t\t\t\t\t<div class=\"elementor-column elementor-col-33 elementor-top-column elementor-element elementor-element-aeaedeb\" data-id=\"aeaedeb\" data-element_type=\"column\">\n\t\t\t<div class=\"elementor-widget-wrap\">\n\t\t\t\t\t\t\t<\/div>\n\t\t<\/div>\n\t\t\t\t<div class=\"elementor-column elementor-col-33 elementor-top-column elementor-element elementor-element-5408cfc\" data-id=\"5408cfc\" data-element_type=\"column\">\n\t\t\t<div class=\"elementor-widget-wrap elementor-element-populated\">\n\t\t\t\t\t\t<div class=\"elementor-element elementor-element-d0bdcb5 elementor-button-success elementor-align-center elementor-widget elementor-widget-button\" data-id=\"d0bdcb5\" data-element_type=\"widget\" data-widget_type=\"button.default\">\n\t\t\t\t<div class=\"elementor-widget-container\">\n\t\t\t\t\t\t\t\t\t<div class=\"elementor-button-wrapper\">\n\t\t\t\t\t<a class=\"elementor-button elementor-button-link elementor-size-xl\" href=\"https:\/\/omegle.to\/fr\/\">\n\t\t\t\t\t\t<span class=\"elementor-button-content-wrapper\">\n\t\t\t\t\t\t\t\t\t<span class=\"elementor-button-text\">T\u00e9l\u00e9charger APK Android<\/span>\n\t\t\t\t\t<\/span>\n\t\t\t\t\t<\/a>\n\t\t\t\t<\/div>\n\t\t\t\t\t\t\t\t<\/div>\n\t\t\t\t<\/div>\n\t\t\t\t<div class=\"elementor-element elementor-element-1c78c53 elementor-widget elementor-widget-text-editor\" data-id=\"1c78c53\" data-element_type=\"widget\" data-widget_type=\"text-editor.default\">\n\t\t\t\t<div class=\"elementor-widget-container\">\n\t\t\t\t\t\t\t\t\t<p style=\"text-align: center;\"><strong><em>Android 4.0 et sup\u00e9rieur requis.<\/em><\/strong><\/p>\t\t\t\t\t\t\t\t<\/div>\n\t\t\t\t<\/div>\n\t\t\t\t\t<\/div>\n\t\t<\/div>\n\t\t\t\t<div class=\"elementor-column elementor-col-33 elementor-top-column elementor-element elementor-element-27a88e3\" data-id=\"27a88e3\" data-element_type=\"column\">\n\t\t\t<div class=\"elementor-widget-wrap\">\n\t\t\t\t\t\t\t<\/div>\n\t\t<\/div>\n\t\t\t\t\t<\/div>\n\t\t<\/section>\n\t\t\t\t<section class=\"elementor-section elementor-top-section elementor-element elementor-element-d47c02d elementor-section-boxed elementor-section-height-default elementor-section-height-default\" data-id=\"d47c02d\" data-element_type=\"section\">\n\t\t\t\t\t\t<div class=\"elementor-container elementor-column-gap-default\">\n\t\t\t\t\t<div class=\"elementor-column elementor-col-100 elementor-top-column elementor-element elementor-element-164350a\" data-id=\"164350a\" data-element_type=\"column\">\n\t\t\t<div class=\"elementor-widget-wrap elementor-element-populated\">\n\t\t\t\t\t\t<div class=\"elementor-element elementor-element-61266a8 elementor-widget elementor-widget-spacer\" data-id=\"61266a8\" data-element_type=\"widget\" data-widget_type=\"spacer.default\">\n\t\t\t\t<div class=\"elementor-widget-container\">\n\t\t\t\t\t\t\t<div class=\"elementor-spacer\">\n\t\t\t<div class=\"elementor-spacer-inner\"><\/div>\n\t\t<\/div>\n\t\t\t\t\t\t<\/div>\n\t\t\t\t<\/div>\n\t\t\t\t<div class=\"elementor-element elementor-element-74946a2 elementor-widget elementor-widget-heading\" data-id=\"74946a2\" data-element_type=\"widget\" data-widget_type=\"heading.default\">\n\t\t\t\t<div class=\"elementor-widget-container\">\n\t\t\t\t\t<h2 class=\"elementor-heading-title elementor-size-default\">T\u00e9l\u00e9charger Omegle pour PC<\/h2>\t\t\t\t<\/div>\n\t\t\t\t<\/div>\n\t\t\t\t<div class=\"elementor-element elementor-element-69c93a3 elementor-widget elementor-widget-text-editor\" data-id=\"69c93a3\" data-element_type=\"widget\" data-widget_type=\"text-editor.default\">\n\t\t\t\t<div class=\"elementor-widget-container\">\n\t\t\t\t\t\t\t\t\t<p style=\"text-align: left;\">Bien que l&#039;application Omegle PC ne soit pas encore publi\u00e9e, nous pouvons toujours ex\u00e9cuter l&#039;application Android sur PC en utilisant la m\u00e9thode suivante\u00a0:<\/p><ol style=\"text-align: left;\"><li>T\u00e9l\u00e9chargez l&#039;\u00e9mulateur Nox ou BlueStacks.<\/li><li>Terminez l\u2019installation de votre \u00e9mulateur pr\u00e9f\u00e9r\u00e9 et ex\u00e9cutez-le.<\/li><li>Ouvrez le navigateur Web et ouvrez https:\/\/omegle.to\/download\/<\/li><li>Installez notre fichier APK Omegle via l&#039;\u00e9mulateur.<\/li><li>L&#039;application fonctionnera correctement sur votre PC.<\/li><\/ol><p style=\"text-align: center;\"><em>Compatible avec Windows 10\/8\/7\/XP (64\/32 bits)<\/em><\/p>\t\t\t\t\t\t\t\t<\/div>\n\t\t\t\t<\/div>\n\t\t\t\t\t<\/div>\n\t\t<\/div>\n\t\t\t\t\t<\/div>\n\t\t<\/section>\n\t\t\t\t<section class=\"elementor-section elementor-top-section elementor-element elementor-element-136d3ca elementor-section-boxed elementor-section-height-default elementor-section-height-default\" data-id=\"136d3ca\" data-element_type=\"section\">\n\t\t\t\t\t\t<div class=\"elementor-container elementor-column-gap-default\">\n\t\t\t\t\t<div class=\"elementor-column elementor-col-100 elementor-top-column elementor-element elementor-element-78183a5\" data-id=\"78183a5\" data-element_type=\"column\">\n\t\t\t<div class=\"elementor-widget-wrap elementor-element-populated\">\n\t\t\t\t\t\t<div class=\"elementor-element elementor-element-b9172db elementor-widget elementor-widget-heading\" data-id=\"b9172db\" data-element_type=\"widget\" data-widget_type=\"heading.default\">\n\t\t\t\t<div class=\"elementor-widget-container\">\n\t\t\t\t\t<h2 class=\"elementor-heading-title elementor-size-default\">T\u00e9l\u00e9charger Omegle pour iOS<\/h2>\t\t\t\t<\/div>\n\t\t\t\t<\/div>\n\t\t\t\t<div class=\"elementor-element elementor-element-093f83f elementor-widget elementor-widget-image\" data-id=\"093f83f\" data-element_type=\"widget\" data-widget_type=\"image.default\">\n\t\t\t\t<div class=\"elementor-widget-container\">\n\t\t\t\t\t\t\t\t\t\t\t\t\t\t\t<img fetchpriority=\"high\" decoding=\"async\" width=\"324\" height=\"649\" src=\"https:\/\/omegle.to\/wp-content\/uploads\/2023\/04\/ios1.png\" class=\"attachment-large size-large wp-image-1766\" alt=\"\" srcset=\"https:\/\/omegle.to\/wp-content\/uploads\/2023\/04\/ios1.png 324w, https:\/\/omegle.to\/wp-content\/uploads\/2023\/04\/ios1-150x300.png 150w\" sizes=\"(max-width: 324px) 100vw, 324px\" \/>\t\t\t\t\t\t\t\t\t\t\t\t\t\t\t<\/div>\n\t\t\t\t<\/div>\n\t\t\t\t<div class=\"elementor-element elementor-element-4a49836 elementor-widget elementor-widget-spacer\" data-id=\"4a49836\" data-element_type=\"widget\" data-widget_type=\"spacer.default\">\n\t\t\t\t<div class=\"elementor-widget-container\">\n\t\t\t\t\t\t\t<div class=\"elementor-spacer\">\n\t\t\t<div class=\"elementor-spacer-inner\"><\/div>\n\t\t<\/div>\n\t\t\t\t\t\t<\/div>\n\t\t\t\t<\/div>\n\t\t\t\t<div class=\"elementor-element elementor-element-c069908 elementor-widget elementor-widget-text-editor\" data-id=\"c069908\" data-element_type=\"widget\" data-widget_type=\"text-editor.default\">\n\t\t\t\t<div class=\"elementor-widget-container\">\n\t\t\t\t\t\t\t\t\t<p style=\"text-align: center;\">Acc\u00e9dez \u00e0 Omegle et cliquez sur l\u2019ic\u00f4ne ci-dessus.<\/p>\t\t\t\t\t\t\t\t<\/div>\n\t\t\t\t<\/div>\n\t\t\t\t<div class=\"elementor-element elementor-element-e161ed9 elementor-widget elementor-widget-spacer\" data-id=\"e161ed9\" data-element_type=\"widget\" data-widget_type=\"spacer.default\">\n\t\t\t\t<div class=\"elementor-widget-container\">\n\t\t\t\t\t\t\t<div class=\"elementor-spacer\">\n\t\t\t<div class=\"elementor-spacer-inner\"><\/div>\n\t\t<\/div>\n\t\t\t\t\t\t<\/div>\n\t\t\t\t<\/div>\n\t\t\t\t<div class=\"elementor-element elementor-element-2c32f23 elementor-widget elementor-widget-image\" data-id=\"2c32f23\" data-element_type=\"widget\" data-widget_type=\"image.default\">\n\t\t\t\t<div class=\"elementor-widget-container\">\n\t\t\t\t\t\t\t\t\t\t\t\t\t\t\t<img decoding=\"async\" width=\"324\" height=\"649\" src=\"https:\/\/omegle.to\/wp-content\/uploads\/2023\/04\/ios2.png\" class=\"attachment-large size-large wp-image-1767\" alt=\"\" srcset=\"https:\/\/omegle.to\/wp-content\/uploads\/2023\/04\/ios2.png 324w, https:\/\/omegle.to\/wp-content\/uploads\/2023\/04\/ios2-150x300.png 150w\" sizes=\"(max-width: 324px) 100vw, 324px\" \/>\t\t\t\t\t\t\t\t\t\t\t\t\t\t\t<\/div>\n\t\t\t\t<\/div>\n\t\t\t\t<div class=\"elementor-element elementor-element-438dae9 elementor-widget elementor-widget-spacer\" data-id=\"438dae9\" data-element_type=\"widget\" data-widget_type=\"spacer.default\">\n\t\t\t\t<div class=\"elementor-widget-container\">\n\t\t\t\t\t\t\t<div class=\"elementor-spacer\">\n\t\t\t<div class=\"elementor-spacer-inner\"><\/div>\n\t\t<\/div>\n\t\t\t\t\t\t<\/div>\n\t\t\t\t<\/div>\n\t\t\t\t<div class=\"elementor-element elementor-element-c7c48b6 elementor-widget elementor-widget-text-editor\" data-id=\"c7c48b6\" data-element_type=\"widget\" data-widget_type=\"text-editor.default\">\n\t\t\t\t<div class=\"elementor-widget-container\">\n\t\t\t\t\t\t\t\t\t<p style=\"text-align: center;\">Faites d\u00e9filer vers la droite et cliquez sur \u00ab<strong>Ajouter \u00e0 l&#039;\u00e9cran d&#039;accueil<\/strong>\u00ab .<\/p>\t\t\t\t\t\t\t\t<\/div>\n\t\t\t\t<\/div>\n\t\t\t\t<div class=\"elementor-element elementor-element-c179006 elementor-widget elementor-widget-spacer\" data-id=\"c179006\" data-element_type=\"widget\" data-widget_type=\"spacer.default\">\n\t\t\t\t<div class=\"elementor-widget-container\">\n\t\t\t\t\t\t\t<div class=\"elementor-spacer\">\n\t\t\t<div class=\"elementor-spacer-inner\"><\/div>\n\t\t<\/div>\n\t\t\t\t\t\t<\/div>\n\t\t\t\t<\/div>\n\t\t\t\t<div class=\"elementor-element elementor-element-3bfb57b elementor-widget elementor-widget-image\" data-id=\"3bfb57b\" data-element_type=\"widget\" data-widget_type=\"image.default\">\n\t\t\t\t<div class=\"elementor-widget-container\">\n\t\t\t\t\t\t\t\t\t\t\t\t\t\t\t<img decoding=\"async\" width=\"324\" height=\"649\" src=\"https:\/\/omegle.to\/wp-content\/uploads\/2023\/04\/ios3.png\" class=\"attachment-large size-large wp-image-1768\" alt=\"\" srcset=\"https:\/\/omegle.to\/wp-content\/uploads\/2023\/04\/ios3.png 324w, https:\/\/omegle.to\/wp-content\/uploads\/2023\/04\/ios3-150x300.png 150w\" sizes=\"(max-width: 324px) 100vw, 324px\" \/>\t\t\t\t\t\t\t\t\t\t\t\t\t\t\t<\/div>\n\t\t\t\t<\/div>\n\t\t\t\t<div class=\"elementor-element elementor-element-43a9b62 elementor-widget elementor-widget-spacer\" data-id=\"43a9b62\" data-element_type=\"widget\" data-widget_type=\"spacer.default\">\n\t\t\t\t<div class=\"elementor-widget-container\">\n\t\t\t\t\t\t\t<div class=\"elementor-spacer\">\n\t\t\t<div class=\"elementor-spacer-inner\"><\/div>\n\t\t<\/div>\n\t\t\t\t\t\t<\/div>\n\t\t\t\t<\/div>\n\t\t\t\t<div class=\"elementor-element elementor-element-af2a15d elementor-widget elementor-widget-text-editor\" data-id=\"af2a15d\" data-element_type=\"widget\" data-widget_type=\"text-editor.default\">\n\t\t\t\t<div class=\"elementor-widget-container\">\n\t\t\t\t\t\t\t\t\t<p style=\"text-align: center;\">Ajoutez le nom comme vous le souhaitez (facultatif) et cliquez sur \u00ab<strong>Ajouter<\/strong>\u00ab .<\/p>\t\t\t\t\t\t\t\t<\/div>\n\t\t\t\t<\/div>\n\t\t\t\t<div class=\"elementor-element elementor-element-eb39b6f elementor-widget elementor-widget-spacer\" data-id=\"eb39b6f\" data-element_type=\"widget\" data-widget_type=\"spacer.default\">\n\t\t\t\t<div class=\"elementor-widget-container\">\n\t\t\t\t\t\t\t<div class=\"elementor-spacer\">\n\t\t\t<div class=\"elementor-spacer-inner\"><\/div>\n\t\t<\/div>\n\t\t\t\t\t\t<\/div>\n\t\t\t\t<\/div>\n\t\t\t\t<div class=\"elementor-element elementor-element-7df4fc0 elementor-widget elementor-widget-image\" data-id=\"7df4fc0\" data-element_type=\"widget\" data-widget_type=\"image.default\">\n\t\t\t\t<div class=\"elementor-widget-container\">\n\t\t\t\t\t\t\t\t\t\t\t\t\t\t\t<img loading=\"lazy\" decoding=\"async\" width=\"324\" height=\"649\" src=\"https:\/\/omegle.to\/wp-content\/uploads\/2023\/04\/ios4.png\" class=\"attachment-large size-large wp-image-1769\" alt=\"\" srcset=\"https:\/\/omegle.to\/wp-content\/uploads\/2023\/04\/ios4.png 324w, https:\/\/omegle.to\/wp-content\/uploads\/2023\/04\/ios4-150x300.png 150w\" sizes=\"(max-width: 324px) 100vw, 324px\" \/>\t\t\t\t\t\t\t\t\t\t\t\t\t\t\t<\/div>\n\t\t\t\t<\/div>\n\t\t\t\t<div class=\"elementor-element elementor-element-1fa07f3 elementor-widget elementor-widget-spacer\" data-id=\"1fa07f3\" data-element_type=\"widget\" data-widget_type=\"spacer.default\">\n\t\t\t\t<div class=\"elementor-widget-container\">\n\t\t\t\t\t\t\t<div class=\"elementor-spacer\">\n\t\t\t<div class=\"elementor-spacer-inner\"><\/div>\n\t\t<\/div>\n\t\t\t\t\t\t<\/div>\n\t\t\t\t<\/div>\n\t\t\t\t<div class=\"elementor-element elementor-element-d5928c5 elementor-widget elementor-widget-text-editor\" data-id=\"d5928c5\" data-element_type=\"widget\" data-widget_type=\"text-editor.default\">\n\t\t\t\t<div class=\"elementor-widget-container\">\n\t\t\t\t\t\t\t\t\t<p style=\"text-align: center;\">L&#039;application Omegle sera pr\u00eate \u00e0 \u00eatre utilis\u00e9e chez vous.<\/p>\t\t\t\t\t\t\t\t<\/div>\n\t\t\t\t<\/div>\n\t\t\t\t<div class=\"elementor-element elementor-element-d0cad36 elementor-widget elementor-widget-spacer\" data-id=\"d0cad36\" data-element_type=\"widget\" data-widget_type=\"spacer.default\">\n\t\t\t\t<div class=\"elementor-widget-container\">\n\t\t\t\t\t\t\t<div class=\"elementor-spacer\">\n\t\t\t<div class=\"elementor-spacer-inner\"><\/div>\n\t\t<\/div>\n\t\t\t\t\t\t<\/div>\n\t\t\t\t<\/div>\n\t\t\t\t<div class=\"elementor-element elementor-element-38b1d55 elementor-widget elementor-widget-text-editor\" data-id=\"38b1d55\" data-element_type=\"widget\" data-widget_type=\"text-editor.default\">\n\t\t\t\t<div class=\"elementor-widget-container\">\n\t\t\t\t\t\t\t\t\t<p style=\"text-align: center;\">Prise en charge de la m\u00e9thode sur toutes les versions iOS sur iPhone, iPad, iPod.<\/p>\t\t\t\t\t\t\t\t<\/div>\n\t\t\t\t<\/div>\n\t\t\t\t\t<\/div>\n\t\t<\/div>\n\t\t\t\t\t<\/div>\n\t\t<\/section>\n\t\t\t\t<\/div>","protected":false},"excerpt":{"rendered":"<p>Vous pouvez choisir de t\u00e9l\u00e9charger le fichier apl ou le fichier ios, mais le navigateur Web offre une connexion plus rapide et plus rapide pour trouver votre partenaire id\u00e9al. Aucun fichier ajout\u00e9 et suppl\u00e9mentaire. Travaillez directement via le navigateur. Lorsque vous avez termin\u00e9 votre chat vid\u00e9o al\u00e9atoire, fermez simplement le navigateur. N&#039;ayant pas besoin de [\u2026]<\/p>","protected":false},"author":2,"featured_media":1760,"parent":0,"menu_order":0,"comment_status":"closed","ping_status":"closed","template":"elementor_theme","meta":{"footnotes":""},"class_list":["post-1758","page","type-page","status-publish","has-post-thumbnail","hentry"],"yoast_head":"<!-- This site is optimized with the Yoast SEO Premium plugin v21.5 (Yoast SEO v21.5) - https:\/\/yoast.com\/wordpress\/plugins\/seo\/ -->\n<title>Download - Omegle - Talk to Strangers<\/title>\n<meta name=\"robots\" content=\"index, follow, max-snippet:-1, max-image-preview:large, max-video-preview:-1\" \/>\n<link rel=\"canonical\" href=\"https:\/\/omegle.to\/fr\/telecharger\/\" \/>\n<meta property=\"og:locale\" content=\"fr_FR\" \/>\n<meta property=\"og:type\" content=\"article\" \/>\n<meta property=\"og:title\" content=\"Download\" \/>\n<meta property=\"og:description\" content=\"You may opt to download the apl file or the ios file, however the web browser is a faster and quicker connection to the match up with your ideal partner. No added and extra files. Work directly through the browser. When you are done with your random video chat, just close the browser. Having no [&hellip;]\" \/>\n<meta property=\"og:url\" content=\"https:\/\/omegle.to\/fr\/telecharger\/\" \/>\n<meta property=\"og:site_name\" content=\"Omegle - Talk to Strangers\" \/>\n<meta property=\"article:modified_time\" content=\"2023-05-04T13:10:22+00:00\" \/>\n<meta property=\"og:image\" content=\"https:\/\/omegle.to\/wp-content\/uploads\/2023\/04\/download.jpg\" \/>\n\t<meta property=\"og:image:width\" content=\"1000\" \/>\n\t<meta property=\"og:image:height\" content=\"693\" \/>\n\t<meta property=\"og:image:type\" content=\"image\/jpeg\" \/>\n<meta name=\"twitter:card\" content=\"summary_large_image\" \/>\n<script type=\"application\/ld+json\" class=\"yoast-schema-graph\">{\"@context\":\"https:\/\/schema.org\",\"@graph\":[{\"@type\":\"WebPage\",\"@id\":\"https:\/\/omegle.to\/download\/\",\"url\":\"https:\/\/omegle.to\/download\/\",\"name\":\"Download - Omegle - Talk to Strangers\",\"isPartOf\":{\"@id\":\"https:\/\/omegle.to\/#website\"},\"datePublished\":\"2023-04-29T19:40:17+00:00\",\"dateModified\":\"2023-05-04T13:10:22+00:00\",\"breadcrumb\":{\"@id\":\"https:\/\/omegle.to\/download\/#breadcrumb\"},\"inLanguage\":\"fr-FR\",\"potentialAction\":[{\"@type\":\"ReadAction\",\"target\":[\"https:\/\/omegle.to\/download\/\"]}]},{\"@type\":\"BreadcrumbList\",\"@id\":\"https:\/\/omegle.to\/download\/#breadcrumb\",\"itemListElement\":[{\"@type\":\"ListItem\",\"position\":1,\"name\":\"Home\",\"item\":\"https:\/\/omegle.to\/\"},{\"@type\":\"ListItem\",\"position\":2,\"name\":\"Download\"}]},{\"@type\":\"WebSite\",\"@id\":\"https:\/\/omegle.to\/#website\",\"url\":\"https:\/\/omegle.to\/\",\"name\":\"Omegle - Talk to Strangers\",\"description\":\"Random Video Chat\",\"publisher\":{\"@id\":\"https:\/\/omegle.to\/#organization\"},\"potentialAction\":[{\"@type\":\"SearchAction\",\"target\":{\"@type\":\"EntryPoint\",\"urlTemplate\":\"https:\/\/omegle.to\/?s={search_term_string}\"},\"query-input\":\"required name=search_term_string\"}],\"inLanguage\":\"fr-FR\"},{\"@type\":\"Organization\",\"@id\":\"https:\/\/omegle.to\/#organization\",\"name\":\"Omegle - Talk to Strangers\",\"url\":\"https:\/\/omegle.to\/\",\"logo\":{\"@type\":\"ImageObject\",\"inLanguage\":\"fr-FR\",\"@id\":\"https:\/\/omegle.to\/#\/schema\/logo\/image\/\",\"url\":\"https:\/\/omegle.to\/wp-content\/uploads\/2021\/12\/omegle-omegle.to_.jpg\",\"contentUrl\":\"https:\/\/omegle.to\/wp-content\/uploads\/2021\/12\/omegle-omegle.to_.jpg\",\"width\":1024,\"height\":820,\"caption\":\"Omegle - Talk to Strangers\"},\"image\":{\"@id\":\"https:\/\/omegle.to\/#\/schema\/logo\/image\/\"}}]}<\/script>\n<!-- \/ Yoast SEO Premium plugin. -->","yoast_head_json":{"title":"Download - Omegle - Talk to Strangers","robots":{"index":"index","follow":"follow","max-snippet":"max-snippet:-1","max-image-preview":"max-image-preview:large","max-video-preview":"max-video-preview:-1"},"canonical":"https:\/\/omegle.to\/fr\/telecharger\/","og_locale":"fr_FR","og_type":"article","og_title":"Download","og_description":"You may opt to download the apl file or the ios file, however the web browser is a faster and quicker connection to the match up with your ideal partner. No added and extra files. Work directly through the browser. When you are done with your random video chat, just close the browser. Having no [&hellip;]","og_url":"https:\/\/omegle.to\/fr\/telecharger\/","og_site_name":"Omegle - Talk to Strangers","article_modified_time":"2023-05-04T13:10:22+00:00","og_image":[{"width":1000,"height":693,"url":"https:\/\/omegle.to\/wp-content\/uploads\/2023\/04\/download.jpg","type":"image\/jpeg"}],"twitter_card":"summary_large_image","schema":{"@context":"https:\/\/schema.org","@graph":[{"@type":"WebPage","@id":"https:\/\/omegle.to\/download\/","url":"https:\/\/omegle.to\/download\/","name":"Download - Omegle - Talk to Strangers","isPartOf":{"@id":"https:\/\/omegle.to\/#website"},"datePublished":"2023-04-29T19:40:17+00:00","dateModified":"2023-05-04T13:10:22+00:00","breadcrumb":{"@id":"https:\/\/omegle.to\/download\/#breadcrumb"},"inLanguage":"fr-FR","potentialAction":[{"@type":"ReadAction","target":["https:\/\/omegle.to\/download\/"]}]},{"@type":"BreadcrumbList","@id":"https:\/\/omegle.to\/download\/#breadcrumb","itemListElement":[{"@type":"ListItem","position":1,"name":"Home","item":"https:\/\/omegle.to\/"},{"@type":"ListItem","position":2,"name":"Download"}]},{"@type":"WebSite","@id":"https:\/\/omegle.to\/#website","url":"https:\/\/omegle.to\/","name":"Omegle - Talk to Strangers","description":"Random Video Chat","publisher":{"@id":"https:\/\/omegle.to\/#organization"},"potentialAction":[{"@type":"SearchAction","target":{"@type":"EntryPoint","urlTemplate":"https:\/\/omegle.to\/?s={search_term_string}"},"query-input":"required name=search_term_string"}],"inLanguage":"fr-FR"},{"@type":"Organization","@id":"https:\/\/omegle.to\/#organization","name":"Omegle - Talk to Strangers","url":"https:\/\/omegle.to\/","logo":{"@type":"ImageObject","inLanguage":"fr-FR","@id":"https:\/\/omegle.to\/#\/schema\/logo\/image\/","url":"https:\/\/omegle.to\/wp-content\/uploads\/2021\/12\/omegle-omegle.to_.jpg","contentUrl":"https:\/\/omegle.to\/wp-content\/uploads\/2021\/12\/omegle-omegle.to_.jpg","width":1024,"height":820,"caption":"Omegle - Talk to Strangers"},"image":{"@id":"https:\/\/omegle.to\/#\/schema\/logo\/image\/"}}]}},"_links":{"self":[{"href":"https:\/\/omegle.to\/fr\/wp-json\/wp\/v2\/pages\/1758","targetHints":{"allow":["GET"]}}],"collection":[{"href":"https:\/\/omegle.to\/fr\/wp-json\/wp\/v2\/pages"}],"about":[{"href":"https:\/\/omegle.to\/fr\/wp-json\/wp\/v2\/types\/page"}],"author":[{"embeddable":true,"href":"https:\/\/omegle.to\/fr\/wp-json\/wp\/v2\/users\/2"}],"replies":[{"embeddable":true,"href":"https:\/\/omegle.to\/fr\/wp-json\/wp\/v2\/comments?post=1758"}],"version-history":[{"count":26,"href":"https:\/\/omegle.to\/fr\/wp-json\/wp\/v2\/pages\/1758\/revisions"}],"predecessor-version":[{"id":1832,"href":"https:\/\/omegle.to\/fr\/wp-json\/wp\/v2\/pages\/1758\/revisions\/1832"}],"wp:featuredmedia":[{"embeddable":true,"href":"https:\/\/omegle.to\/fr\/wp-json\/wp\/v2\/media\/1760"}],"wp:attachment":[{"href":"https:\/\/omegle.to\/fr\/wp-json\/wp\/v2\/media?parent=1758"}],"curies":[{"name":"wp","href":"https:\/\/api.w.org\/{rel}","templated":true}]}}