{"id":1646,"date":"2022-05-29T21:33:29","date_gmt":"2022-05-29T19:33:29","guid":{"rendered":"https:\/\/omegle.to\/?page_id=1646"},"modified":"2025-01-16T23:06:12","modified_gmt":"2025-01-16T21:06:12","slug":"lucky-crush","status":"publish","type":"page","link":"https:\/\/omegle.to\/fr\/coup-de-chance\/","title":{"rendered":"Lucky Crush \u2013 Site de chat vid\u00e9o en ligne"},"content":{"rendered":"<p>LuckyCrush est un site de chat qui connecte des filles avec des gar\u00e7ons et des filles avec des gar\u00e7ons au hasard. Si les utilisateurs n&#039;aiment pas le chat ou veulent y mettre fin, ils peuvent imm\u00e9diatement passer \u00e0 un autre partenaire. Cela se fait facilement en glissant vers le chat suivant.<\/p>\n<h2 style=\"text-align: center;\">Amusez-vous avec une cam\u00e9ra vid\u00e9o avec des inconnus.<\/h2>\n<p>Un site de chat qui permet aux gens de discuter en ligne et de flirter via le chat vid\u00e9o en direct a \u00e9t\u00e9 cr\u00e9\u00e9 par trois co-fondateurs fran\u00e7ais. Lucky Crush \u00e9tait le nom de ce site. Il a vu une augmentation des inscriptions de +50% et une augmentation du temps n\u00e9cessaire pour inscrire chaque membre pendant le premier confinement de Covid. Lucky Crush est l&#039;endroit o\u00f9 l&#039;amour commence et se termine. Ils sont temporaires. Le site interdit le partage d&#039;informations de contact personnelles pour garantir l&#039;anonymat. Quel est le processus ? S\u00e9lectionnez un sexe. Connectez-vous \u00e0 un chat vid\u00e9o. Cam. Si vous n&#039;\u00eates pas satisfait de votre partenaire. Balayez ensuite.<\/p>\n<h2 style=\"text-align: center;\">Chat Lucky Crush avec de belles filles<\/h2>\n<p>Ce site est con\u00e7u pour les h\u00e9t\u00e9ros, en particulier les hommes qui ont du mal \u00e0 trouver un partenaire sur des sites de chat al\u00e9atoires comme Omegle ou Chatroulette. Avant de pouvoir \u00eatre mis en relation avec une partenaire f\u00e9minine, ils doivent cliquer sur \u00ab suivant \u00bb des centaines de fois. Il n&#039;est pas surprenant que les applications de rencontres comptent plus d&#039;utilisateurs masculins que f\u00e9minins. Lucky Crush permet aux utilisateurs de s\u00e9lectionner un sexe pour s&#039;assurer qu&#039;ils ne correspondent qu&#039;\u00e0 des filles. Il existe un filtre de sexe. Les registres sont contr\u00f4l\u00e9s pour garantir qu&#039;il y a au moins 50% de femmes et 50% d&#039;hommes en ligne \u00e0 tout moment.<\/p>\n<h2 style=\"text-align: center;\">Restez \u00e0 jour avec Lucky Crush<\/h2>\n<p>Il est important de ne pas attendre trop longtemps avant de se mettre en relation avec quelqu&#039;un qui lui pla\u00eet, quel que soit son sexe. Cela permettra aux deux parties d&#039;avoir les meilleures chances de s&#039;int\u00e9resser l&#039;une \u00e0 l&#039;autre. C&#039;est pourquoi il n&#039;est pas possible de mettre en relation des partenaires h\u00e9t\u00e9rosexuels de sexe oppos\u00e9 pour le moment. Pour utiliser une application sur votre smartphone, vous n&#039;avez pas besoin de la t\u00e9l\u00e9charger. Apr\u00e8s un an et un trimestre, le site compte plus de 1,5 million d&#039;utilisateurs dans plus de 100 pays.<\/p>\n<p>Au hasard, des inconnus de diff\u00e9rents pays sont associ\u00e9s. C&#039;\u00e9tait l&#039;un des probl\u00e8mes du site lors de son lancement. Il \u00e9tait extr\u00eamement g\u00eanant pour de nombreuses personnes de devoir ouvrir un autre onglet pour traduire les messages qu&#039;elles avaient re\u00e7us ou envoy\u00e9s. Le site est accessible sur vos appareils mobiles et ordinateurs portables. Vous pouvez acc\u00e9der au site et aux fonctions d&#039;appel vid\u00e9o \u00e0 partir de n&#039;importe quel navigateur Web.<\/p>\n<h2 style=\"text-align: center;\">Meilleure alternative au chat al\u00e9atoire<\/h2>\n<p>Pour utiliser une application sur votre smartphone, vous n&#039;avez pas besoin de la t\u00e9l\u00e9charger. Apr\u00e8s un an et un trimestre, le site compte plus de 1,5 million d&#039;utilisateurs dans plus de 100 pays. Au hasard, des inconnus sont jumel\u00e9s \u00e0 des personnes de diff\u00e9rents pays. C&#039;\u00e9tait l&#039;un des probl\u00e8mes de son lancement. Il \u00e9tait extr\u00eamement g\u00eanant pour de nombreuses personnes de devoir ouvrir un autre onglet pour traduire les messages qu&#039;elles avaient re\u00e7us ou envoy\u00e9s. Le traducteur a \u00e9t\u00e9 rapidement d\u00e9velopp\u00e9 par l&#039;\u00e9quipe. Les utilisateurs peuvent communiquer dans leur langue maternelle tandis que les messages sont automatiquement traduits dans la langue de leur partenaire. Il permet aux utilisateurs de communiquer avec des inconnus du monde entier comme s&#039;ils \u00e9taient amis.<\/p>\n<p>Lorsqu&#039;on leur a demand\u00e9 comment ils ont pu attirer autant de femmes sur le site par rapport \u00e0 d&#039;autres applications de chat, ils ont r\u00e9pondu que c&#039;\u00e9tait gr\u00e2ce \u00e0 leur syst\u00e8me de mod\u00e9ration automatique. Lucky Crush permet aux utilisateurs de signaler trois fois par 24 heures, vous pouvez donc trouver des choses tr\u00e8s d\u00e9rangeantes sur Chatroulette et Omegle. Ils sont soumis \u00e0 un bannissement \u00e0 vie. Donc sur Lucky Crush, les membres f\u00e9minins. Vous pouvez \u00ab nettoyer \u00bb les salles de chat des membres masculins grossiers. C&#039;est pourquoi les salles de chat sont souvent un mauvais choix pour les filles.<\/p>\n<p>Est-ce vraiment s\u00fbr ? LuckyCrush est anonyme. Les partenaires de chat ne peuvent pas voir votre nom d&#039;utilisateur. Si vous ne souhaitez pas que des inconnus voient votre visage, vous pouvez choisir de ne pas le r\u00e9v\u00e9ler pendant les conversations. Il est possible de rester anonyme en ligne et de s&#039;amuser quand m\u00eame avec des inconnus. Sachez que vous parlez \u00e0 des inconnus. M\u00eame si votre partenaire peut sembler amical et ouvert d&#039;esprit, il est impossible de conna\u00eetre ses v\u00e9ritables intentions. Il est essentiel de faire attention \u00e0 ce que vous dites et \u00e0 la fa\u00e7on dont votre langage corporel appara\u00eet devant la cam\u00e9ra.<\/p>\n<p>Parler en public n&#039;est pas un endroit o\u00f9 vous devez dire ou faire quoi que ce soit. C&#039;est le meilleur moyen d&#039;\u00e9viter que des photos et des vid\u00e9os sensibles soient publi\u00e9es en ligne. Quelle est la prochaine \u00e9tape pour LuckyCrush ? Les fondateurs ont d&#039;abord pens\u00e9 que le site \u00e9tait une blague. Il est rapidement devenu une entreprise de plusieurs millions de dollars. LuckyCrush s&#039;est transform\u00e9 en une start-up qui dispose d&#039;ing\u00e9nieurs, de sp\u00e9cialistes du marketing et de fonds pour \u00e9tendre sa plateforme. Bien qu&#039;ils se soient vu proposer plusieurs rachats, leur objectif reste d&#039;\u00eatre le site de chat le plus populaire et le plus amusant du Web.<\/p>\n<p>Exemple d\u2019article sous forme organique publi\u00e9 par un journal en fran\u00e7ais. Republi\u00e9 dans de nombreux journaux fran\u00e7ais. Nous avons test\u00e9 \u00ab LuckyCrush \u00bb, sur un homme, et une femme. Toutes les formes de drague ont \u00e9t\u00e9 test\u00e9es. C\u2019est une id\u00e9e tr\u00e8s singuli\u00e8re : deux personnes qui flirtent mais ne se rencontrent pas \u00e0 la fin. LuckyCrush peut \u00eatre une excellente alternative aux autres sites de rencontres lorsque la distance est n\u00e9cessaire. Adieu Tinder et toutes les autres applications de rencontre. Malgr\u00e9 la fin du confinement, les bars, caf\u00e9s, restaurants et cin\u00e9mas resteront ferm\u00e9s. Les gestes barri\u00e8res restent de rigueur. Vous allez le voir, les rencontres sont difficiles.<\/p>\n<p>Essayez un nouveau concept pour r\u00e9soudre votre solitude. LuckyCrush permet de flirter de mani\u00e8re \u00e9ph\u00e9m\u00e8re, sans avoir besoin de se rencontrer en personne. En 2019, le site Web a \u00e9t\u00e9 lanc\u00e9. Le site Web s\u00e9lectionne au hasard deux personnes pour se joindre via un chat vid\u00e9o. Chatroulette est un site de messagerie vid\u00e9o al\u00e9atoire de 2009. Il est tr\u00e8s similaire \u00e0 Chatroulette. LuckyCrush a des normes de s\u00e9curit\u00e9 plus strictes que son pr\u00e9d\u00e9cesseur.<\/p>\n<p>Les h\u00e9t\u00e9ros sont actuellement les meilleurs candidats pour le matchmaking. Lorsque vous visitez le site pour la premi\u00e8re fois, il vous sera demand\u00e9 si vous \u00eates un homme ou une femme. Vous ne serez pas mis en relation avec des femmes si vous \u00eates un homme. Vos matchs seront limit\u00e9s aux hommes si vous \u00eates une femme. Les gars, vous l&#039;avez compris ! Pour trouver des partenaires f\u00e9minines sur le chat vid\u00e9o, vous n&#039;avez pas besoin de cliquer sur \u00ab Suivant &gt;&gt; \u00bb des centaines de fois.<\/p>\n<p>LuckyCrush affirme qu&#039;il suffit de choisir son sexe pour \u00eatre mis en relation al\u00e9atoire avec une personne du m\u00eame sexe. Le site ne propose pas de rencontres entre personnes du m\u00eame sexe. Cependant, une nouvelle version du site est en cours de d\u00e9veloppement. Ne vous contentez pas de flirter. Les r\u00e8gles de la plateforme appara\u00eetront lors de votre premi\u00e8re connexion. Il est interdit d&#039;accepter des paiements ou de partager des informations de contact.<\/p>\n<p>Le compte peut \u00eatre suspendu si un utilisateur n&#039;est pas pr\u00e9sent lors d&#039;une conversation. Les utilisateurs ne sont pas oblig\u00e9s de montrer leur visage et la nudit\u00e9 est autoris\u00e9e \u00e0 condition qu&#039;ils soient d&#039;accord. Une fois les r\u00e8gles d\u00e9finies, vous pouvez d\u00e9marrer le chat. Vous pouvez y acc\u00e9der depuis n&#039;importe quel appareil, y compris un smartphone ou une tablette. LuckyCrush. Si la conversation ne vous satisfait pas, l&#039;utilisateur peut cliquer sur le bouton \u00ab suivant \u00bb pour \u00eatre mis en relation avec une autre personne. L&#039;\u00e9change peut durer de quelques minutes \u00e0 plusieurs heures. Il existe de nombreuses choses que vous pouvez faire en attendant le retour des caf\u00e9s.<\/p>\n<h2 style=\"text-align: center;\"><!-- Logo -->Alternative au chat en direct LuckyCrush<\/h2>\n<p>Omegle.to ne n\u00e9cessite pas l&#039;installation de logiciels ou d&#039;applications suppl\u00e9mentaires. Vous pouvez lancer l&#039;application vid\u00e9o sur votre navigateur en appuyant simplement sur un bouton. Un seul clic est n\u00e9cessaire pour permettre \u00e0 votre navigateur d&#039;utiliser le microphone et la webcam. Il existe de nombreuses alternatives \u00e0 Omegle qui sont similaires au portail de chat al\u00e9atoire virtuel. Vous pouvez utiliser certaines des fonctionnalit\u00e9s les plus recherch\u00e9es de ces options de chat si vous connaissez le processus.<\/p>\n<p>Cliquez sur le bouton pour commencer. Vous serez instantan\u00e9ment connect\u00e9 \u00e0 une conversation al\u00e9atoire. Pour interagir avec une autre personne, appuyez sur \u00ab continuer \u00bb. Cliquez sur le bouton \u00ab continuer \u00bb en haut de l&#039;application de chat pour choisir de communiquer uniquement avec des personnes de certains pays. S\u00e9lectionnez l&#039;ic\u00f4ne pour les femmes pour communiquer uniquement avec elles. Filtrez par sexe. Vous pouvez \u00e9galement configurer en ligne les param\u00e8tres du vaste Omegle, avec de nombreuses options.<\/p>","protected":false},"excerpt":{"rendered":"<p>LuckyCrush est un site de chat qui met en relation des filles avec des gar\u00e7ons, et des filles avec des gar\u00e7ons, choisis au hasard. Si les utilisateurs n&#039;aiment pas la discussion ou souhaitent y mettre fin, ils peuvent imm\u00e9diatement changer de partenaire. Il suffit de glisser pour passer \u00e0 la discussion suivante. Amusez-vous en vid\u00e9o avec des inconnus. Un site de chat qui permet aux utilisateurs de [\u2026]<\/p>","protected":false},"author":2,"featured_media":0,"parent":0,"menu_order":0,"comment_status":"closed","ping_status":"closed","template":"","meta":{"footnotes":""},"class_list":["post-1646","page","type-page","status-publish","hentry"],"yoast_head":"<!-- This site is optimized with the Yoast SEO Premium plugin v21.5 (Yoast SEO v21.5) - https:\/\/yoast.com\/wordpress\/plugins\/seo\/ -->\n<title>Lucky Crush - Online Video Chat Website<\/title>\n<meta name=\"description\" content=\"Anytime and anywhere you want, random video chat with Lucky Crush. Be ready to meet and cam with strangers via random video chat.\" \/>\n<meta name=\"robots\" content=\"index, follow, max-snippet:-1, max-image-preview:large, max-video-preview:-1\" \/>\n<link rel=\"canonical\" href=\"https:\/\/omegle.to\/fr\/coup-de-chance\/\" \/>\n<meta property=\"og:locale\" content=\"fr_FR\" \/>\n<meta property=\"og:type\" content=\"article\" \/>\n<meta property=\"og:title\" content=\"Lucky Crush - Online Video Chat Website\" \/>\n<meta property=\"og:description\" content=\"Anytime and anywhere you want, random video chat with Lucky Crush. Be ready to meet and cam with strangers via random video chat.\" \/>\n<meta property=\"og:url\" content=\"https:\/\/omegle.to\/fr\/coup-de-chance\/\" \/>\n<meta property=\"og:site_name\" content=\"Omegle - Talk to Strangers\" \/>\n<meta property=\"article:modified_time\" content=\"2025-01-16T21:06:12+00:00\" \/>\n<meta name=\"twitter:card\" content=\"summary_large_image\" \/>\n<meta name=\"twitter:label1\" content=\"Dur\u00e9e de lecture estim\u00e9e\" \/>\n\t<meta name=\"twitter:data1\" content=\"6 minutes\" \/>\n<script type=\"application\/ld+json\" class=\"yoast-schema-graph\">{\"@context\":\"https:\/\/schema.org\",\"@graph\":[{\"@type\":\"WebPage\",\"@id\":\"https:\/\/omegle.to\/lucky-crush\/\",\"url\":\"https:\/\/omegle.to\/lucky-crush\/\",\"name\":\"Lucky Crush - Online Video Chat Website\",\"isPartOf\":{\"@id\":\"https:\/\/omegle.to\/#website\"},\"datePublished\":\"2022-05-29T19:33:29+00:00\",\"dateModified\":\"2025-01-16T21:06:12+00:00\",\"description\":\"Anytime and anywhere you want, random video chat with Lucky Crush. Be ready to meet and cam with strangers via random video chat.\",\"breadcrumb\":{\"@id\":\"https:\/\/omegle.to\/lucky-crush\/#breadcrumb\"},\"inLanguage\":\"fr-FR\",\"potentialAction\":[{\"@type\":\"ReadAction\",\"target\":[\"https:\/\/omegle.to\/lucky-crush\/\"]}]},{\"@type\":\"BreadcrumbList\",\"@id\":\"https:\/\/omegle.to\/lucky-crush\/#breadcrumb\",\"itemListElement\":[{\"@type\":\"ListItem\",\"position\":1,\"name\":\"Home\",\"item\":\"https:\/\/omegle.to\/\"},{\"@type\":\"ListItem\",\"position\":2,\"name\":\"Lucky Crush &#8211; Online Video Chat Website\"}]},{\"@type\":\"WebSite\",\"@id\":\"https:\/\/omegle.to\/#website\",\"url\":\"https:\/\/omegle.to\/\",\"name\":\"Omegle - Talk to Strangers\",\"description\":\"Random Video Chat\",\"publisher\":{\"@id\":\"https:\/\/omegle.to\/#organization\"},\"potentialAction\":[{\"@type\":\"SearchAction\",\"target\":{\"@type\":\"EntryPoint\",\"urlTemplate\":\"https:\/\/omegle.to\/?s={search_term_string}\"},\"query-input\":\"required name=search_term_string\"}],\"inLanguage\":\"fr-FR\"},{\"@type\":\"Organization\",\"@id\":\"https:\/\/omegle.to\/#organization\",\"name\":\"Omegle - Talk to Strangers\",\"url\":\"https:\/\/omegle.to\/\",\"logo\":{\"@type\":\"ImageObject\",\"inLanguage\":\"fr-FR\",\"@id\":\"https:\/\/omegle.to\/#\/schema\/logo\/image\/\",\"url\":\"https:\/\/omegle.to\/wp-content\/uploads\/2021\/12\/omegle-omegle.to_.jpg\",\"contentUrl\":\"https:\/\/omegle.to\/wp-content\/uploads\/2021\/12\/omegle-omegle.to_.jpg\",\"width\":1024,\"height\":820,\"caption\":\"Omegle - Talk to Strangers\"},\"image\":{\"@id\":\"https:\/\/omegle.to\/#\/schema\/logo\/image\/\"}}]}<\/script>\n<!-- \/ Yoast SEO Premium plugin. -->","yoast_head_json":{"title":"Lucky Crush - Online Video Chat Website","description":"Anytime and anywhere you want, random video chat with Lucky Crush. Be ready to meet and cam with strangers via random video chat.","robots":{"index":"index","follow":"follow","max-snippet":"max-snippet:-1","max-image-preview":"max-image-preview:large","max-video-preview":"max-video-preview:-1"},"canonical":"https:\/\/omegle.to\/fr\/coup-de-chance\/","og_locale":"fr_FR","og_type":"article","og_title":"Lucky Crush - Online Video Chat Website","og_description":"Anytime and anywhere you want, random video chat with Lucky Crush. Be ready to meet and cam with strangers via random video chat.","og_url":"https:\/\/omegle.to\/fr\/coup-de-chance\/","og_site_name":"Omegle - Talk to Strangers","article_modified_time":"2025-01-16T21:06:12+00:00","twitter_card":"summary_large_image","twitter_misc":{"Dur\u00e9e de lecture estim\u00e9e":"6 minutes"},"schema":{"@context":"https:\/\/schema.org","@graph":[{"@type":"WebPage","@id":"https:\/\/omegle.to\/lucky-crush\/","url":"https:\/\/omegle.to\/lucky-crush\/","name":"Lucky Crush - Online Video Chat Website","isPartOf":{"@id":"https:\/\/omegle.to\/#website"},"datePublished":"2022-05-29T19:33:29+00:00","dateModified":"2025-01-16T21:06:12+00:00","description":"Anytime and anywhere you want, random video chat with Lucky Crush. Be ready to meet and cam with strangers via random video chat.","breadcrumb":{"@id":"https:\/\/omegle.to\/lucky-crush\/#breadcrumb"},"inLanguage":"fr-FR","potentialAction":[{"@type":"ReadAction","target":["https:\/\/omegle.to\/lucky-crush\/"]}]},{"@type":"BreadcrumbList","@id":"https:\/\/omegle.to\/lucky-crush\/#breadcrumb","itemListElement":[{"@type":"ListItem","position":1,"name":"Home","item":"https:\/\/omegle.to\/"},{"@type":"ListItem","position":2,"name":"Lucky Crush &#8211; Online Video Chat Website"}]},{"@type":"WebSite","@id":"https:\/\/omegle.to\/#website","url":"https:\/\/omegle.to\/","name":"Omegle - Talk to Strangers","description":"Random Video Chat","publisher":{"@id":"https:\/\/omegle.to\/#organization"},"potentialAction":[{"@type":"SearchAction","target":{"@type":"EntryPoint","urlTemplate":"https:\/\/omegle.to\/?s={search_term_string}"},"query-input":"required name=search_term_string"}],"inLanguage":"fr-FR"},{"@type":"Organization","@id":"https:\/\/omegle.to\/#organization","name":"Omegle - Talk to Strangers","url":"https:\/\/omegle.to\/","logo":{"@type":"ImageObject","inLanguage":"fr-FR","@id":"https:\/\/omegle.to\/#\/schema\/logo\/image\/","url":"https:\/\/omegle.to\/wp-content\/uploads\/2021\/12\/omegle-omegle.to_.jpg","contentUrl":"https:\/\/omegle.to\/wp-content\/uploads\/2021\/12\/omegle-omegle.to_.jpg","width":1024,"height":820,"caption":"Omegle - Talk to Strangers"},"image":{"@id":"https:\/\/omegle.to\/#\/schema\/logo\/image\/"}}]}},"_links":{"self":[{"href":"https:\/\/omegle.to\/fr\/wp-json\/wp\/v2\/pages\/1646","targetHints":{"allow":["GET"]}}],"collection":[{"href":"https:\/\/omegle.to\/fr\/wp-json\/wp\/v2\/pages"}],"about":[{"href":"https:\/\/omegle.to\/fr\/wp-json\/wp\/v2\/types\/page"}],"author":[{"embeddable":true,"href":"https:\/\/omegle.to\/fr\/wp-json\/wp\/v2\/users\/2"}],"replies":[{"embeddable":true,"href":"https:\/\/omegle.to\/fr\/wp-json\/wp\/v2\/comments?post=1646"}],"version-history":[{"count":18,"href":"https:\/\/omegle.to\/fr\/wp-json\/wp\/v2\/pages\/1646\/revisions"}],"predecessor-version":[{"id":2038,"href":"https:\/\/omegle.to\/fr\/wp-json\/wp\/v2\/pages\/1646\/revisions\/2038"}],"wp:attachment":[{"href":"https:\/\/omegle.to\/fr\/wp-json\/wp\/v2\/media?parent=1646"}],"curies":[{"name":"wp","href":"https:\/\/api.w.org\/{rel}","templated":true}]}}