{"id":1629,"date":"2022-05-16T10:10:28","date_gmt":"2022-05-16T08:10:28","guid":{"rendered":"https:\/\/omegle.to\/?page_id=1629"},"modified":"2025-01-16T23:30:11","modified_gmt":"2025-01-16T21:30:11","slug":"tinychat","status":"publish","type":"page","link":"https:\/\/omegle.to\/fr\/petit-chat\/","title":{"rendered":"Tinychat \u2013 Salles de chat vid\u00e9o par webcam, simples et faciles."},"content":{"rendered":"<p>Tinychat permet aux utilisateurs de communiquer par chat texte, audio et vid\u00e9o. Vous pouvez facilement vous connecter \u00e0 d&#039;autres membres en cr\u00e9ant votre propre groupe de discussion en ligne. Tinychat vous permet de discuter avec vos amis via la voix, la vid\u00e9oconf\u00e9rence et la messagerie texte. Il a \u00e9t\u00e9 fond\u00e9 en 2009. Vous pouvez avoir des conversations priv\u00e9es avec des coll\u00e8gues ou des amis sur n&#039;importe quel sujet qui vous int\u00e9resse. Pour vous faire de nouveaux amis ou \u00e9tablir de nouvelles connexions, vous pouvez cr\u00e9er votre propre espace virtuel avec la fonction de chat de groupe. Tinychat a mis \u00e0 jour la conception de son site Web et supprim\u00e9 toutes les nouvelles solutions qui n&#039;\u00e9taient pas pertinentes depuis 2017. Tinychat a \u00e9galement d\u00e9velopp\u00e9 des applications pour iOS, <a href=\"https:\/\/android.com\">Andro\u00efde<\/a> et d&#039;autres appareils mobiles. Cela suffit-il \u00e0 accro\u00eetre votre curiosit\u00e9 ? Pour en savoir plus, visitez ce site de chat.<\/p>\n<h2 style=\"text-align: center;\">Tinychat avec de belles filles<\/h2>\n<p>Tinychat vous permet de vous connecter avec votre compte Facebook ou votre adresse e-mail. Cela ne prend que quelques secondes. Avant de pouvoir acc\u00e9der aux forums de discussion, vous devez cr\u00e9er un compte Tinychat. C&#039;est tr\u00e8s simple. Il peut \u00eatre difficile de rejoindre une salle de discussion. Une fois que vous avez cr\u00e9\u00e9 un compte, vous recevrez une URL que vous pourrez utiliser pour acc\u00e9der \u00e0 la salle de discussion. Vous pouvez copier l&#039;URL ou la saisir. Vous devrez remplir un formulaire lors de votre inscription \u00e0 Tinychat. Pour vous aider \u00e0 choisir les meilleurs h\u00e9bergements, ils auront besoin de conna\u00eetre certaines informations vous concernant. Ces informations incluent votre sexe, votre \u00e2ge, votre orientation et votre taille. Vous pouvez rejoindre n&#039;importe quel groupe de discussion facilement.<\/p>\n<p>Vous n&#039;aurez acc\u00e8s \u00e0 aucun profil si vous avez un compte gratuit. Pour voir la photo de la fille suivante, vous devez acheter un abonnement. Mettez \u00e0 niveau votre abonnement pour utiliser de meilleurs filtres et vous connecter avec des filles tinychat plus sexy.<\/p>\n<h2 style=\"text-align: center;\">Alternative \u00e0 Omegle<\/h2>\n<p>La mise \u00e0 niveau la plus basique est Pro. Elle comprend la visioconf\u00e9rence haute d\u00e9finition sans publicit\u00e9 et les informations d&#039;identification professionnelles. Des pi\u00e8ces et des publicit\u00e9s Tinychat seront \u00e9galement fournies. Les m\u00e9dailles Pro sont moins importantes que les m\u00e9dailles Extreme. Elles offrent une meilleure qualit\u00e9 d&#039;appel vid\u00e9o et une liste prioritaire des r\u00e9pertoires. Passez \u00e0 Gold et vous obtiendrez la t\u00e9l\u00e9conf\u00e9rence Full HD et un pseudonyme Gold. Vous disposez \u00e9galement d&#039;un classement prioritaire des r\u00e9pertoires, de pi\u00e8ces suppl\u00e9mentaires et d&#039;une visioconf\u00e9rence Full HD. Ces fonctionnalit\u00e9s sont id\u00e9ales pour Tinychat car elles vous rendent plus visible sur Tinychat et plus facilement accessible \u00e0 ceux qui recherchent des rendez-vous.<\/p>\n<p>Les profils sont bien structur\u00e9s pour permettre aux consommateurs de voir qui ils sont en dessous. Pour avoir une id\u00e9e de qui peut \u00eatre votre contact, vous pouvez consulter des photos et un r\u00e9sum\u00e9 de leurs profils. Ces caract\u00e9ristiques vous aideront \u00e0 d\u00e9cider avec qui vous devriez parler. Bien que le formulaire de compte soit con\u00e7u et adapt\u00e9, les clients doivent fournir les informations correctes. Ils sont \u00e9quip\u00e9s des outils n\u00e9cessaires pour cr\u00e9er une pr\u00e9sentation.<\/p>\n<p>L&#039;interface de Tinychat est intuitive. Tinychat est un m\u00e9lange du pass\u00e9 et du pr\u00e9sent. Tinychat combine la technologie d&#039;appel vid\u00e9o des ann\u00e9es 1990 avec des fonctionnalit\u00e9s en ligne modernes. Le chat al\u00e9atoire vous permet de vous amuser et de rester frais pendant que vous discutez.<\/p>\n<p>Il est simple \u00e0 utiliser et familier \u00e0 certains \u00e9gards. Tinychat poss\u00e8de de nombreuses fonctionnalit\u00e9s uniques.<\/p>\n<p>Vous souhaitez acheter quelque chose en ligne ? Pour offrir un cadeau \u00e0 une personne qui vous est ch\u00e8re, vous pouvez utiliser les pi\u00e8ces que vous avez gagn\u00e9es. Les points cool peuvent \u00eatre un excellent moyen de faire \u00e9voluer votre compte. Pour aider les autres, le point cool peut \u00eatre ajout\u00e9 au profil de l&#039;utilisateur. Ces cr\u00e9dits peuvent \u00eatre gagn\u00e9s en envoyant et en recevant des cadeaux. Ces cr\u00e9dits peuvent \u00eatre utilis\u00e9s pour passer aux niveaux sup\u00e9rieurs et gagner de l&#039;exp\u00e9rience.<\/p>\n<p>L&#039;index en direct est indispensable si vous souhaitez \u00eatre populaire aupr\u00e8s des utilisateurs. Gagner des points augmente vos chances d&#039;entrer dans l&#039;annuaire en direct. Cette plateforme num\u00e9rique vous permettra de gagner en notori\u00e9t\u00e9 et en reconnaissance gr\u00e2ce \u00e0 l&#039;annuaire en direct.<\/p>\n<p>Tiny Chat est une excellente plateforme d&#039;application Omegle qui combine le meilleur des anciennes et des nouvelles m\u00e9thodes de communication. Le design se distingue par sa typographie attrayante et ses couleurs vives. Le groupe de discussion sexy compte une client\u00e8le jeune. Ces groupes de discussion peuvent discuter de nombreux sujets, notamment de sexualit\u00e9 et de cosm\u00e9tiques, ainsi que d&#039;informations g\u00e9n\u00e9rales, de clubs de c\u00e9libataires et de divertissement. N&#039;importe quelle organisation peut \u00eatre rejointe \u00e0 tout moment. Vous n&#039;avez pas besoin d&#039;\u00eatre remarqu\u00e9. Cependant, vous pouvez toujours entendre les autres membres de votre \u00e9quipe.<\/p>\n<h2 style=\"text-align: center;\">N&#039;attendez plus, rejoignez d\u00e8s aujourd&#039;hui Tinychat Alternative.<\/h2>\n<p>Omegle.to ne n\u00e9cessite pas l&#039;installation de logiciels ou d&#039;applications suppl\u00e9mentaires. Vous pouvez lancer l&#039;application vid\u00e9o sur votre navigateur en appuyant simplement sur un bouton. Un seul clic est n\u00e9cessaire pour permettre \u00e0 votre navigateur d&#039;utiliser le microphone et la webcam. Il existe de nombreuses alternatives \u00e0 Omegle qui sont similaires au portail de chat al\u00e9atoire virtuel. Vous pouvez utiliser certaines des fonctionnalit\u00e9s les plus recherch\u00e9es de ces options de chat si vous connaissez le processus.<\/p>\n<p>Cliquez sur le bouton pour commencer. Vous serez instantan\u00e9ment connect\u00e9 \u00e0 une conversation al\u00e9atoire. Pour interagir avec une autre personne, appuyez sur \u00ab continuer \u00bb. Cliquez sur le bouton \u00ab continuer \u00bb en haut de l&#039;application de chat pour choisir de communiquer uniquement avec des personnes de certains pays. S\u00e9lectionnez l&#039;ic\u00f4ne pour les femmes pour communiquer uniquement avec elles. Filtrez par sexe. Vous pouvez \u00e9galement configurer en ligne les param\u00e8tres du vaste Omegle, avec de nombreuses options.<\/p>","protected":false},"excerpt":{"rendered":"<p>Tinychat permet aux utilisateurs de communiquer par SMS, audio et vid\u00e9o. Connectez-vous facilement aux autres membres en cr\u00e9ant votre propre groupe de discussion en ligne. Tinychat vous permet de discuter avec vos amis par audio, visioconf\u00e9rence et SMS. Fond\u00e9 en 2009, il vous permet d&#039;avoir des conversations priv\u00e9es avec vos coll\u00e8gues ou amis sur tous les sujets [\u2026]<\/p>","protected":false},"author":2,"featured_media":0,"parent":0,"menu_order":0,"comment_status":"closed","ping_status":"closed","template":"","meta":{"footnotes":""},"class_list":["post-1629","page","type-page","status-publish","hentry"],"yoast_head":"<!-- This site is optimized with the Yoast SEO Premium plugin v21.5 (Yoast SEO v21.5) - https:\/\/yoast.com\/wordpress\/plugins\/seo\/ -->\n<title>Tinychat - Webcam video chat rooms, simple and easy.<\/title>\n<meta name=\"description\" content=\"Anytime and anywhere you want, random video chat with Tinychat. Beautiful and Sexy Strangers are ready to meet you!\" \/>\n<meta name=\"robots\" content=\"index, follow, max-snippet:-1, max-image-preview:large, max-video-preview:-1\" \/>\n<link rel=\"canonical\" href=\"https:\/\/omegle.to\/fr\/petit-chat\/\" \/>\n<meta property=\"og:locale\" content=\"fr_FR\" \/>\n<meta property=\"og:type\" content=\"article\" \/>\n<meta property=\"og:title\" content=\"Tinychat - Webcam video chat rooms, simple and easy.\" \/>\n<meta property=\"og:description\" content=\"Anytime and anywhere you want, random video chat with Tinychat. Beautiful and Sexy Strangers are ready to meet you!\" \/>\n<meta property=\"og:url\" content=\"https:\/\/omegle.to\/fr\/petit-chat\/\" \/>\n<meta property=\"og:site_name\" content=\"Omegle - Talk to Strangers\" \/>\n<meta property=\"article:modified_time\" content=\"2025-01-16T21:30:11+00:00\" \/>\n<meta name=\"twitter:card\" content=\"summary_large_image\" \/>\n<meta name=\"twitter:label1\" content=\"Dur\u00e9e de lecture estim\u00e9e\" \/>\n\t<meta name=\"twitter:data1\" content=\"4 minutes\" \/>\n<script type=\"application\/ld+json\" class=\"yoast-schema-graph\">{\"@context\":\"https:\/\/schema.org\",\"@graph\":[{\"@type\":\"WebPage\",\"@id\":\"https:\/\/omegle.to\/tinychat\/\",\"url\":\"https:\/\/omegle.to\/tinychat\/\",\"name\":\"Tinychat - Webcam video chat rooms, simple and easy.\",\"isPartOf\":{\"@id\":\"https:\/\/omegle.to\/#website\"},\"datePublished\":\"2022-05-16T08:10:28+00:00\",\"dateModified\":\"2025-01-16T21:30:11+00:00\",\"description\":\"Anytime and anywhere you want, random video chat with Tinychat. Beautiful and Sexy Strangers are ready to meet you!\",\"breadcrumb\":{\"@id\":\"https:\/\/omegle.to\/tinychat\/#breadcrumb\"},\"inLanguage\":\"fr-FR\",\"potentialAction\":[{\"@type\":\"ReadAction\",\"target\":[\"https:\/\/omegle.to\/tinychat\/\"]}]},{\"@type\":\"BreadcrumbList\",\"@id\":\"https:\/\/omegle.to\/tinychat\/#breadcrumb\",\"itemListElement\":[{\"@type\":\"ListItem\",\"position\":1,\"name\":\"Home\",\"item\":\"https:\/\/omegle.to\/\"},{\"@type\":\"ListItem\",\"position\":2,\"name\":\"Tinychat &#8211; Webcam video chat rooms, simple and easy.\"}]},{\"@type\":\"WebSite\",\"@id\":\"https:\/\/omegle.to\/#website\",\"url\":\"https:\/\/omegle.to\/\",\"name\":\"Omegle - Talk to Strangers\",\"description\":\"Random Video Chat\",\"publisher\":{\"@id\":\"https:\/\/omegle.to\/#organization\"},\"potentialAction\":[{\"@type\":\"SearchAction\",\"target\":{\"@type\":\"EntryPoint\",\"urlTemplate\":\"https:\/\/omegle.to\/?s={search_term_string}\"},\"query-input\":\"required name=search_term_string\"}],\"inLanguage\":\"fr-FR\"},{\"@type\":\"Organization\",\"@id\":\"https:\/\/omegle.to\/#organization\",\"name\":\"Omegle - Talk to Strangers\",\"url\":\"https:\/\/omegle.to\/\",\"logo\":{\"@type\":\"ImageObject\",\"inLanguage\":\"fr-FR\",\"@id\":\"https:\/\/omegle.to\/#\/schema\/logo\/image\/\",\"url\":\"https:\/\/omegle.to\/wp-content\/uploads\/2021\/12\/omegle-omegle.to_.jpg\",\"contentUrl\":\"https:\/\/omegle.to\/wp-content\/uploads\/2021\/12\/omegle-omegle.to_.jpg\",\"width\":1024,\"height\":820,\"caption\":\"Omegle - Talk to Strangers\"},\"image\":{\"@id\":\"https:\/\/omegle.to\/#\/schema\/logo\/image\/\"}}]}<\/script>\n<!-- \/ Yoast SEO Premium plugin. -->","yoast_head_json":{"title":"Tinychat - Webcam video chat rooms, simple and easy.","description":"Anytime and anywhere you want, random video chat with Tinychat. Beautiful and Sexy Strangers are ready to meet you!","robots":{"index":"index","follow":"follow","max-snippet":"max-snippet:-1","max-image-preview":"max-image-preview:large","max-video-preview":"max-video-preview:-1"},"canonical":"https:\/\/omegle.to\/fr\/petit-chat\/","og_locale":"fr_FR","og_type":"article","og_title":"Tinychat - Webcam video chat rooms, simple and easy.","og_description":"Anytime and anywhere you want, random video chat with Tinychat. Beautiful and Sexy Strangers are ready to meet you!","og_url":"https:\/\/omegle.to\/fr\/petit-chat\/","og_site_name":"Omegle - Talk to Strangers","article_modified_time":"2025-01-16T21:30:11+00:00","twitter_card":"summary_large_image","twitter_misc":{"Dur\u00e9e de lecture estim\u00e9e":"4 minutes"},"schema":{"@context":"https:\/\/schema.org","@graph":[{"@type":"WebPage","@id":"https:\/\/omegle.to\/tinychat\/","url":"https:\/\/omegle.to\/tinychat\/","name":"Tinychat - Webcam video chat rooms, simple and easy.","isPartOf":{"@id":"https:\/\/omegle.to\/#website"},"datePublished":"2022-05-16T08:10:28+00:00","dateModified":"2025-01-16T21:30:11+00:00","description":"Anytime and anywhere you want, random video chat with Tinychat. Beautiful and Sexy Strangers are ready to meet you!","breadcrumb":{"@id":"https:\/\/omegle.to\/tinychat\/#breadcrumb"},"inLanguage":"fr-FR","potentialAction":[{"@type":"ReadAction","target":["https:\/\/omegle.to\/tinychat\/"]}]},{"@type":"BreadcrumbList","@id":"https:\/\/omegle.to\/tinychat\/#breadcrumb","itemListElement":[{"@type":"ListItem","position":1,"name":"Home","item":"https:\/\/omegle.to\/"},{"@type":"ListItem","position":2,"name":"Tinychat &#8211; Webcam video chat rooms, simple and easy."}]},{"@type":"WebSite","@id":"https:\/\/omegle.to\/#website","url":"https:\/\/omegle.to\/","name":"Omegle - Talk to Strangers","description":"Random Video Chat","publisher":{"@id":"https:\/\/omegle.to\/#organization"},"potentialAction":[{"@type":"SearchAction","target":{"@type":"EntryPoint","urlTemplate":"https:\/\/omegle.to\/?s={search_term_string}"},"query-input":"required name=search_term_string"}],"inLanguage":"fr-FR"},{"@type":"Organization","@id":"https:\/\/omegle.to\/#organization","name":"Omegle - Talk to Strangers","url":"https:\/\/omegle.to\/","logo":{"@type":"ImageObject","inLanguage":"fr-FR","@id":"https:\/\/omegle.to\/#\/schema\/logo\/image\/","url":"https:\/\/omegle.to\/wp-content\/uploads\/2021\/12\/omegle-omegle.to_.jpg","contentUrl":"https:\/\/omegle.to\/wp-content\/uploads\/2021\/12\/omegle-omegle.to_.jpg","width":1024,"height":820,"caption":"Omegle - Talk to Strangers"},"image":{"@id":"https:\/\/omegle.to\/#\/schema\/logo\/image\/"}}]}},"_links":{"self":[{"href":"https:\/\/omegle.to\/fr\/wp-json\/wp\/v2\/pages\/1629","targetHints":{"allow":["GET"]}}],"collection":[{"href":"https:\/\/omegle.to\/fr\/wp-json\/wp\/v2\/pages"}],"about":[{"href":"https:\/\/omegle.to\/fr\/wp-json\/wp\/v2\/types\/page"}],"author":[{"embeddable":true,"href":"https:\/\/omegle.to\/fr\/wp-json\/wp\/v2\/users\/2"}],"replies":[{"embeddable":true,"href":"https:\/\/omegle.to\/fr\/wp-json\/wp\/v2\/comments?post=1629"}],"version-history":[{"count":14,"href":"https:\/\/omegle.to\/fr\/wp-json\/wp\/v2\/pages\/1629\/revisions"}],"predecessor-version":[{"id":2048,"href":"https:\/\/omegle.to\/fr\/wp-json\/wp\/v2\/pages\/1629\/revisions\/2048"}],"wp:attachment":[{"href":"https:\/\/omegle.to\/fr\/wp-json\/wp\/v2\/media?parent=1629"}],"curies":[{"name":"wp","href":"https:\/\/api.w.org\/{rel}","templated":true}]}}