{"id":1622,"date":"2022-04-21T21:37:49","date_gmt":"2022-04-21T19:37:49","guid":{"rendered":"https:\/\/omegle.to\/?page_id=1622"},"modified":"2025-01-16T23:01:38","modified_gmt":"2025-01-16T21:01:38","slug":"emerald-chat","status":"publish","type":"page","link":"https:\/\/omegle.to\/fr\/chat-emeraude\/","title":{"rendered":"Emerald Chat | Alternative \u00e0 Omegle"},"content":{"rendered":"<p>Emerald Chat propose le plus grand nombre de chats en ligne. Vous pouvez \u00e9galement l&#039;utiliser pour discuter avec des inconnus, des chats vid\u00e9o al\u00e9atoires et des alternatives de chat par cam\u00e9ra inconnue sur Omegle. Ce site compte le plus grand nombre d&#039;utilisateurs et offre de nombreuses options. Un autre site de rencontre qui permet de se connecter facilement avec d&#039;autres personnes. C&#039;est le seul parmi de nombreux r\u00e9seaux d&#039;engagement en ligne. Emerald Chat peut \u00eatre revisit\u00e9 pour de nouvelles exp\u00e9riences \u00e0 chaque fois. C&#039;est le joyau le plus important dans la mer des r\u00e9seaux sociaux engag\u00e9s. Pour profiter d&#039;une exp\u00e9rience enti\u00e8rement nouvelle, vous pouvez visiter le site \u00e0 plusieurs reprises.<\/p>\n<h2 style=\"text-align: center;\">Cam pour des inconnus avec de belles filles<\/h2>\n<p>La fonctionnalit\u00e9 la plus importante d&#039;Emerald Chat est la possibilit\u00e9 de discuter en ligne avec des individus al\u00e9atoires. Cette merveilleuse fonctionnalit\u00e9 vous permet de discuter en ligne avec des inconnus. Gr\u00e2ce \u00e0 Emerald Chat, vous pouvez communiquer en toute s\u00e9curit\u00e9 avec d&#039;autres personnes en priv\u00e9. Vous pouvez facilement communiquer avec des personnes du monde entier via Emerald Chat. Avec le chat vid\u00e9o gratuit, vous pouvez visionner des webcams sur votre iPhone ou <a href=\"https:\/\/android.com\">Andro\u00efde<\/a>. Notre webcam al\u00e9atoire associe les utilisateurs \u00e0 des personnes al\u00e9atoires pour des conversations instantan\u00e9es en direct. Discutez rapidement avec vos amis et connaissances en rejoignant un groupe ou en appelant en quelques secondes. Notre site Web ne r\u00e9v\u00e9lera pas votre identit\u00e9. Gr\u00e2ce au site du r\u00e9seau Emerald Chat, vous pouvez rencontrer des personnes anonymes en ligne. Emerald Chat est le meilleur moyen de rester heureux. Vous vous sentirez moins seul en vous connectant au site. En ligne, vous vous sentirez plus positif et plus heureux.<\/p>\n<h2 style=\"text-align: center;\">Application de chat Emerald<\/h2>\n<p>Emerald Chat est disponible sur l&#039;App Store ainsi que sur Google Play. L&#039;application peut \u00eatre utilis\u00e9e sur n&#039;importe quel appareil, qu&#039;il s&#039;agisse d&#039;un iPhone ou d&#039;un smartphone. Le site Web est facile \u00e0 utiliser en ligne. L&#039;application peut \u00eatre utilis\u00e9e pour des vid\u00e9oconf\u00e9rences avec d&#039;autres personnes via une visioconf\u00e9rence Full HD de cam\u00e9ra \u00e0 cam\u00e9ra. Son utilisation est tr\u00e8s simple. Vous pouvez installer presque toutes les applications Android. Pour installer presque toutes les applications Android, vous aurez besoin d&#039;un smartphone Android. Pour t\u00e9l\u00e9charger l&#039;application depuis l&#039;Apple Store, vous aurez besoin d&#039;un iPhone. Selon le mod\u00e8le de votre appareil mobile, ce programme peut \u00eatre plus petit.<\/p>\n<p>Ce logiciel a \u00e9t\u00e9 sp\u00e9cialement cr\u00e9\u00e9 pour Android. Le logiciel peut \u00eatre t\u00e9l\u00e9charg\u00e9 depuis le Play Store ou sur Internet. Il est gratuit \u00e0 t\u00e9l\u00e9charger et vous pouvez ensuite l&#039;utiliser. Cliquez sur le bouton pour commencer. Utilisez \u00ab continuer \u00bb pour une conversation avec une autre personne. En cliquant sur le bouton \u00ab continuer \u00bb en haut, vous pouvez choisir de communiquer avec des personnes de pays et de r\u00e9gions sp\u00e9cifiques. Communiquez uniquement avec des femmes en s\u00e9lectionnant l&#039;ic\u00f4ne correspondante. Vous pouvez \u00e9galement configurer les param\u00e8tres du vaste \u00ab Emerald Chat \u00bb en ligne.<\/p>\n<h2 style=\"text-align: center;\">Comment utiliser Emerald Chat ?<!-- Logo --><\/h2>\n<p>Omegle.to ne n\u00e9cessite pas l&#039;installation de logiciels ou d&#039;applications suppl\u00e9mentaires. Vous pouvez lancer l&#039;application vid\u00e9o sur votre navigateur en appuyant simplement sur un bouton. Un seul clic est n\u00e9cessaire pour permettre \u00e0 votre navigateur d&#039;utiliser le microphone et la webcam. Il existe de nombreuses alternatives \u00e0 Omegle comme Emerald Chat qui sont similaires au portail de chat al\u00e9atoire virtuel. Vous pouvez utiliser certaines des fonctionnalit\u00e9s les plus recherch\u00e9es de ces options de chat si vous connaissez le processus.<\/p>\n<p>Cliquez sur le bouton pour commencer. Vous serez instantan\u00e9ment connect\u00e9 \u00e0 une conversation al\u00e9atoire. Pour interagir avec une autre personne, appuyez sur \u00ab continuer \u00bb. Cliquez sur le bouton \u00ab continuer \u00bb en haut de l&#039;application de chat pour choisir de communiquer uniquement avec des personnes de certains pays. S\u00e9lectionnez l&#039;ic\u00f4ne pour les femmes pour communiquer uniquement avec elles. Filtrez par sexe. Vous pouvez \u00e9galement configurer en ligne les param\u00e8tres du vaste Omegle, avec de nombreuses options.<\/p>","protected":false},"excerpt":{"rendered":"<p>Emerald Chat propose le plus grand nombre de chats en ligne. Vous pouvez \u00e9galement l&#039;utiliser pour discuter avec des inconnus, discuter en vid\u00e9o al\u00e9atoire et utiliser StrangerCam, une alternative \u00e0 Omegle. Ce site compte le plus grand nombre d&#039;utilisateurs et offre de nombreuses options. Un autre site de rencontre qui facilite les rencontres. C&#039;est le seul parmi tant d&#039;autres [\u2026]<\/p>","protected":false},"author":2,"featured_media":0,"parent":0,"menu_order":0,"comment_status":"closed","ping_status":"closed","template":"","meta":{"footnotes":""},"class_list":["post-1622","page","type-page","status-publish","hentry"],"yoast_head":"<!-- This site is optimized with the Yoast SEO Premium plugin v21.5 (Yoast SEO v21.5) - https:\/\/yoast.com\/wordpress\/plugins\/seo\/ -->\n<title>Emerald Chat | Omegle Alternative<\/title>\n<meta name=\"description\" content=\"Anytime and anywhere you want, random video chat with Emerald Chat. Beautiful and Sexy Strangers are ready to meet you!\" \/>\n<meta name=\"robots\" content=\"index, follow, max-snippet:-1, max-image-preview:large, max-video-preview:-1\" \/>\n<link rel=\"canonical\" href=\"https:\/\/omegle.to\/fr\/chat-emeraude\/\" \/>\n<meta property=\"og:locale\" content=\"fr_FR\" \/>\n<meta property=\"og:type\" content=\"article\" \/>\n<meta property=\"og:title\" content=\"Emerald Chat | Omegle Alternative\" \/>\n<meta property=\"og:description\" content=\"Anytime and anywhere you want, random video chat with Emerald Chat. Beautiful and Sexy Strangers are ready to meet you!\" \/>\n<meta property=\"og:url\" content=\"https:\/\/omegle.to\/fr\/chat-emeraude\/\" \/>\n<meta property=\"og:site_name\" content=\"Omegle - Talk to Strangers\" \/>\n<meta property=\"article:modified_time\" content=\"2025-01-16T21:01:38+00:00\" \/>\n<meta name=\"twitter:card\" content=\"summary_large_image\" \/>\n<meta name=\"twitter:label1\" content=\"Dur\u00e9e de lecture estim\u00e9e\" \/>\n\t<meta name=\"twitter:data1\" content=\"3 minutes\" \/>\n<script type=\"application\/ld+json\" class=\"yoast-schema-graph\">{\"@context\":\"https:\/\/schema.org\",\"@graph\":[{\"@type\":\"WebPage\",\"@id\":\"https:\/\/omegle.to\/emerald-chat\/\",\"url\":\"https:\/\/omegle.to\/emerald-chat\/\",\"name\":\"Emerald Chat | Omegle Alternative\",\"isPartOf\":{\"@id\":\"https:\/\/omegle.to\/#website\"},\"datePublished\":\"2022-04-21T19:37:49+00:00\",\"dateModified\":\"2025-01-16T21:01:38+00:00\",\"description\":\"Anytime and anywhere you want, random video chat with Emerald Chat. Beautiful and Sexy Strangers are ready to meet you!\",\"breadcrumb\":{\"@id\":\"https:\/\/omegle.to\/emerald-chat\/#breadcrumb\"},\"inLanguage\":\"fr-FR\",\"potentialAction\":[{\"@type\":\"ReadAction\",\"target\":[\"https:\/\/omegle.to\/emerald-chat\/\"]}]},{\"@type\":\"BreadcrumbList\",\"@id\":\"https:\/\/omegle.to\/emerald-chat\/#breadcrumb\",\"itemListElement\":[{\"@type\":\"ListItem\",\"position\":1,\"name\":\"Home\",\"item\":\"https:\/\/omegle.to\/\"},{\"@type\":\"ListItem\",\"position\":2,\"name\":\"Emerald Chat | Omegle Alternative\"}]},{\"@type\":\"WebSite\",\"@id\":\"https:\/\/omegle.to\/#website\",\"url\":\"https:\/\/omegle.to\/\",\"name\":\"Omegle - Talk to Strangers\",\"description\":\"Random Video Chat\",\"publisher\":{\"@id\":\"https:\/\/omegle.to\/#organization\"},\"potentialAction\":[{\"@type\":\"SearchAction\",\"target\":{\"@type\":\"EntryPoint\",\"urlTemplate\":\"https:\/\/omegle.to\/?s={search_term_string}\"},\"query-input\":\"required name=search_term_string\"}],\"inLanguage\":\"fr-FR\"},{\"@type\":\"Organization\",\"@id\":\"https:\/\/omegle.to\/#organization\",\"name\":\"Omegle - Talk to Strangers\",\"url\":\"https:\/\/omegle.to\/\",\"logo\":{\"@type\":\"ImageObject\",\"inLanguage\":\"fr-FR\",\"@id\":\"https:\/\/omegle.to\/#\/schema\/logo\/image\/\",\"url\":\"https:\/\/omegle.to\/wp-content\/uploads\/2021\/12\/omegle-omegle.to_.jpg\",\"contentUrl\":\"https:\/\/omegle.to\/wp-content\/uploads\/2021\/12\/omegle-omegle.to_.jpg\",\"width\":1024,\"height\":820,\"caption\":\"Omegle - Talk to Strangers\"},\"image\":{\"@id\":\"https:\/\/omegle.to\/#\/schema\/logo\/image\/\"}}]}<\/script>\n<!-- \/ Yoast SEO Premium plugin. -->","yoast_head_json":{"title":"Emerald Chat | Omegle Alternative","description":"Anytime and anywhere you want, random video chat with Emerald Chat. Beautiful and Sexy Strangers are ready to meet you!","robots":{"index":"index","follow":"follow","max-snippet":"max-snippet:-1","max-image-preview":"max-image-preview:large","max-video-preview":"max-video-preview:-1"},"canonical":"https:\/\/omegle.to\/fr\/chat-emeraude\/","og_locale":"fr_FR","og_type":"article","og_title":"Emerald Chat | Omegle Alternative","og_description":"Anytime and anywhere you want, random video chat with Emerald Chat. Beautiful and Sexy Strangers are ready to meet you!","og_url":"https:\/\/omegle.to\/fr\/chat-emeraude\/","og_site_name":"Omegle - Talk to Strangers","article_modified_time":"2025-01-16T21:01:38+00:00","twitter_card":"summary_large_image","twitter_misc":{"Dur\u00e9e de lecture estim\u00e9e":"3 minutes"},"schema":{"@context":"https:\/\/schema.org","@graph":[{"@type":"WebPage","@id":"https:\/\/omegle.to\/emerald-chat\/","url":"https:\/\/omegle.to\/emerald-chat\/","name":"Emerald Chat | Omegle Alternative","isPartOf":{"@id":"https:\/\/omegle.to\/#website"},"datePublished":"2022-04-21T19:37:49+00:00","dateModified":"2025-01-16T21:01:38+00:00","description":"Anytime and anywhere you want, random video chat with Emerald Chat. Beautiful and Sexy Strangers are ready to meet you!","breadcrumb":{"@id":"https:\/\/omegle.to\/emerald-chat\/#breadcrumb"},"inLanguage":"fr-FR","potentialAction":[{"@type":"ReadAction","target":["https:\/\/omegle.to\/emerald-chat\/"]}]},{"@type":"BreadcrumbList","@id":"https:\/\/omegle.to\/emerald-chat\/#breadcrumb","itemListElement":[{"@type":"ListItem","position":1,"name":"Home","item":"https:\/\/omegle.to\/"},{"@type":"ListItem","position":2,"name":"Emerald Chat | Omegle Alternative"}]},{"@type":"WebSite","@id":"https:\/\/omegle.to\/#website","url":"https:\/\/omegle.to\/","name":"Omegle - Talk to Strangers","description":"Random Video Chat","publisher":{"@id":"https:\/\/omegle.to\/#organization"},"potentialAction":[{"@type":"SearchAction","target":{"@type":"EntryPoint","urlTemplate":"https:\/\/omegle.to\/?s={search_term_string}"},"query-input":"required name=search_term_string"}],"inLanguage":"fr-FR"},{"@type":"Organization","@id":"https:\/\/omegle.to\/#organization","name":"Omegle - Talk to Strangers","url":"https:\/\/omegle.to\/","logo":{"@type":"ImageObject","inLanguage":"fr-FR","@id":"https:\/\/omegle.to\/#\/schema\/logo\/image\/","url":"https:\/\/omegle.to\/wp-content\/uploads\/2021\/12\/omegle-omegle.to_.jpg","contentUrl":"https:\/\/omegle.to\/wp-content\/uploads\/2021\/12\/omegle-omegle.to_.jpg","width":1024,"height":820,"caption":"Omegle - Talk to Strangers"},"image":{"@id":"https:\/\/omegle.to\/#\/schema\/logo\/image\/"}}]}},"_links":{"self":[{"href":"https:\/\/omegle.to\/fr\/wp-json\/wp\/v2\/pages\/1622","targetHints":{"allow":["GET"]}}],"collection":[{"href":"https:\/\/omegle.to\/fr\/wp-json\/wp\/v2\/pages"}],"about":[{"href":"https:\/\/omegle.to\/fr\/wp-json\/wp\/v2\/types\/page"}],"author":[{"embeddable":true,"href":"https:\/\/omegle.to\/fr\/wp-json\/wp\/v2\/users\/2"}],"replies":[{"embeddable":true,"href":"https:\/\/omegle.to\/fr\/wp-json\/wp\/v2\/comments?post=1622"}],"version-history":[{"count":11,"href":"https:\/\/omegle.to\/fr\/wp-json\/wp\/v2\/pages\/1622\/revisions"}],"predecessor-version":[{"id":2035,"href":"https:\/\/omegle.to\/fr\/wp-json\/wp\/v2\/pages\/1622\/revisions\/2035"}],"wp:attachment":[{"href":"https:\/\/omegle.to\/fr\/wp-json\/wp\/v2\/media?parent=1622"}],"curies":[{"name":"wp","href":"https:\/\/api.w.org\/{rel}","templated":true}]}}