{"id":1613,"date":"2022-04-21T21:12:47","date_gmt":"2022-04-21T19:12:47","guid":{"rendered":"https:\/\/omegle.to\/?page_id=1613"},"modified":"2025-01-16T22:18:07","modified_gmt":"2025-01-16T20:18:07","slug":"omegle-alternative","status":"publish","type":"page","link":"https:\/\/omegle.to\/fr\/alternative-a-omegle\/","title":{"rendered":"Alternative \u00e0 Omegle"},"content":{"rendered":"<p>Vous pouvez discuter de mani\u00e8re anonyme avec une alternative \u00e0 Omegle depuis n&#039;importe o\u00f9 et \u00e0 tout moment. De belles et s\u00e9duisantes inconnues attendent de vous rencontrer ! L&#039;Omegle <a href=\"https:\/\/omegle.to\/fr\/parler-a-des-inconnus-sur-omegle\/\">Parlez \u00e0 des inconnus<\/a> Le portail est d\u00e9sormais gratuit pour vous. Ce portail est ouvert \u00e0 tous ceux qui souhaitent en savoir plus sur les inconnus en ligne. Pour discuter en ligne, chaque inconnu a besoin d&#039;un ami. Tout le monde peut utiliser le chat webcam gratuit pour voir si les inconnus sont dignes de confiance. En tant qu&#039;alternative \u00e0 Omegle, les sites de t\u00e9l\u00e9vision proposent des services de chat vid\u00e9o al\u00e9atoires et les font passer pour des ma\u00eetres. Vous vous ennuyez chez vous ? Nous avons la solution \u00e0 votre solitude. Il est possible de rencontrer des gens de votre pays ou de l&#039;\u00e9tranger, de vous faire des amis et\/ou des \u00e2mes s\u0153urs et de vous amuser avec eux. Vous avez des possibilit\u00e9s infinies de correspondances possibles avec les 500 000 utilisateurs actifs dans diff\u00e9rents pays chaque jour.<\/p>\n<p>De nombreux sites de chat vid\u00e9o sont disponibles en ligne. La plupart d&#039;entre eux sont trop remplis d&#039;hommes. Il peut \u00eatre difficile de trouver les informations dont vous avez besoin. Omegle vous permet de discuter en direct avec des filles. Ce site est l&#039;endroit id\u00e9al pour avoir des conversations al\u00e9atoires avec des filles v\u00e9rifi\u00e9es. Omegle vous permet de trouver des filles partout dans le monde. Les rencontres vid\u00e9o al\u00e9atoires vous permettent de sortir avec autant de filles que vous le souhaitez. Votre vie est impr\u00e9visible ! Omegle.to peut \u00eatre un excellent choix pour les personnes qui aiment les appels vid\u00e9o et vocaux. L&#039;application Omegle vous permet d&#039;utiliser la fonction de chat en direct d&#039;Omegle sans avoir besoin de t\u00e9l\u00e9charger une application alternative \u00e0 Omegle (apk). Omegle.to permet les chats vocaux et vid\u00e9o. Si vous n&#039;activez pas votre cam\u00e9ra dans les param\u00e8tres de l&#039;application Omegle, vous pourriez avoir des probl\u00e8mes avec la cam\u00e9ra et le micro. Il est recommand\u00e9 d&#039;utiliser le navigateur Google Chrome si vous \u00eates un utilisateur Android.<\/p>\n<div class=\"elementor-element elementor-element-4468f45 elementor-widget elementor-widget-heading\" data-id=\"4468f45\" data-element_type=\"widget\" data-widget_type=\"heading.default\">\n<div class=\"elementor-widget-container\">\n<h2 class=\"elementor-heading-title elementor-size-h3\" style=\"text-align: center;\"><span style=\"color: #808080;\">Conseils de conversation alternatifs Omegle<\/span><\/h2>\n<\/div>\n<\/div>\n<div class=\"elementor-element elementor-element-8d629ce elementor-widget elementor-widget-text-editor\" data-id=\"8d629ce\" data-element_type=\"widget\" data-widget_type=\"text-editor.default\">\n<div class=\"elementor-widget-container\">\n<p>Vous avez du mal \u00e0 \u00e9tablir des liens avec les autres ? Nous avons tous les outils dont vous avez besoin et pouvons vous aider \u00e0 d\u00e9marrer.<\/p>\n<ol>\n<li>Posez de nouvelles questions et soyez cr\u00e9atif. Les gens ont tendance \u00e0 s&#039;ennuyer avec les m\u00eames questions que le bot Omegle. C&#039;est toujours agr\u00e9able de pouvoir personnaliser son exp\u00e9rience.<\/li>\n<li>Essayez d&#039;\u00eatre vous-m\u00eame. Si quelqu&#039;un ne vous aime pas, passez \u00e0 quelqu&#039;un d&#039;autre. De cette fa\u00e7on, vous trouverez quelqu&#039;un d&#039;authentique.<\/li>\n<li>Souriez, riez et soyez poli. Une personnalit\u00e9 chaleureuse permet une conversation plus ouverte.<\/li>\n<li>Habillez-vous convenablement. Cela am\u00e9liore l&#039;ambiance.<\/li>\n<li>Assurez-vous d&#039;avoir un \u00e9clairage ad\u00e9quat dans la pi\u00e8ce. Pour pouvoir parler agr\u00e9ablement \u00e0 certains, les voir correctement est toujours un plus.<\/li>\n<\/ol>\n<\/div>\n<\/div>\n<h2 style=\"text-align: center;\"><span style=\"color: #808080;\">Comment utiliser une alternative \u00e0 Omegle<\/span><\/h2>\n<p>Omegle.to ne n\u00e9cessite pas l&#039;installation de logiciels ou d&#039;applications suppl\u00e9mentaires. Vous pouvez lancer l&#039;application vid\u00e9o sur votre navigateur en appuyant simplement sur un bouton. Un seul clic est n\u00e9cessaire pour permettre \u00e0 votre navigateur d&#039;utiliser le microphone et la webcam. Il existe de nombreuses alternatives \u00e0 Omegle similaires au portail de chat al\u00e9atoire virtuel. Vous pouvez utiliser certaines des fonctionnalit\u00e9s les plus recherch\u00e9es de ces options de chat si vous connaissez le processus. Cliquez sur le bouton pour commencer. Vous serez instantan\u00e9ment connect\u00e9 \u00e0 une conversation al\u00e9atoire. Pour interagir avec une autre personne, appuyez sur \u00ab continuer \u00bb. Cliquez sur le bouton \u00ab continuer \u00bb en haut de l&#039;application de chat pour choisir de communiquer uniquement avec des personnes de certains pays. S\u00e9lectionnez l&#039;ic\u00f4ne des femmes pour communiquer uniquement avec elles. Filtrez par sexe. Vous pouvez \u00e9galement configurer en ligne les param\u00e8tres de l&#039;alternative compl\u00e8te \u00e0 Omegle, avec de nombreuses options.<\/p>","protected":false},"excerpt":{"rendered":"<p>Vous pouvez chatter anonymement avec une alternative \u00e0 Omegle, o\u00f9 que vous soyez et \u00e0 tout moment. De belles et s\u00e9duisantes inconnues attendent de vous rencontrer\u00a0! Le portail Omegle \u00ab\u00a0Parler \u00e0 des inconnus\u00a0\u00bb est d\u00e9sormais gratuit. Ce portail est ouvert \u00e0 tous ceux qui souhaitent en savoir plus sur les inconnus en ligne. Pour chatter en ligne, chaque inconnu a besoin d&#039;un ami. N&#039;importe qui [\u2026]<\/p>","protected":false},"author":2,"featured_media":0,"parent":0,"menu_order":0,"comment_status":"closed","ping_status":"closed","template":"","meta":{"footnotes":""},"class_list":["post-1613","page","type-page","status-publish","hentry"],"yoast_head":"<!-- This site is optimized with the Yoast SEO Premium plugin v21.5 (Yoast SEO v21.5) - https:\/\/yoast.com\/wordpress\/plugins\/seo\/ -->\n<title>Omegle Alternative - Talk to Strangers<\/title>\n<meta name=\"description\" content=\"Anytime and anywhere you want, random video chat with Omegle. Beautiful and Sexy Strangers are ready to meet you on a Omegle Alternative.\" \/>\n<meta name=\"robots\" content=\"index, follow, max-snippet:-1, max-image-preview:large, max-video-preview:-1\" \/>\n<link rel=\"canonical\" href=\"https:\/\/omegle.to\/fr\/alternative-a-omegle\/\" \/>\n<meta property=\"og:locale\" content=\"fr_FR\" \/>\n<meta property=\"og:type\" content=\"article\" \/>\n<meta property=\"og:title\" content=\"Omegle Alternative\" \/>\n<meta property=\"og:description\" content=\"Anytime and anywhere you want, random video chat with Omegle. Beautiful and Sexy Strangers are ready to meet you on a Omegle Alternative.\" \/>\n<meta property=\"og:url\" content=\"https:\/\/omegle.to\/fr\/alternative-a-omegle\/\" \/>\n<meta property=\"og:site_name\" content=\"Omegle - Talk to Strangers\" \/>\n<meta property=\"article:modified_time\" content=\"2025-01-16T20:18:07+00:00\" \/>\n<meta name=\"twitter:card\" content=\"summary_large_image\" \/>\n<meta name=\"twitter:label1\" content=\"Dur\u00e9e de lecture estim\u00e9e\" \/>\n\t<meta name=\"twitter:data1\" content=\"3 minutes\" \/>\n<script type=\"application\/ld+json\" class=\"yoast-schema-graph\">{\"@context\":\"https:\/\/schema.org\",\"@graph\":[{\"@type\":\"WebPage\",\"@id\":\"https:\/\/omegle.to\/omegle-alternative\/\",\"url\":\"https:\/\/omegle.to\/omegle-alternative\/\",\"name\":\"Omegle Alternative - Talk to Strangers\",\"isPartOf\":{\"@id\":\"https:\/\/omegle.to\/#website\"},\"datePublished\":\"2022-04-21T19:12:47+00:00\",\"dateModified\":\"2025-01-16T20:18:07+00:00\",\"description\":\"Anytime and anywhere you want, random video chat with Omegle. Beautiful and Sexy Strangers are ready to meet you on a Omegle Alternative.\",\"breadcrumb\":{\"@id\":\"https:\/\/omegle.to\/omegle-alternative\/#breadcrumb\"},\"inLanguage\":\"fr-FR\",\"potentialAction\":[{\"@type\":\"ReadAction\",\"target\":[\"https:\/\/omegle.to\/omegle-alternative\/\"]}]},{\"@type\":\"BreadcrumbList\",\"@id\":\"https:\/\/omegle.to\/omegle-alternative\/#breadcrumb\",\"itemListElement\":[{\"@type\":\"ListItem\",\"position\":1,\"name\":\"Home\",\"item\":\"https:\/\/omegle.to\/\"},{\"@type\":\"ListItem\",\"position\":2,\"name\":\"Omegle Alternative\"}]},{\"@type\":\"WebSite\",\"@id\":\"https:\/\/omegle.to\/#website\",\"url\":\"https:\/\/omegle.to\/\",\"name\":\"Omegle - Talk to Strangers\",\"description\":\"Random Video Chat\",\"publisher\":{\"@id\":\"https:\/\/omegle.to\/#organization\"},\"potentialAction\":[{\"@type\":\"SearchAction\",\"target\":{\"@type\":\"EntryPoint\",\"urlTemplate\":\"https:\/\/omegle.to\/?s={search_term_string}\"},\"query-input\":\"required name=search_term_string\"}],\"inLanguage\":\"fr-FR\"},{\"@type\":\"Organization\",\"@id\":\"https:\/\/omegle.to\/#organization\",\"name\":\"Omegle - Talk to Strangers\",\"url\":\"https:\/\/omegle.to\/\",\"logo\":{\"@type\":\"ImageObject\",\"inLanguage\":\"fr-FR\",\"@id\":\"https:\/\/omegle.to\/#\/schema\/logo\/image\/\",\"url\":\"https:\/\/omegle.to\/wp-content\/uploads\/2021\/12\/omegle-omegle.to_.jpg\",\"contentUrl\":\"https:\/\/omegle.to\/wp-content\/uploads\/2021\/12\/omegle-omegle.to_.jpg\",\"width\":1024,\"height\":820,\"caption\":\"Omegle - Talk to Strangers\"},\"image\":{\"@id\":\"https:\/\/omegle.to\/#\/schema\/logo\/image\/\"}}]}<\/script>\n<!-- \/ Yoast SEO Premium plugin. -->","yoast_head_json":{"title":"Omegle Alternative - Talk to Strangers","description":"Anytime and anywhere you want, random video chat with Omegle. Beautiful and Sexy Strangers are ready to meet you on a Omegle Alternative.","robots":{"index":"index","follow":"follow","max-snippet":"max-snippet:-1","max-image-preview":"max-image-preview:large","max-video-preview":"max-video-preview:-1"},"canonical":"https:\/\/omegle.to\/fr\/alternative-a-omegle\/","og_locale":"fr_FR","og_type":"article","og_title":"Omegle Alternative","og_description":"Anytime and anywhere you want, random video chat with Omegle. Beautiful and Sexy Strangers are ready to meet you on a Omegle Alternative.","og_url":"https:\/\/omegle.to\/fr\/alternative-a-omegle\/","og_site_name":"Omegle - Talk to Strangers","article_modified_time":"2025-01-16T20:18:07+00:00","twitter_card":"summary_large_image","twitter_misc":{"Dur\u00e9e de lecture estim\u00e9e":"3 minutes"},"schema":{"@context":"https:\/\/schema.org","@graph":[{"@type":"WebPage","@id":"https:\/\/omegle.to\/omegle-alternative\/","url":"https:\/\/omegle.to\/omegle-alternative\/","name":"Omegle Alternative - Talk to Strangers","isPartOf":{"@id":"https:\/\/omegle.to\/#website"},"datePublished":"2022-04-21T19:12:47+00:00","dateModified":"2025-01-16T20:18:07+00:00","description":"Anytime and anywhere you want, random video chat with Omegle. Beautiful and Sexy Strangers are ready to meet you on a Omegle Alternative.","breadcrumb":{"@id":"https:\/\/omegle.to\/omegle-alternative\/#breadcrumb"},"inLanguage":"fr-FR","potentialAction":[{"@type":"ReadAction","target":["https:\/\/omegle.to\/omegle-alternative\/"]}]},{"@type":"BreadcrumbList","@id":"https:\/\/omegle.to\/omegle-alternative\/#breadcrumb","itemListElement":[{"@type":"ListItem","position":1,"name":"Home","item":"https:\/\/omegle.to\/"},{"@type":"ListItem","position":2,"name":"Omegle Alternative"}]},{"@type":"WebSite","@id":"https:\/\/omegle.to\/#website","url":"https:\/\/omegle.to\/","name":"Omegle - Talk to Strangers","description":"Random Video Chat","publisher":{"@id":"https:\/\/omegle.to\/#organization"},"potentialAction":[{"@type":"SearchAction","target":{"@type":"EntryPoint","urlTemplate":"https:\/\/omegle.to\/?s={search_term_string}"},"query-input":"required name=search_term_string"}],"inLanguage":"fr-FR"},{"@type":"Organization","@id":"https:\/\/omegle.to\/#organization","name":"Omegle - Talk to Strangers","url":"https:\/\/omegle.to\/","logo":{"@type":"ImageObject","inLanguage":"fr-FR","@id":"https:\/\/omegle.to\/#\/schema\/logo\/image\/","url":"https:\/\/omegle.to\/wp-content\/uploads\/2021\/12\/omegle-omegle.to_.jpg","contentUrl":"https:\/\/omegle.to\/wp-content\/uploads\/2021\/12\/omegle-omegle.to_.jpg","width":1024,"height":820,"caption":"Omegle - Talk to Strangers"},"image":{"@id":"https:\/\/omegle.to\/#\/schema\/logo\/image\/"}}]}},"_links":{"self":[{"href":"https:\/\/omegle.to\/fr\/wp-json\/wp\/v2\/pages\/1613","targetHints":{"allow":["GET"]}}],"collection":[{"href":"https:\/\/omegle.to\/fr\/wp-json\/wp\/v2\/pages"}],"about":[{"href":"https:\/\/omegle.to\/fr\/wp-json\/wp\/v2\/types\/page"}],"author":[{"embeddable":true,"href":"https:\/\/omegle.to\/fr\/wp-json\/wp\/v2\/users\/2"}],"replies":[{"embeddable":true,"href":"https:\/\/omegle.to\/fr\/wp-json\/wp\/v2\/comments?post=1613"}],"version-history":[{"count":18,"href":"https:\/\/omegle.to\/fr\/wp-json\/wp\/v2\/pages\/1613\/revisions"}],"predecessor-version":[{"id":2026,"href":"https:\/\/omegle.to\/fr\/wp-json\/wp\/v2\/pages\/1613\/revisions\/2026"}],"wp:attachment":[{"href":"https:\/\/omegle.to\/fr\/wp-json\/wp\/v2\/media?parent=1613"}],"curies":[{"name":"wp","href":"https:\/\/api.w.org\/{rel}","templated":true}]}}