{"id":1561,"date":"2021-12-30T12:09:25","date_gmt":"2021-12-30T10:09:25","guid":{"rendered":"https:\/\/omegle.to\/?page_id=1561"},"modified":"2021-12-30T12:09:25","modified_gmt":"2021-12-30T10:09:25","slug":"terms","status":"publish","type":"page","link":"https:\/\/omegle.to\/fr\/termes\/","title":{"rendered":"Termes"},"content":{"rendered":"<p>Introduction<\/p>\n\n\n\n<p>Ce document, \u00e9galement appel\u00e9 \u00ab\u00a0Conditions d&#039;utilisation\u00a0\u00bb, \u00ab\u00a0Conditions\u00a0\u00bb, \u00ab\u00a0Contrat d&#039;utilisation\u00a0\u00bb ou \u00ab\u00a0Contrat\u00a0\u00bb, constitue un accord juridiquement contraignant entre les particuliers, les entreprises et les organisations (les \u00ab\u00a0Utilisateurs\u00a0\u00bb) et Omegle.to (Omegle.to), ci-apr\u00e8s d\u00e9nomm\u00e9 le \u00ab\u00a0Site Web\u00a0\u00bb. Les termes \u00ab\u00a0nous\u00a0\u00bb, \u00ab\u00a0notre\u00a0\u00bb et \u00ab\u00a0nos\u00a0\u00bb peuvent \u00e9galement \u00eatre utilis\u00e9s pour d\u00e9signer Omegle.to, tandis que les termes \u00ab\u00a0vous\u00a0\u00bb, \u00ab\u00a0votre\u00a0\u00bb, \u00ab\u00a0Utilisateur\u00a0\u00bb et \u00ab\u00a0Visiteur\u00a0\u00bb peuvent \u00eatre utilis\u00e9s pour d\u00e9signer tous les utilisateurs du Site Web. Les termes \u00ab\u00a0Contenu\u00a0\u00bb et \u00ab\u00a0Contenus\u00a0\u00bb d\u00e9signent tout mat\u00e9riel mis \u00e0 disposition sur le Site Web. Pour acc\u00e9der \u00e0 l&#039;ensemble du Contenu et des services fournis par le Site Web et les utiliser, vous confirmez \u00eatre \u00e2g\u00e9 d&#039;au moins 18\u00a0ans (ou l&#039;\u00e2ge l\u00e9gal dans votre \u00c9tat, pays ou localit\u00e9 si sup\u00e9rieur \u00e0 18\u00a0ans). En utilisant notre Site Web, vous acceptez de respecter les termes du pr\u00e9sent Contrat et notre R\u00e8glement. Vous confirmez \u00e9galement que vous acceptez de vous conformer \u00e0 notre politique de confidentialit\u00e9 et \u00e0 notre politique de remboursement.<br>Acc\u00e9der au site Web et l&#039;utiliser<\/p>\n\n\n\n<p>Nous vous accordons une licence r\u00e9vocable non exclusive et sans sous-licence pour acc\u00e9der \u00e0 notre site Web et l&#039;utiliser en stricte conformit\u00e9 avec le pr\u00e9sent Contrat. Vos droits en vertu du pr\u00e9sent Contrat ne sont ni transf\u00e9rables ni cessibles et un tel transfert sera nul ou annulable le cas \u00e9ch\u00e9ant. Le pr\u00e9sent Contrat ne cr\u00e9e en aucun cas une relation d&#039;agence, de partenariat, de coentreprise ou d&#039;employ\u00e9-employeur ou de franchiseur-franchis\u00e9 entre vous et nous. Nous nous r\u00e9servons le droit d&#039;arr\u00eater (temporairement ou pour une dur\u00e9e ind\u00e9termin\u00e9e) le fonctionnement de notre site Web (par exemple pour effectuer la maintenance de notre site Web). Nous nous r\u00e9servons \u00e9galement le droit de modifier notre site Web : Pour des raisons techniques telles que des probl\u00e8mes avec nos serveurs, des dysfonctionnements mat\u00e9riels ou logiciels, des attaques de pirates informatiques, etc. Pour effectuer des mises \u00e0 jour de notre mat\u00e9riel ou de nos logiciels au profit de notre site Web et\/ou de l&#039;exp\u00e9rience utilisateur. Dans tous les cas, pour des raisons l\u00e9gitimes telles que des objections concernant la confidentialit\u00e9 ou des objections l\u00e9gitimes concernant le contenu ou la maintenance de notre site Web.<\/p>\n\n\n\n<p>Si nous d\u00e9cidons que notre site Web n&#039;a plus de raison commerciale de continuer \u00e0 fonctionner. Si des changements dans les services fournis par nous se produisent. Nous n&#039;excluons pas sp\u00e9cifiquement les cas o\u00f9 notre site Web peut \u00eatre indisponible (temporairement ou pour une p\u00e9riode de temps infinie) en raison de probl\u00e8mes techniques ou de maintenance. Notre site Web n&#039;est pas \u00e0 l&#039;abri des virus, des attaques de pirates informatiques, des dysfonctionnements du mat\u00e9riel et des logiciels et d&#039;autres probl\u00e8mes inattendus qui sont hors de notre contr\u00f4le. Nous ne sommes pas responsables des probl\u00e8mes ou dommages, y compris les dommages mat\u00e9riels, subis par les utilisateurs de nos services pour des raisons techniques. Nous ne sommes pas responsables des probl\u00e8mes ou dommages subis par les utilisateurs de nos services qui sont caus\u00e9s par des dysfonctionnements d&#039;Internet ou des donn\u00e9es. Nous nous engageons \u00e0 prendre toutes les mesures possibles pour r\u00e9tablir le bon fonctionnement de nos services en cas de probl\u00e8mes techniques ou de maintenance. Tous les probl\u00e8mes et\/ou co\u00fbts associ\u00e9s aux connexions Internet et\/ou aux services de connexion de donn\u00e9es mobiles sont \u00e0 la charge de l&#039;utilisateur individuel. Nous conseillons \u00e0 tous les utilisateurs de clarifier les co\u00fbts de toute connexion Internet ou de donn\u00e9es avant d&#039;utiliser notre site Web.<br>Contenu utilisateur<\/p>\n\n\n\n<p>Les utilisateurs peuvent transmettre des informations textuelles, audio (d\u00e9clarations verbales) et vid\u00e9o \u00e0 d&#039;autres utilisateurs. En mettant \u00e0 disposition tout Contenu utilisateur via le site Web, vous nous accordez par la pr\u00e9sente une licence mondiale, irr\u00e9vocable, perp\u00e9tuelle, non exclusive, transf\u00e9rable et libre de redevances, avec le droit de sous-licencier, d&#039;utiliser, de copier, d&#039;adapter, de modifier, de distribuer, de conc\u00e9der sous licence, de vendre, de transf\u00e9rer, d&#039;afficher publiquement, d&#039;ex\u00e9cuter publiquement, de transmettre, de diffuser, de diffuser et d&#039;exploiter autrement ce Contenu utilisateur sur, \u00e0 travers ou au moyen du site Web et des sites Web tiers. Cela comprend l&#039;utilisation dudit Contenu \u00e0 des fins commerciales. Nous ne revendiquons aucun droit de propri\u00e9t\u00e9 sur un tel Contenu utilisateur et rien dans le pr\u00e9sent Contrat ne sera r\u00e9put\u00e9 restreindre les droits que vous pourriez avoir d&#039;utiliser et d&#039;exploiter un tel Contenu utilisateur. Les droits d&#039;auteur sur tous les Contenus restent en possession de l&#039;Utilisateur qui les a fournis. Vous reconnaissez et acceptez que vous \u00eates seul responsable de tout Contenu utilisateur que vous mettez \u00e0 disposition via le Site Web. En cons\u00e9quence, vous d\u00e9clarez et garantissez que vous \u00eates le propri\u00e9taire unique et exclusif de tout le Contenu utilisateur que vous mettez \u00e0 disposition via le Site Web ou que vous disposez de tous les droits, licences, consentements et autorisations n\u00e9cessaires pour nous accorder les droits sur ce Contenu utilisateur, comme pr\u00e9vu dans les termes du pr\u00e9sent Contrat. Vous d\u00e9clarez et garantissez que ni le Contenu utilisateur ni votre diffusion ou transmission du Contenu utilisateur ni notre utilisation du Contenu utilisateur (ou de toute partie de celui-ci) sur, via ou au moyen du Site Web ou de sites Web tiers n&#039;enfreindra, ne d\u00e9tournera ou ne violera le brevet, le droit d&#039;auteur, la marque d\u00e9pos\u00e9e, le secret commercial, les droits moraux ou autres droits de propri\u00e9t\u00e9 intellectuelle d&#039;un tiers, ou les droits de publicit\u00e9 ou de confidentialit\u00e9, ou n&#039;entra\u00eenera la violation de toute loi ou r\u00e9glementation applicable. Les droits d&#039;auteur sur tous les autres Contenus, y compris les graphiques, la conception de l&#039;interface utilisateur, etc., trouv\u00e9s sur notre Site Web nous appartiennent. Vous acceptez de ne pas fournir de Contenu qui viole les termes du pr\u00e9sent Contrat et nos R\u00e8gles, les droits d&#039;autres Utilisateurs, ou qui peut \u00eatre consid\u00e9r\u00e9 comme obsc\u00e8ne ou offensant pour les autres. Vous acceptez de ne pas transmettre de Contenu qui viole ou encourage toute conduite qui violerait toute loi ou r\u00e9glementation applicable ou donnerait lieu \u00e0 une responsabilit\u00e9 civile. Vous acceptez de ne pas promouvoir, annoncer ou offrir tout type de services commerciaux lorsque vous utilisez notre site Web. Vous acceptez de ne pas utiliser le site Web ou le contenu \u00e0 des fins commerciales ou au profit d&#039;un tiers ou de toute mani\u00e8re non autoris\u00e9e par le pr\u00e9sent accord.<br>Activit\u00e9 d&#039;utilisateur malveillant<\/p>\n\n\n\n<p>Vous acceptez de ne pas faire ce qui suit : Tenter de sonder, scanner ou tester la vuln\u00e9rabilit\u00e9 de l&#039;un de nos syst\u00e8mes ou r\u00e9seaux ou de violer les mesures de s\u00e9curit\u00e9 ou d&#039;authentification ; \u00c9viter, contourner, supprimer, d\u00e9sactiver, alt\u00e9rer, d\u00e9crypter ou contourner de toute autre mani\u00e8re toute mesure technologique mise en \u0153uvre par nous ou l&#039;un de nos fournisseurs ou tout autre tiers (y compris un autre utilisateur) pour prot\u00e9ger le site Web ou le contenu ; Tenter d&#039;acc\u00e9der au site Web ou au contenu ou de le rechercher ou de t\u00e9l\u00e9charger du contenu \u00e0 partir du site Web par l&#039;utilisation de tout moteur, logiciel, outil, agent, appareil ou m\u00e9canisme (y compris les robots d&#039;indexation, les robots d&#039;exploration, les outils d&#039;exploration de donn\u00e9es ou autres) autre que les navigateurs Web tiers g\u00e9n\u00e9ralement disponibles ; Falsifier tout en-t\u00eate de paquet TCP\/IP ou toute partie des informations d&#039;en-t\u00eate dans toute publication de courrier \u00e9lectronique, ou utiliser de quelque mani\u00e8re que ce soit le site Web ou le contenu pour envoyer des informations d&#039;identification de source alt\u00e9r\u00e9es, trompeuses ou fausses ; Tenter de d\u00e9chiffrer, d\u00e9compiler, d\u00e9sassembler ou proc\u00e9der \u00e0 une ing\u00e9nierie inverse de tout logiciel utilis\u00e9 pour fournir le site Web ou le contenu ; Interf\u00e9rer ou tenter d&#039;interf\u00e9rer avec l&#039;acc\u00e8s de tout utilisateur, h\u00f4te ou r\u00e9seau, y compris, sans limitation, l&#039;envoi d&#039;un virus, la surcharge, l&#039;inondation, le spam ou le bombardement de courrier \u00e9lectronique du site Web ; D\u00e9velopper une application ou un site Web concurrent ; Encourager ou permettre \u00e0 toute autre personne de faire l&#039;une des choses susmentionn\u00e9es.<br>Produits ou services payants<\/p>\n\n\n\n<p>Nous pouvons proposer certains produits ou services payants \u00e0 nos utilisateurs sur notre site Web, y compris, mais sans s&#039;y limiter, des biens et services num\u00e9riques et des abonnements. Si vous achetez quelque chose chez nous, vous d\u00e9clarez et garantissez \u00e9galement que : Vous avez lu la description du produit ou du service et comprenez clairement sa nature ; Toutes les informations de paiement que vous fournissez sont vraies et compl\u00e8tes ; Les frais encourus par vous seront honor\u00e9s par votre banque ou votre soci\u00e9t\u00e9 de carte de cr\u00e9dit ; Vous paierez les frais encourus par vous aux prix affich\u00e9s, y compris les taxes applicables ; Si votre mode de paiement initial est refus\u00e9, vous paierez toujours les frais encourus, y compris tout suppl\u00e9ment que nous pourrions encourir en raison du paiement refus\u00e9. Les services payants ne peuvent pas \u00eatre transf\u00e9r\u00e9s \u00e0 des tiers. Nous pouvons proposer des fonctionnalit\u00e9s payantes suppl\u00e9mentaires sur notre site Web, telles que la possibilit\u00e9 de supprimer une interdiction avant l&#039;expiration de la p\u00e9riode d&#039;interdiction. Ces fonctionnalit\u00e9s payantes peuvent \u00eatre achet\u00e9es via une gamme de m\u00e9thodes de paiement propos\u00e9es sur notre site Web. Tous les paiements pour des services payants sur notre site Web sont sujets (ou non sujets) \u00e0 remboursement conform\u00e9ment \u00e0 notre politique de remboursement. Si vous estimez que la nature du produit ou du service n&#039;est pas suffisamment claire pour vous, veuillez ne pas l&#039;acheter et n&#039;h\u00e9sitez pas \u00e0 nous contacter avant de proc\u00e9der \u00e0 un achat.<br>URL externes<\/p>\n\n\n\n<p>Nous nous r\u00e9servons le droit de placer des liens vers des sites Web externes, des ressources Internet et des produits tiers sur notre site Web. Nous essayons de fournir des liens vers des ressources tierces uniquement, cependant, nous n&#039;acceptons aucune responsabilit\u00e9 pour le contenu des sites Web tiers, la s\u00e9curit\u00e9 de la confidentialit\u00e9 de vos informations personnelles sur ces sites ou toute action que vous pourriez entreprendre sur des sites Web externes. Vous reconnaissez \u00eatre seul responsable et assumer tous les risques d\u00e9coulant de votre utilisation de ces sites Web ou ressources. Vous reconnaissez et acceptez que nous ne sommes pas responsables de la disponibilit\u00e9 ou de l&#039;exactitude des sites Web ou des ressources externes ainsi que du contenu, des produits ou des services sur ou disponibles \u00e0 partir de ces sites Web ou ressources.<br>Liaison et int\u00e9gration<\/p>\n\n\n\n<p>Vous pouvez fournir des liens vers notre site Web et l&#039;int\u00e9grer \u00e0 vos sites Web, applications ou autres ressources Internet \u00e0 condition que : vous ne supprimiez ni n&#039;obscurcissiez aucune partie de notre site Web par cadrage ou autrement ; votre application, ressource Internet ou site Web ne se livre pas \u00e0 des activit\u00e9s ill\u00e9gales ou pornographiques ; vous cessez de fournir des liens vers notre site Web ainsi que d&#039;int\u00e9grer notre site Web imm\u00e9diatement \u00e0 notre demande.<br>R\u00e9siliation de l&#039;acc\u00e8s<\/p>\n\n\n\n<p>Tout utilisateur qui viole nos r\u00e8gles lors de l&#039;utilisation de notre site Web, les termes du pr\u00e9sent accord, ou fournit ou distribue du contenu comme indiqu\u00e9 \u00e0 la p. 3 du pr\u00e9sent accord, peut avoir un acc\u00e8s limit\u00e9 \u00e0 notre site Web sans aucun pr\u00e9avis ni obligation (financi\u00e8re ou autre), y compris le droit pour nous d&#039;utiliser tout logiciel, moyen technique, juridique et autre pour garantir que ces conditions sont respect\u00e9es (y compris, sans aucune limitation, le blocage de certaines adresses IP). Nous essayons d&#039;informer tous les utilisateurs de ces restrictions, mais nous ne sommes pas oblig\u00e9s de le faire. Pour les limitations d&#039;acc\u00e8s temporaires, la p\u00e9riode de limitation est d\u00e9termin\u00e9e par nous et peut \u00eatre modifi\u00e9e de temps \u00e0 autre. Vous acceptez que nous ne soyons pas responsables envers vous et les autres utilisateurs de tout changement de p\u00e9riode d&#039;interdiction pour tout type de violation. Toutes les dispositions relatives \u00e0 la limitation de responsabilit\u00e9, aux exclusions de responsabilit\u00e9 et \u00e0 l&#039;indemnisation survivent \u00e0 toute r\u00e9siliation du pr\u00e9sent accord ou \u00e0 toute r\u00e9siliation de votre utilisation de notre site Web.<br>Abus et plaintes<\/p>\n\n\n\n<p>Tout incident d&#039;abus, de violation des r\u00e8gles et\/ou d&#039;utilisation impropre de vos droits d&#039;auteur par d&#039;autres utilisateurs peut \u00eatre signal\u00e9 via des adresses e-mail, des formulaires de contact et d&#039;autres m\u00e9thodes de contact telles que pr\u00e9sent\u00e9es sur notre site Web. Les utilisateurs qui tentent de r\u00e9soudre des litiges avec d&#039;autres utilisateurs de notre site Web en violant nos r\u00e8gles, les termes du pr\u00e9sent accord ou la politique de confidentialit\u00e9 et\/ou en prenant des mesures ill\u00e9gales telles que des remarques inappropri\u00e9es \u00e0 d&#039;autres utilisateurs sont susceptibles de voir leur acc\u00e8s \u00e0 notre site Web limit\u00e9 de mani\u00e8re temporaire ou permanente, conform\u00e9ment \u00e0 la p.6 du pr\u00e9sent accord.<br>Limitation de responsabilit\u00e9<\/p>\n\n\n\n<p>Nous ne sommes pas responsables des actions entreprises par nos utilisateurs sur notre site Web ou de tout contenu fourni par eux. Nous d\u00e9clinons toute responsabilit\u00e9 r\u00e9sultant de l&#039;utilisation de notre site Web, y compris la responsabilit\u00e9 r\u00e9sultant de poursuites, p\u00e9nalit\u00e9s, r\u00e9clamations, dommages, obligations, d\u00e9penses de toute nature et de tout type, y compris les p\u00e9nalit\u00e9s directes, indirectes, occasionnelles et\/ou les pertes caus\u00e9es par n\u00e9gligence, interruption de service, perte de donn\u00e9es, dommages mat\u00e9riels dus \u00e0 des attaques de virus, perte de revenus, perte d&#039;opportunit\u00e9, perte de temps de bureau, rupture de contrat, r\u00e9clamations de tiers ou toute autre perte qui aurait pu \u00eatre pr\u00e9vue comme pouvant \u00eatre caus\u00e9e en raison ou pendant l&#039;utilisation de notre site Web. Cette limitation de responsabilit\u00e9 couvre, sans s&#039;y limiter, la transmission de tout logiciel ou virus susceptible d&#039;endommager votre mat\u00e9riel, de provoquer des dysfonctionnements du mat\u00e9riel m\u00e9canique ou \u00e9lectrique ou des lignes de communication, d&#039;autres probl\u00e8mes de connexion (tels que l&#039;impossibilit\u00e9 d&#039;acc\u00e9der \u00e0 Internet), un acc\u00e8s non autoris\u00e9, un vol, une blessure, des dommages mat\u00e9riels, des erreurs d&#039;op\u00e9rateur, des gr\u00e8ves ou des cas de force majeure, y compris, mais sans s&#039;y limiter, la responsabilit\u00e9 pour perte de revenus, de b\u00e9n\u00e9fices ou de contrats, perte d&#039;activit\u00e9, perte d&#039;\u00e9conomies anticip\u00e9es, perte de client\u00e8le, perte de donn\u00e9es, perte de temps de bureau et toute autre perte ou dommage de quelque nature que ce soit. Vous acceptez de prot\u00e9ger Omegle.to et ses employ\u00e9s contre toute r\u00e9clamation de tiers et contre toute perte et tout co\u00fbt d\u00e9coulant de r\u00e9clamations r\u00e9sultant de vos actions personnelles lors de l&#039;utilisation de notre site Web ou en raison du contenu que vous avez fourni.<br>Amendements<\/p>\n\n\n\n<p>Nous nous r\u00e9servons le droit, sans pr\u00e9avis, de modifier ou de changer nos r\u00e8gles, notre politique de confidentialit\u00e9, notre politique de remboursement et le pr\u00e9sent accord. Les copies les plus r\u00e9centes et \u00e0 jour des documents ci-dessus sont publi\u00e9es sur notre site Web. Toute modification devient active et valable \u00e0 partir du moment o\u00f9 le texte modifi\u00e9 est mis \u00e0 jour sur la page correspondante de notre site Web. Dans certains cas, nous pouvons informer les utilisateurs des modifications apport\u00e9es aux documents. Cependant, il est de la responsabilit\u00e9 de l&#039;utilisateur de v\u00e9rifier r\u00e9guli\u00e8rement les pages respectives pour les mises \u00e0 jour. Si vous n&#039;\u00eates pas d&#039;accord avec l&#039;une des conditions d\u00e9crites dans le pr\u00e9sent accord, vous devez cesser d&#039;utiliser notre site Web avec effet imm\u00e9diat. Continuer \u00e0 utiliser notre site Web apr\u00e8s l&#039;entr\u00e9e en vigueur de toute modification indique que vous acceptez toutes les modifications et les conditions modifi\u00e9es du pr\u00e9sent accord.<\/p>","protected":false},"excerpt":{"rendered":"<p>Introduction Ce document, qui peut \u00e9galement \u00eatre appel\u00e9 \u00ab Conditions d\u2019utilisation \u00bb, \u00ab Conditions \u00bb, \u00ab Contrat d\u2019utilisation \u00bb ou \u00ab Contrat \u00bb dans son ensemble, est un accord juridiquement contraignant entre des particuliers, des entreprises et des organisations (Utilisateurs) et Omegle.to (Omegle.to), qui peut \u00e9galement \u00eatre appel\u00e9 ci-apr\u00e8s le \u00ab Site Web \u00bb ou le \u00ab Site Web \u00bb. Les termes \u00ab nous \u00bb, \u00ab notre \u00bb et \u00ab nos \u00bb peuvent \u00e9galement \u00eatre utilis\u00e9s [\u2026]<\/p>","protected":false},"author":1,"featured_media":0,"parent":0,"menu_order":0,"comment_status":"closed","ping_status":"closed","template":"","meta":{"footnotes":""},"class_list":["post-1561","page","type-page","status-publish","hentry"],"yoast_head":"<!-- This site is optimized with the Yoast SEO Premium plugin v21.5 (Yoast SEO v21.5) - https:\/\/yoast.com\/wordpress\/plugins\/seo\/ -->\n<title>Terms - Omegle - Talk to Strangers<\/title>\n<meta name=\"robots\" content=\"index, follow, max-snippet:-1, max-image-preview:large, max-video-preview:-1\" \/>\n<link rel=\"canonical\" href=\"https:\/\/omegle.to\/fr\/termes\/\" \/>\n<meta property=\"og:locale\" content=\"fr_FR\" \/>\n<meta property=\"og:type\" content=\"article\" \/>\n<meta property=\"og:title\" content=\"Terms\" \/>\n<meta property=\"og:description\" content=\"Introduction This document, which may also be referred to as \u201cTerms of Service\u201d, \u201cTerms\u201d, \u201cUser Agreement\u201d or \u201cAgreement\u201d throughout, is a legally binding agreement between individuals, businesses, and organizations (Users) and Omegle.to (Omegle.to), which may also be referred to as the \u201cWebsite\u201d or \u201cWeb-site\u201d hereafter. The terms \u201cus\u201d, \u201cwe\u201d, and \u201cours\u201d may also be used [&hellip;]\" \/>\n<meta property=\"og:url\" content=\"https:\/\/omegle.to\/fr\/termes\/\" \/>\n<meta property=\"og:site_name\" content=\"Omegle - Talk to Strangers\" \/>\n<meta name=\"twitter:card\" content=\"summary_large_image\" \/>\n<meta name=\"twitter:label1\" content=\"Dur\u00e9e de lecture estim\u00e9e\" \/>\n\t<meta name=\"twitter:data1\" content=\"10 minutes\" \/>\n<script type=\"application\/ld+json\" class=\"yoast-schema-graph\">{\"@context\":\"https:\/\/schema.org\",\"@graph\":[{\"@type\":\"WebPage\",\"@id\":\"https:\/\/omegle.to\/terms\/\",\"url\":\"https:\/\/omegle.to\/terms\/\",\"name\":\"Terms - Omegle - Talk to Strangers\",\"isPartOf\":{\"@id\":\"https:\/\/omegle.to\/#website\"},\"datePublished\":\"2021-12-30T10:09:25+00:00\",\"dateModified\":\"2021-12-30T10:09:25+00:00\",\"breadcrumb\":{\"@id\":\"https:\/\/omegle.to\/terms\/#breadcrumb\"},\"inLanguage\":\"fr-FR\",\"potentialAction\":[{\"@type\":\"ReadAction\",\"target\":[\"https:\/\/omegle.to\/terms\/\"]}]},{\"@type\":\"BreadcrumbList\",\"@id\":\"https:\/\/omegle.to\/terms\/#breadcrumb\",\"itemListElement\":[{\"@type\":\"ListItem\",\"position\":1,\"name\":\"Home\",\"item\":\"https:\/\/omegle.to\/\"},{\"@type\":\"ListItem\",\"position\":2,\"name\":\"Terms\"}]},{\"@type\":\"WebSite\",\"@id\":\"https:\/\/omegle.to\/#website\",\"url\":\"https:\/\/omegle.to\/\",\"name\":\"Omegle - Talk to Strangers\",\"description\":\"Random Video Chat\",\"publisher\":{\"@id\":\"https:\/\/omegle.to\/#organization\"},\"potentialAction\":[{\"@type\":\"SearchAction\",\"target\":{\"@type\":\"EntryPoint\",\"urlTemplate\":\"https:\/\/omegle.to\/?s={search_term_string}\"},\"query-input\":\"required name=search_term_string\"}],\"inLanguage\":\"fr-FR\"},{\"@type\":\"Organization\",\"@id\":\"https:\/\/omegle.to\/#organization\",\"name\":\"Omegle - Talk to Strangers\",\"url\":\"https:\/\/omegle.to\/\",\"logo\":{\"@type\":\"ImageObject\",\"inLanguage\":\"fr-FR\",\"@id\":\"https:\/\/omegle.to\/#\/schema\/logo\/image\/\",\"url\":\"https:\/\/omegle.to\/wp-content\/uploads\/2021\/12\/omegle-omegle.to_.jpg\",\"contentUrl\":\"https:\/\/omegle.to\/wp-content\/uploads\/2021\/12\/omegle-omegle.to_.jpg\",\"width\":1024,\"height\":820,\"caption\":\"Omegle - Talk to Strangers\"},\"image\":{\"@id\":\"https:\/\/omegle.to\/#\/schema\/logo\/image\/\"}}]}<\/script>\n<!-- \/ Yoast SEO Premium plugin. -->","yoast_head_json":{"title":"Terms - Omegle - Talk to Strangers","robots":{"index":"index","follow":"follow","max-snippet":"max-snippet:-1","max-image-preview":"max-image-preview:large","max-video-preview":"max-video-preview:-1"},"canonical":"https:\/\/omegle.to\/fr\/termes\/","og_locale":"fr_FR","og_type":"article","og_title":"Terms","og_description":"Introduction This document, which may also be referred to as \u201cTerms of Service\u201d, \u201cTerms\u201d, \u201cUser Agreement\u201d or \u201cAgreement\u201d throughout, is a legally binding agreement between individuals, businesses, and organizations (Users) and Omegle.to (Omegle.to), which may also be referred to as the \u201cWebsite\u201d or \u201cWeb-site\u201d hereafter. The terms \u201cus\u201d, \u201cwe\u201d, and \u201cours\u201d may also be used [&hellip;]","og_url":"https:\/\/omegle.to\/fr\/termes\/","og_site_name":"Omegle - Talk to Strangers","twitter_card":"summary_large_image","twitter_misc":{"Dur\u00e9e de lecture estim\u00e9e":"10 minutes"},"schema":{"@context":"https:\/\/schema.org","@graph":[{"@type":"WebPage","@id":"https:\/\/omegle.to\/terms\/","url":"https:\/\/omegle.to\/terms\/","name":"Terms - Omegle - Talk to Strangers","isPartOf":{"@id":"https:\/\/omegle.to\/#website"},"datePublished":"2021-12-30T10:09:25+00:00","dateModified":"2021-12-30T10:09:25+00:00","breadcrumb":{"@id":"https:\/\/omegle.to\/terms\/#breadcrumb"},"inLanguage":"fr-FR","potentialAction":[{"@type":"ReadAction","target":["https:\/\/omegle.to\/terms\/"]}]},{"@type":"BreadcrumbList","@id":"https:\/\/omegle.to\/terms\/#breadcrumb","itemListElement":[{"@type":"ListItem","position":1,"name":"Home","item":"https:\/\/omegle.to\/"},{"@type":"ListItem","position":2,"name":"Terms"}]},{"@type":"WebSite","@id":"https:\/\/omegle.to\/#website","url":"https:\/\/omegle.to\/","name":"Omegle - Talk to Strangers","description":"Random Video Chat","publisher":{"@id":"https:\/\/omegle.to\/#organization"},"potentialAction":[{"@type":"SearchAction","target":{"@type":"EntryPoint","urlTemplate":"https:\/\/omegle.to\/?s={search_term_string}"},"query-input":"required name=search_term_string"}],"inLanguage":"fr-FR"},{"@type":"Organization","@id":"https:\/\/omegle.to\/#organization","name":"Omegle - Talk to Strangers","url":"https:\/\/omegle.to\/","logo":{"@type":"ImageObject","inLanguage":"fr-FR","@id":"https:\/\/omegle.to\/#\/schema\/logo\/image\/","url":"https:\/\/omegle.to\/wp-content\/uploads\/2021\/12\/omegle-omegle.to_.jpg","contentUrl":"https:\/\/omegle.to\/wp-content\/uploads\/2021\/12\/omegle-omegle.to_.jpg","width":1024,"height":820,"caption":"Omegle - Talk to Strangers"},"image":{"@id":"https:\/\/omegle.to\/#\/schema\/logo\/image\/"}}]}},"_links":{"self":[{"href":"https:\/\/omegle.to\/fr\/wp-json\/wp\/v2\/pages\/1561","targetHints":{"allow":["GET"]}}],"collection":[{"href":"https:\/\/omegle.to\/fr\/wp-json\/wp\/v2\/pages"}],"about":[{"href":"https:\/\/omegle.to\/fr\/wp-json\/wp\/v2\/types\/page"}],"author":[{"embeddable":true,"href":"https:\/\/omegle.to\/fr\/wp-json\/wp\/v2\/users\/1"}],"replies":[{"embeddable":true,"href":"https:\/\/omegle.to\/fr\/wp-json\/wp\/v2\/comments?post=1561"}],"version-history":[{"count":1,"href":"https:\/\/omegle.to\/fr\/wp-json\/wp\/v2\/pages\/1561\/revisions"}],"predecessor-version":[{"id":1563,"href":"https:\/\/omegle.to\/fr\/wp-json\/wp\/v2\/pages\/1561\/revisions\/1563"}],"wp:attachment":[{"href":"https:\/\/omegle.to\/fr\/wp-json\/wp\/v2\/media?parent=1561"}],"curies":[{"name":"wp","href":"https:\/\/api.w.org\/{rel}","templated":true}]}}