{"id":9,"date":"2021-11-22T19:12:55","date_gmt":"2021-11-22T17:12:55","guid":{"rendered":"https:\/\/omegle.to\/?page_id=9"},"modified":"2023-04-30T10:20:06","modified_gmt":"2023-04-30T08:20:06","slug":"contact","status":"publish","type":"page","link":"https:\/\/omegle.to\/de\/kontakt\/","title":{"rendered":"Kontakt"},"content":{"rendered":"<div data-elementor-type=\"wp-page\" data-elementor-id=\"9\" class=\"elementor elementor-9\" data-elementor-post-type=\"page\">\n\t\t\t\t\t\t<section class=\"elementor-section elementor-top-section elementor-element elementor-element-bcabdee elementor-section-boxed elementor-section-height-default elementor-section-height-default\" data-id=\"bcabdee\" data-element_type=\"section\">\n\t\t\t\t\t\t<div class=\"elementor-container elementor-column-gap-default\">\n\t\t\t\t\t<div class=\"elementor-column elementor-col-100 elementor-top-column elementor-element elementor-element-f098cd5\" data-id=\"f098cd5\" data-element_type=\"column\">\n\t\t\t<div class=\"elementor-widget-wrap elementor-element-populated\">\n\t\t\t\t\t\t<div class=\"elementor-element elementor-element-b604b94 elementor-widget elementor-widget-text-editor\" data-id=\"b604b94\" data-element_type=\"widget\" data-widget_type=\"text-editor.default\">\n\t\t\t\t<div class=\"elementor-widget-container\">\n\t\t\t\t\t\t\t\t\t<p>Bei Omegle m\u00f6chten wir Menschen aus aller Welt zusammenbringen und eine einzigartige Plattform f\u00fcr zuf\u00e4llige Videochat-Erlebnisse bieten. Um eine positive und ansprechende Umgebung aufrechtzuerhalten, ermutigen wir unsere Benutzer, mit uns in Verbindung zu bleiben, Probleme oder Bedenken zu melden und ihre Erfahrungen zu teilen. Dieser Beitrag dient als Leitfaden, wie Sie mit Omegle in Kontakt treten und Ihre Zeit auf unserer Plattform optimal nutzen k\u00f6nnen.<\/p><h2>Nehmen Sie Kontakt mit Omegle auf<\/h2><p>F\u00fcr allgemeine Anfragen, Feedback oder Vorschl\u00e4ge k\u00f6nnen Sie uns \u00fcber unser Kontaktformular erreichen. Unser engagiertes Team freut sich immer \u00fcber R\u00fcckmeldungen unserer Benutzer und wird sein Bestes tun, um Ihre Anliegen zeitnah zu bearbeiten.<\/p><h2>Bleiben Sie in den sozialen Medien auf dem Laufenden<\/h2><p>Um \u00fcber die neuesten Omegle-Neuigkeiten, Updates und Ank\u00fcndigungen informiert zu bleiben, folgen Sie unseren offiziellen Social-Media-Konten. Sie finden uns auf Twitter und Facebook. Diese Kan\u00e4le sind auch eine hervorragende M\u00f6glichkeit, mit uns in Kontakt zu treten und Ihre Omegle-Erfahrungen mit der Community zu teilen.<\/p><h2>Unangemessene Benutzer oder Inhalte melden<\/h2><p>Bei Omegle bem\u00fchen wir uns, eine sichere und respektvolle Plattform f\u00fcr alle unsere Benutzer bereitzustellen. Wenn Sie w\u00e4hrend Ihrer Zeit auf Omegle auf unangemessenes oder beleidigendes Verhalten sto\u00dfen, z\u00f6gern Sie bitte nicht, den Benutzer zu melden. Mithilfe des Kontaktformulars k\u00f6nnen Sie uns dabei helfen, Probleme zu identifizieren und zu beheben, die das Benutzererlebnis beeintr\u00e4chtigen k\u00f6nnten. Ihre Meldungen sind von entscheidender Bedeutung, um uns dabei zu helfen, eine positive Umgebung auf Omegle aufrechtzuerhalten.<\/p><h2>Teilen Sie Ihre Omegle-Geschichten<\/h2><p>Wir h\u00f6ren gerne von den Verbindungen und Freundschaften, die durch Omegle entstanden sind. Wenn Sie eine einzigartige oder inspirierende Omegle-Geschichte zu erz\u00e4hlen haben, k\u00f6nnen Sie uns gerne per E-Mail oder \u00fcber soziale Medien erreichen. Ihre Erfahrungen k\u00f6nnen als Beweis f\u00fcr die Kraft menschlicher Verbindungen dienen und andere dazu inspirieren, der Omegle-Community beizutreten.<\/p><h2>Wir sind hier um zu helfen<\/h2><p>Unser Team bei Omegle ist bestrebt, unseren Benutzern das bestm\u00f6gliche Erlebnis zu bieten. Wenn Sie Fragen, Bedenken oder Feedback haben, z\u00f6gern Sie nicht, Kontakt mit uns aufzunehmen. Wir sch\u00e4tzen Ihren Input und setzen uns daf\u00fcr ein, Omegle zu einer unterhaltsamen, sicheren und ansprechenden Plattform f\u00fcr alle zu machen.<\/p><p style=\"text-align: center;\"><strong>Vielen Dank, dass Sie Teil der Omegle-Community sind!<\/strong><\/p>\t\t\t\t\t\t\t\t<\/div>\n\t\t\t\t<\/div>\n\t\t\t\t\t<\/div>\n\t\t<\/div>\n\t\t\t\t\t<\/div>\n\t\t<\/section>\n\t\t\t\t<section class=\"elementor-section elementor-top-section elementor-element elementor-element-aa10ce8 elementor-section-boxed elementor-section-height-default elementor-section-height-default\" data-id=\"aa10ce8\" data-element_type=\"section\">\n\t\t\t\t\t\t<div class=\"elementor-container elementor-column-gap-default\">\n\t\t\t\t\t<div class=\"elementor-column elementor-col-100 elementor-top-column elementor-element elementor-element-91e8331\" data-id=\"91e8331\" data-element_type=\"column\">\n\t\t\t<div class=\"elementor-widget-wrap elementor-element-populated\">\n\t\t\t\t\t\t<div class=\"elementor-element elementor-element-571112c elementor-button-align-stretch elementor-widget elementor-widget-form\" data-id=\"571112c\" data-element_type=\"widget\" data-settings=\"{&quot;step_next_label&quot;:&quot;Next&quot;,&quot;step_previous_label&quot;:&quot;Previous&quot;,&quot;button_width&quot;:&quot;100&quot;,&quot;step_type&quot;:&quot;number_text&quot;,&quot;step_icon_shape&quot;:&quot;circle&quot;}\" data-widget_type=\"form.default\">\n\t\t\t\t<div class=\"elementor-widget-container\">\n\t\t\t\t\t\t\t<form class=\"elementor-form\" method=\"post\" name=\"New Form\" action=\"\">\n\t\t\t<input type=\"hidden\" name=\"post_id\" value=\"9\"\/>\n\t\t\t<input type=\"hidden\" name=\"form_id\" value=\"571112c\"\/>\n\t\t\t<input type=\"hidden\" name=\"referer_title\" value=\"Omegle &#8211; Talk to Strangers\" \/>\n\n\t\t\t\n\t\t\t<div class=\"elementor-form-fields-wrapper elementor-labels-above\">\n\t\t\t\t\t\t\t\t<div class=\"elementor-field-type-text elementor-field-group elementor-column elementor-field-group-name elementor-col-100\">\n\t\t\t\t\t\t\t\t\t\t\t\t<label for=\"form-field-name\" class=\"elementor-field-label\">\n\t\t\t\t\t\t\t\tName\t\t\t\t\t\t\t<\/label>\n\t\t\t\t\t\t\t\t\t\t\t\t\t\t<input size=\"1\" type=\"text\" name=\"form_fields[name]\" id=\"form-field-name\" class=\"elementor-field elementor-size-sm  elementor-field-textual\" placeholder=\"Name\">\n\t\t\t\t\t\t\t\t\t\t\t<\/div>\n\t\t\t\t\t\t\t\t<div class=\"elementor-field-type-email elementor-field-group elementor-column elementor-field-group-email elementor-col-100 elementor-field-required elementor-mark-required\">\n\t\t\t\t\t\t\t\t\t\t\t\t<label for=\"form-field-email\" class=\"elementor-field-label\">\n\t\t\t\t\t\t\t\tEmail\t\t\t\t\t\t\t<\/label>\n\t\t\t\t\t\t\t\t\t\t\t\t\t\t<input size=\"1\" type=\"email\" name=\"form_fields[email]\" id=\"form-field-email\" class=\"elementor-field elementor-size-sm  elementor-field-textual\" placeholder=\"Email\" required=\"required\">\n\t\t\t\t\t\t\t\t\t\t\t<\/div>\n\t\t\t\t\t\t\t\t<div class=\"elementor-field-type-textarea elementor-field-group elementor-column elementor-field-group-message elementor-col-100\">\n\t\t\t\t\t\t\t\t\t\t\t\t<label for=\"form-field-message\" class=\"elementor-field-label\">\n\t\t\t\t\t\t\t\tNachricht\t\t\t\t\t\t\t<\/label>\n\t\t\t\t\t\t<textarea class=\"elementor-field-textual elementor-field  elementor-size-sm\" name=\"form_fields[message]\" id=\"form-field-message\" rows=\"4\" placeholder=\"Nachricht\"><\/textarea>\t\t\t\t<\/div>\n\t\t\t\t\t\t\t\t<div class=\"elementor-field-group elementor-column elementor-field-type-submit elementor-col-100 e-form__buttons\">\n\t\t\t\t\t<button class=\"elementor-button elementor-size-sm\" type=\"submit\">\n\t\t\t\t\t\t<span class=\"elementor-button-content-wrapper\">\n\t\t\t\t\t\t\t\t\t\t\t\t\t\t\t\t\t\t\t\t\t\t<span class=\"elementor-button-text\">Schicken<\/span>\n\t\t\t\t\t\t\t\t\t\t\t\t\t<\/span>\n\t\t\t\t\t<\/button>\n\t\t\t\t<\/div>\n\t\t\t<\/div>\n\t\t<input type=\"hidden\" name=\"trp-form-language\" value=\"de\"\/><\/form>\n\t\t\t\t\t\t<\/div>\n\t\t\t\t<\/div>\n\t\t\t\t\t<\/div>\n\t\t<\/div>\n\t\t\t\t\t<\/div>\n\t\t<\/section>\n\t\t\t\t<\/div>","protected":false},"excerpt":{"rendered":"<p>Bei Omegle m\u00f6chten wir Menschen aus aller Welt zusammenbringen und eine einzigartige Plattform f\u00fcr zuf\u00e4llige Videochat-Erlebnisse bieten. Um eine positive und ansprechende Umgebung aufrechtzuerhalten, ermutigen wir unsere Benutzer, mit uns in Verbindung zu bleiben, Probleme oder Bedenken zu melden und ihre Erfahrungen zu teilen. Dieser Beitrag dient als Leitfaden f\u00fcr [\u2026]<\/p>","protected":false},"author":1,"featured_media":0,"parent":0,"menu_order":0,"comment_status":"closed","ping_status":"closed","template":"","meta":{"footnotes":""},"class_list":["post-9","page","type-page","status-publish","hentry"],"yoast_head":"<!-- This site is optimized with the Yoast SEO Premium plugin v21.5 (Yoast SEO v21.5) - https:\/\/yoast.com\/wordpress\/plugins\/seo\/ -->\n<title>Contact - Omegle - Talk to Strangers<\/title>\n<meta name=\"robots\" content=\"index, follow, max-snippet:-1, max-image-preview:large, max-video-preview:-1\" \/>\n<link rel=\"canonical\" href=\"https:\/\/omegle.to\/de\/kontakt\/\" \/>\n<meta property=\"og:locale\" content=\"de_DE\" \/>\n<meta property=\"og:type\" content=\"article\" \/>\n<meta property=\"og:title\" content=\"Contact\" \/>\n<meta property=\"og:description\" content=\"At Omegle, we&#8217;re passionate about connecting people from around the world and providing a unique platform for random video chat experiences. In order to maintain a positive and engaging environment, we encourage our users to stay connected with us, report any issues or concerns, and share their experiences. This post serves as a guide for [&hellip;]\" \/>\n<meta property=\"og:url\" content=\"https:\/\/omegle.to\/de\/kontakt\/\" \/>\n<meta property=\"og:site_name\" content=\"Omegle - Talk to Strangers\" \/>\n<meta property=\"article:modified_time\" content=\"2023-04-30T08:20:06+00:00\" \/>\n<meta name=\"twitter:card\" content=\"summary_large_image\" \/>\n<script type=\"application\/ld+json\" class=\"yoast-schema-graph\">{\"@context\":\"https:\/\/schema.org\",\"@graph\":[{\"@type\":\"WebPage\",\"@id\":\"https:\/\/omegle.to\/contact\/\",\"url\":\"https:\/\/omegle.to\/contact\/\",\"name\":\"Contact - Omegle - Talk to Strangers\",\"isPartOf\":{\"@id\":\"https:\/\/omegle.to\/#website\"},\"datePublished\":\"2021-11-22T17:12:55+00:00\",\"dateModified\":\"2023-04-30T08:20:06+00:00\",\"breadcrumb\":{\"@id\":\"https:\/\/omegle.to\/contact\/#breadcrumb\"},\"inLanguage\":\"de\",\"potentialAction\":[{\"@type\":\"ReadAction\",\"target\":[\"https:\/\/omegle.to\/contact\/\"]}]},{\"@type\":\"BreadcrumbList\",\"@id\":\"https:\/\/omegle.to\/contact\/#breadcrumb\",\"itemListElement\":[{\"@type\":\"ListItem\",\"position\":1,\"name\":\"Home\",\"item\":\"https:\/\/omegle.to\/\"},{\"@type\":\"ListItem\",\"position\":2,\"name\":\"Contact\"}]},{\"@type\":\"WebSite\",\"@id\":\"https:\/\/omegle.to\/#website\",\"url\":\"https:\/\/omegle.to\/\",\"name\":\"Omegle - Talk to Strangers\",\"description\":\"Random Video Chat\",\"publisher\":{\"@id\":\"https:\/\/omegle.to\/#organization\"},\"potentialAction\":[{\"@type\":\"SearchAction\",\"target\":{\"@type\":\"EntryPoint\",\"urlTemplate\":\"https:\/\/omegle.to\/?s={search_term_string}\"},\"query-input\":\"required name=search_term_string\"}],\"inLanguage\":\"de\"},{\"@type\":\"Organization\",\"@id\":\"https:\/\/omegle.to\/#organization\",\"name\":\"Omegle - Talk to Strangers\",\"url\":\"https:\/\/omegle.to\/\",\"logo\":{\"@type\":\"ImageObject\",\"inLanguage\":\"de\",\"@id\":\"https:\/\/omegle.to\/#\/schema\/logo\/image\/\",\"url\":\"https:\/\/omegle.to\/wp-content\/uploads\/2021\/12\/omegle-omegle.to_.jpg\",\"contentUrl\":\"https:\/\/omegle.to\/wp-content\/uploads\/2021\/12\/omegle-omegle.to_.jpg\",\"width\":1024,\"height\":820,\"caption\":\"Omegle - Talk to Strangers\"},\"image\":{\"@id\":\"https:\/\/omegle.to\/#\/schema\/logo\/image\/\"}}]}<\/script>\n<!-- \/ Yoast SEO Premium plugin. -->","yoast_head_json":{"title":"Contact - Omegle - Talk to Strangers","robots":{"index":"index","follow":"follow","max-snippet":"max-snippet:-1","max-image-preview":"max-image-preview:large","max-video-preview":"max-video-preview:-1"},"canonical":"https:\/\/omegle.to\/de\/kontakt\/","og_locale":"de_DE","og_type":"article","og_title":"Contact","og_description":"At Omegle, we&#8217;re passionate about connecting people from around the world and providing a unique platform for random video chat experiences. In order to maintain a positive and engaging environment, we encourage our users to stay connected with us, report any issues or concerns, and share their experiences. This post serves as a guide for [&hellip;]","og_url":"https:\/\/omegle.to\/de\/kontakt\/","og_site_name":"Omegle - Talk to Strangers","article_modified_time":"2023-04-30T08:20:06+00:00","twitter_card":"summary_large_image","schema":{"@context":"https:\/\/schema.org","@graph":[{"@type":"WebPage","@id":"https:\/\/omegle.to\/contact\/","url":"https:\/\/omegle.to\/contact\/","name":"Contact - Omegle - Talk to Strangers","isPartOf":{"@id":"https:\/\/omegle.to\/#website"},"datePublished":"2021-11-22T17:12:55+00:00","dateModified":"2023-04-30T08:20:06+00:00","breadcrumb":{"@id":"https:\/\/omegle.to\/contact\/#breadcrumb"},"inLanguage":"de","potentialAction":[{"@type":"ReadAction","target":["https:\/\/omegle.to\/contact\/"]}]},{"@type":"BreadcrumbList","@id":"https:\/\/omegle.to\/contact\/#breadcrumb","itemListElement":[{"@type":"ListItem","position":1,"name":"Home","item":"https:\/\/omegle.to\/"},{"@type":"ListItem","position":2,"name":"Contact"}]},{"@type":"WebSite","@id":"https:\/\/omegle.to\/#website","url":"https:\/\/omegle.to\/","name":"Omegle - Talk to Strangers","description":"Random Video Chat","publisher":{"@id":"https:\/\/omegle.to\/#organization"},"potentialAction":[{"@type":"SearchAction","target":{"@type":"EntryPoint","urlTemplate":"https:\/\/omegle.to\/?s={search_term_string}"},"query-input":"required name=search_term_string"}],"inLanguage":"de"},{"@type":"Organization","@id":"https:\/\/omegle.to\/#organization","name":"Omegle - Talk to Strangers","url":"https:\/\/omegle.to\/","logo":{"@type":"ImageObject","inLanguage":"de","@id":"https:\/\/omegle.to\/#\/schema\/logo\/image\/","url":"https:\/\/omegle.to\/wp-content\/uploads\/2021\/12\/omegle-omegle.to_.jpg","contentUrl":"https:\/\/omegle.to\/wp-content\/uploads\/2021\/12\/omegle-omegle.to_.jpg","width":1024,"height":820,"caption":"Omegle - Talk to Strangers"},"image":{"@id":"https:\/\/omegle.to\/#\/schema\/logo\/image\/"}}]}},"_links":{"self":[{"href":"https:\/\/omegle.to\/de\/wp-json\/wp\/v2\/pages\/9","targetHints":{"allow":["GET"]}}],"collection":[{"href":"https:\/\/omegle.to\/de\/wp-json\/wp\/v2\/pages"}],"about":[{"href":"https:\/\/omegle.to\/de\/wp-json\/wp\/v2\/types\/page"}],"author":[{"embeddable":true,"href":"https:\/\/omegle.to\/de\/wp-json\/wp\/v2\/users\/1"}],"replies":[{"embeddable":true,"href":"https:\/\/omegle.to\/de\/wp-json\/wp\/v2\/comments?post=9"}],"version-history":[{"count":5,"href":"https:\/\/omegle.to\/de\/wp-json\/wp\/v2\/pages\/9\/revisions"}],"predecessor-version":[{"id":1829,"href":"https:\/\/omegle.to\/de\/wp-json\/wp\/v2\/pages\/9\/revisions\/1829"}],"wp:attachment":[{"href":"https:\/\/omegle.to\/de\/wp-json\/wp\/v2\/media?parent=9"}],"curies":[{"name":"wp","href":"https:\/\/api.w.org\/{rel}","templated":true}]}}