{"id":2028,"date":"2025-01-16T22:32:50","date_gmt":"2025-01-16T20:32:50","guid":{"rendered":"https:\/\/omegle.to\/?page_id=2028"},"modified":"2025-01-16T22:34:57","modified_gmt":"2025-01-16T20:34:57","slug":"uhmegle","status":"publish","type":"page","link":"https:\/\/omegle.to\/de\/abonnieren-2\/","title":{"rendered":"Uhmegle"},"content":{"rendered":"<h2 style=\"text-align: center;\">Warum Uhmegle w\u00e4hlen?<\/h2>\n<p>Lust auf eine spannende M\u00f6glichkeit, an pers\u00f6nlichen Live-Videointeraktionen teilzunehmen? Uhmegle ist eine Omegle-Alternative, die das zuf\u00e4llige Chatten neu erfindet, indem ausschlie\u00dflich M\u00e4nner mit Frauen und ausschlie\u00dflich Frauen mit M\u00e4nnern zusammengebracht werden. Dieses ma\u00dfgeschneiderte System sorgt daf\u00fcr, dass sich jede Verbindung frisch, unterhaltsam und vollst\u00e4ndig auf Ihre pers\u00f6nlichen Vorlieben abgestimmt anf\u00fchlt.<\/p>\n<h3 style=\"text-align: center;\">Uhmegle: Ihre Omegle-Alternative f\u00fcr schnelle und zuf\u00e4llige Video-Matches<\/h3>\n<p>Sie suchen ein privates Gespr\u00e4ch mit einem neuen Gesicht in weniger als 10 Sekunden? Dann sind Sie bei Uhmegle, Ihrer zuverl\u00e4ssigen Omegle-Alternative, genau richtig. Unsere optimierte Technologie stellt sicher, dass M\u00e4nner immer mit Frauen und Frauen immer mit M\u00e4nnern zusammenpassen \u2013 ohne Ausnahmen. Wenn Sie nicht in Stimmung sind, dr\u00fccken Sie einfach auf \u201eWeiter\u201c, um sofort ein neues Treffen zu beginnen. Egal, ob Sie ungezwungen chatten oder eine dauerhafte Freundschaft aufbauen m\u00f6chten, Uhmegle macht die Verbindung mit Menschen weltweit zu einem nahtlosen und angenehmen Erlebnis.<\/p>\n<h3 style=\"text-align: center;\">Eine herausragende Omegle-Alternative f\u00fcr schnelle und intuitive Verbindungen<\/h3>\n<p>Unter den verschiedenen Plattformen, die es gibt, ist Uhmegle eine hervorragende Omegle-Alternative f\u00fcr alle, die schnelle, zuf\u00e4llige Verbindungen in einer benutzerfreundlichen Umgebung suchen. Dank der minimalistischen, intuitiven Benutzeroberfl\u00e4che k\u00f6nnen Sie in Sekundenschnelle in einen Videochat einsteigen \u2013 Sie verschwenden keine Zeit mit komplizierten Einstellungen oder endlosem Scrollen. Sie sind neugierig auf die Kultur einer anderen Person, m\u00f6chten gerne lachen oder m\u00f6chten sich kurz unterhalten? Uhmegle nimmt Ihnen das R\u00e4tselraten ab, indem es Sie mit Personen aus unz\u00e4hligen Hintergr\u00fcnden verbindet und daf\u00fcr sorgt, dass Ihre Erfahrung sowohl aufregend als auch unbeschwert ist.<\/p>\n<p>**Uhmegle \u2013 Ihre vertrauensw\u00fcrdige Omegle-Alternative \u2013** \u00fcbertrifft blo\u00dfe Bequemlichkeit und verbessert jede Begegnung mit herausragenden Funktionen wie exklusiver geschlechtsbasierter Paarung und Echtzeit\u00fcbersetzung. Diese durchdachte Kombination l\u00e4sst jede Videositzung frisch und einzigartig erscheinen und zielt darauf ab, in Rekordzeit den perfekten Partner zu finden. Tauchen Sie ein in spontane, zuf\u00e4llig generierte Verbindungen, \u00fcberbr\u00fccken Sie sprachliche Barrieren und pflegen Sie weltweite Freundschaften mit nur einem Klick.<\/p>\n<h3 style=\"text-align: center;\">Exklusives Matching f\u00fcr M\u00e4nner und Frauen auf Uhmegle, der ultimativen Omegle-Alternative<\/h3>\n<p>F\u00fchlen Sie sich entt\u00e4uscht, weil die Begegnungen nicht zusammenpassen oder uninteressant sind? Uhmegle, die Omegle-Alternative, l\u00f6st dieses Dilemma, indem sie garantiert, dass M\u00e4nner nur Frauen und Frauen nur M\u00e4nner treffen. So wird eine authentischere und frustfreiere Umgebung gew\u00e4hrleistet.<\/p>\n<p>Anstatt durch eine zuf\u00e4llige Mischung von Benutzern zu navigieren, verl\u00e4sst sich Uhmegle auf einen speziellen Algorithmus, der diese exklusive Dynamik zwischen Mann und Frau und zwischen Frau und Mann bewahrt. Das Ergebnis? Ein pers\u00f6nlicherer Raum, in dem bedeutungsvolle Interaktionen gedeihen, ohne Zeitverschwendung und ungewollte Gespr\u00e4che.<\/p>\n<p>Und es geht nicht nur um pr\u00e4zises Matching \u2013 Uhmegle, die Alternative zu Omegle, zeichnet sich auch durch eine reibungslose Benutzererfahrung von Anfang bis Ende aus. Mit nur wenigen Klicks k\u00f6nnen Sie sich mit Personen auf der ganzen Welt verbinden, die Ihr Interesse an Gespr\u00e4chen mit dem anderen Geschlecht teilen. Indem Uhmegle das R\u00e4tselraten aus der Gleichung eliminiert, r\u00fcckt es echte Benutzerzufriedenheit in den Mittelpunkt und macht Ihre Suche nach neuen Freunden oder ungezwungenen Chats reibungsloser und angenehmer als je zuvor.<\/p>\n<h3 style=\"text-align: center;\">\u00dcberwinden Sie Sprachbarrieren mit Uhmegle<\/h3>\n<p>Uhmegle, die Omegle-Alternative, ist in \u00fcber 100 L\u00e4ndern vertreten und sorgt daf\u00fcr, dass Sprachunterschiede nie zum Hindernis werden. Unsere hochmoderne Echtzeit-\u00dcbersetzungsfunktion \u00fcbersetzt Nachrichten automatisch in die von Ihnen gew\u00e4hlte Sprache (und umgekehrt), sodass Sie mit jedem \u00fcberall kommunizieren k\u00f6nnen, ohne etwas zu verpassen.<\/p>\n<p>Mit dieser innovativen \u00dcbersetzungsfunktion erm\u00f6glicht Ihnen Uhmegle, die Omegle-Alternative, frei mit Menschen aus allen Teilen der Welt zu chatten. Egal, ob sie Franz\u00f6sisch, Spanisch, Mandarin oder eine andere unterst\u00fctzte Sprache sprechen, Ihre Konversation bleibt fesselnd und unmittelbar. Dies beseitigt nicht nur peinliche Verz\u00f6gerungen oder Missverst\u00e4ndnisse, sondern gibt Ihnen auch die Freiheit, sich auf das Kn\u00fcpfen echter Verbindungen zu konzentrieren.<\/p>\n<p>Dar\u00fcber hinaus f\u00f6rdert die Wahl von Uhmegle als Ihre Omegle-Alternative ein tieferes kulturelles Bewusstsein und eine tiefere Wertsch\u00e4tzung. Jedes Gespr\u00e4ch kann neue Traditionen, Werte oder Br\u00e4uche enth\u00fcllen und Ihren Horizont mit jedem Gespr\u00e4ch erweitern. Indem die Teilnehmer sich ohne sprachliche Barrieren ausdr\u00fccken k\u00f6nnen, f\u00f6rdert die Echtzeit\u00fcbersetzung aufrichtige Verbindungen, die zu langj\u00e4hrigen internationalen Freundschaften f\u00fchren k\u00f6nnen. Diese Mischung aus Spitzentechnologie und kulturellem Eintauchen ist genau das, was Uhmegle in eine eigene Liga hebt \u2013 und einen wahrhaft globalen Dialog erm\u00f6glicht.<\/p>\n<h3 style=\"text-align: center;\">Eine globale Community mit \u00fcber 1 Million Mitgliedern auf Uhmegle<\/h3>\n<p>Werden Sie Teil eines lebendigen, st\u00e4ndig wachsenden Netzwerks mit \u00fcber einer Million Mitgliedern in mehr als 100 L\u00e4ndern, wenn Sie sich f\u00fcr Uhmegle entscheiden, die ultimative Omegle-Alternative. Tauchen Sie ein in einen reichen kulturellen Austausch, kn\u00fcpfen Sie weltweite Verbindungen und beteiligen Sie sich an fesselnden Diskussionen \u2013 alles bequem von Ihrem eigenen Ger\u00e4t aus.<\/p>\n<p>Als f\u00fchrende Omegle-Alternative kann Uhmegle mehr als eine Million Benutzer in \u00fcber 100 L\u00e4ndern vorweisen. Dieser Schmelztiegel der Hintergr\u00fcnde und Perspektiven verspricht, dass Sie immer jemanden Neues treffen werden \u2013 jemanden, der Ihren Horizont erweitern, Ihnen neue Ideen vermitteln und vielleicht ein enger Gef\u00e4hrte werden kann. Unabh\u00e4ngig von Ihrem Standort macht es Uhmegle einfach, Menschen zu finden, die bereit sind, eine tiefere Verbindung einzugehen, und unvergessliche Begegnungen zu schaffen, die Grenzen \u00fcberschreiten.<\/p>\n<p>Was Uhmegle wirklich von anderen Omegle-Alternativen unterscheidet, ist die einladende Atmosph\u00e4re, die es f\u00fcr alle bietet. Dank Echtzeit\u00fcbersetzung und einer unkomplizierten Benutzeroberfl\u00e4che k\u00f6nnen Sie problemlos mit Personen kommunizieren, die verschiedene Sprachen sprechen, und so den Weg f\u00fcr sinnvolle Interaktionen ohne geografische oder sprachliche Einschr\u00e4nkungen ebnen. Indem Uhmegle Vielfalt f\u00f6rdert, verbindet es ein weltweites Publikum von Benutzern und er\u00f6ffnet eine endlose Reihe von M\u00f6glichkeiten f\u00fcr kulturelle Erkundungen und echte Verbindungen.<\/p>\n<h3 style=\"text-align: center;\">Probieren Sie Uhmegle jetzt aus \u2013 keine Anmeldung erforderlich: Die Omegle-Alternative an Ihren Fingerspitzen<\/h3>\n<p>Neugierig und neugierig? W\u00e4hlen Sie einfach Ihr Geschlecht aus, klicken Sie auf \u201eSuche starten\u201c und tauchen Sie ein in einen privaten Videochat mit einem zuf\u00e4lligen Match auf Uhmegle, der herausragenden Omegle-Alternative. Da keine Registrierung erforderlich ist, ist dies eine der schnellsten M\u00f6glichkeiten, neue Gesichter auf der ganzen Welt kennenzulernen.<\/p>\n<p>Genie\u00dfen Sie den Nervenkitzel ungeplanter, spontaner Verbindungen auf Uhmegle, der Omegle-Alternative, die Sie im Handumdrehen mit faszinierenden Menschen zusammenbringt. Lassen Sie Ihren Gespr\u00e4chen freien Lauf und entdecken Sie, wohin Ihr n\u00e4chstes Online-Abenteuer Sie f\u00fchren wird!<\/p>","protected":false},"excerpt":{"rendered":"<p>Warum Uhmegle w\u00e4hlen? Lust auf spannende Live-Video-Interaktionen? Uhmegle ist eine Omegle-Alternative, die das Zufalls-Chatten neu definiert, indem M\u00e4nner ausschlie\u00dflich mit Frauen und Frauen ausschlie\u00dflich mit M\u00e4nnern zusammengebracht werden. Dieses ma\u00dfgeschneiderte System sorgt daf\u00fcr, dass sich jede Verbindung frisch, unterhaltsam und ganz auf Ihre pers\u00f6nlichen Vorlieben abgestimmt anf\u00fchlt. Uhmegle: Ihre Omegle-Alternative f\u00fcr [\u2026]<\/p>","protected":false},"author":2,"featured_media":2030,"parent":0,"menu_order":0,"comment_status":"closed","ping_status":"closed","template":"","meta":{"footnotes":""},"class_list":["post-2028","page","type-page","status-publish","has-post-thumbnail","hentry"],"yoast_head":"<!-- This site is optimized with the Yoast SEO Premium plugin v21.5 (Yoast SEO v21.5) - https:\/\/yoast.com\/wordpress\/plugins\/seo\/ -->\n<title>Uhmegle - Omegle Alternative for Video Chat<\/title>\n<meta name=\"description\" content=\"Discover Uhmegle\u2014the Omegle Alternative for exclusive video chats. No signup, private &amp; instant. Try it now, free Connect instantly\" \/>\n<meta name=\"robots\" content=\"index, follow, max-snippet:-1, max-image-preview:large, max-video-preview:-1\" \/>\n<link rel=\"canonical\" href=\"https:\/\/omegle.to\/de\/abonnieren-2\/\" \/>\n<meta property=\"og:locale\" content=\"de_DE\" \/>\n<meta property=\"og:type\" content=\"article\" \/>\n<meta property=\"og:title\" content=\"Uhmegle\" \/>\n<meta property=\"og:description\" content=\"Discover Uhmegle\u2014the Omegle Alternative for exclusive video chats. No signup, private &amp; instant. Try it now, free Connect instantly\" \/>\n<meta property=\"og:url\" content=\"https:\/\/omegle.to\/de\/abonnieren-2\/\" \/>\n<meta property=\"og:site_name\" content=\"Omegle - Talk to Strangers\" \/>\n<meta property=\"article:modified_time\" content=\"2025-01-16T20:34:57+00:00\" \/>\n<meta property=\"og:image\" content=\"https:\/\/omegle.to\/wp-content\/uploads\/2025\/01\/uhmegle.jpeg\" \/>\n\t<meta property=\"og:image:width\" content=\"450\" \/>\n\t<meta property=\"og:image:height\" content=\"450\" \/>\n\t<meta property=\"og:image:type\" content=\"image\/jpeg\" \/>\n<meta name=\"twitter:card\" content=\"summary_large_image\" \/>\n<meta name=\"twitter:label1\" content=\"Gesch\u00e4tzte Lesezeit\" \/>\n\t<meta name=\"twitter:data1\" content=\"5\u00a0Minuten\" \/>\n<script type=\"application\/ld+json\" class=\"yoast-schema-graph\">{\"@context\":\"https:\/\/schema.org\",\"@graph\":[{\"@type\":\"WebPage\",\"@id\":\"https:\/\/omegle.to\/uhmegle\/\",\"url\":\"https:\/\/omegle.to\/uhmegle\/\",\"name\":\"Uhmegle - Omegle Alternative for Video Chat\",\"isPartOf\":{\"@id\":\"https:\/\/omegle.to\/#website\"},\"datePublished\":\"2025-01-16T20:32:50+00:00\",\"dateModified\":\"2025-01-16T20:34:57+00:00\",\"description\":\"Discover Uhmegle\u2014the Omegle Alternative for exclusive video chats. No signup, private & instant. Try it now, free Connect instantly\",\"breadcrumb\":{\"@id\":\"https:\/\/omegle.to\/uhmegle\/#breadcrumb\"},\"inLanguage\":\"de\",\"potentialAction\":[{\"@type\":\"ReadAction\",\"target\":[\"https:\/\/omegle.to\/uhmegle\/\"]}]},{\"@type\":\"BreadcrumbList\",\"@id\":\"https:\/\/omegle.to\/uhmegle\/#breadcrumb\",\"itemListElement\":[{\"@type\":\"ListItem\",\"position\":1,\"name\":\"Home\",\"item\":\"https:\/\/omegle.to\/\"},{\"@type\":\"ListItem\",\"position\":2,\"name\":\"Uhmegle\"}]},{\"@type\":\"WebSite\",\"@id\":\"https:\/\/omegle.to\/#website\",\"url\":\"https:\/\/omegle.to\/\",\"name\":\"Omegle - Talk to Strangers\",\"description\":\"Random Video Chat\",\"publisher\":{\"@id\":\"https:\/\/omegle.to\/#organization\"},\"potentialAction\":[{\"@type\":\"SearchAction\",\"target\":{\"@type\":\"EntryPoint\",\"urlTemplate\":\"https:\/\/omegle.to\/?s={search_term_string}\"},\"query-input\":\"required name=search_term_string\"}],\"inLanguage\":\"de\"},{\"@type\":\"Organization\",\"@id\":\"https:\/\/omegle.to\/#organization\",\"name\":\"Omegle - Talk to Strangers\",\"url\":\"https:\/\/omegle.to\/\",\"logo\":{\"@type\":\"ImageObject\",\"inLanguage\":\"de\",\"@id\":\"https:\/\/omegle.to\/#\/schema\/logo\/image\/\",\"url\":\"https:\/\/omegle.to\/wp-content\/uploads\/2021\/12\/omegle-omegle.to_.jpg\",\"contentUrl\":\"https:\/\/omegle.to\/wp-content\/uploads\/2021\/12\/omegle-omegle.to_.jpg\",\"width\":1024,\"height\":820,\"caption\":\"Omegle - Talk to Strangers\"},\"image\":{\"@id\":\"https:\/\/omegle.to\/#\/schema\/logo\/image\/\"}}]}<\/script>\n<!-- \/ Yoast SEO Premium plugin. -->","yoast_head_json":{"title":"Uhmegle - Omegle Alternative for Video Chat","description":"Discover Uhmegle\u2014the Omegle Alternative for exclusive video chats. No signup, private & instant. Try it now, free Connect instantly","robots":{"index":"index","follow":"follow","max-snippet":"max-snippet:-1","max-image-preview":"max-image-preview:large","max-video-preview":"max-video-preview:-1"},"canonical":"https:\/\/omegle.to\/de\/abonnieren-2\/","og_locale":"de_DE","og_type":"article","og_title":"Uhmegle","og_description":"Discover Uhmegle\u2014the Omegle Alternative for exclusive video chats. No signup, private & instant. Try it now, free Connect instantly","og_url":"https:\/\/omegle.to\/de\/abonnieren-2\/","og_site_name":"Omegle - Talk to Strangers","article_modified_time":"2025-01-16T20:34:57+00:00","og_image":[{"width":450,"height":450,"url":"https:\/\/omegle.to\/wp-content\/uploads\/2025\/01\/uhmegle.jpeg","type":"image\/jpeg"}],"twitter_card":"summary_large_image","twitter_misc":{"Gesch\u00e4tzte Lesezeit":"5\u00a0Minuten"},"schema":{"@context":"https:\/\/schema.org","@graph":[{"@type":"WebPage","@id":"https:\/\/omegle.to\/uhmegle\/","url":"https:\/\/omegle.to\/uhmegle\/","name":"Uhmegle - Omegle Alternative for Video Chat","isPartOf":{"@id":"https:\/\/omegle.to\/#website"},"datePublished":"2025-01-16T20:32:50+00:00","dateModified":"2025-01-16T20:34:57+00:00","description":"Discover Uhmegle\u2014the Omegle Alternative for exclusive video chats. No signup, private & instant. Try it now, free Connect instantly","breadcrumb":{"@id":"https:\/\/omegle.to\/uhmegle\/#breadcrumb"},"inLanguage":"de","potentialAction":[{"@type":"ReadAction","target":["https:\/\/omegle.to\/uhmegle\/"]}]},{"@type":"BreadcrumbList","@id":"https:\/\/omegle.to\/uhmegle\/#breadcrumb","itemListElement":[{"@type":"ListItem","position":1,"name":"Home","item":"https:\/\/omegle.to\/"},{"@type":"ListItem","position":2,"name":"Uhmegle"}]},{"@type":"WebSite","@id":"https:\/\/omegle.to\/#website","url":"https:\/\/omegle.to\/","name":"Omegle - Talk to Strangers","description":"Random Video Chat","publisher":{"@id":"https:\/\/omegle.to\/#organization"},"potentialAction":[{"@type":"SearchAction","target":{"@type":"EntryPoint","urlTemplate":"https:\/\/omegle.to\/?s={search_term_string}"},"query-input":"required name=search_term_string"}],"inLanguage":"de"},{"@type":"Organization","@id":"https:\/\/omegle.to\/#organization","name":"Omegle - Talk to Strangers","url":"https:\/\/omegle.to\/","logo":{"@type":"ImageObject","inLanguage":"de","@id":"https:\/\/omegle.to\/#\/schema\/logo\/image\/","url":"https:\/\/omegle.to\/wp-content\/uploads\/2021\/12\/omegle-omegle.to_.jpg","contentUrl":"https:\/\/omegle.to\/wp-content\/uploads\/2021\/12\/omegle-omegle.to_.jpg","width":1024,"height":820,"caption":"Omegle - Talk to Strangers"},"image":{"@id":"https:\/\/omegle.to\/#\/schema\/logo\/image\/"}}]}},"_links":{"self":[{"href":"https:\/\/omegle.to\/de\/wp-json\/wp\/v2\/pages\/2028","targetHints":{"allow":["GET"]}}],"collection":[{"href":"https:\/\/omegle.to\/de\/wp-json\/wp\/v2\/pages"}],"about":[{"href":"https:\/\/omegle.to\/de\/wp-json\/wp\/v2\/types\/page"}],"author":[{"embeddable":true,"href":"https:\/\/omegle.to\/de\/wp-json\/wp\/v2\/users\/2"}],"replies":[{"embeddable":true,"href":"https:\/\/omegle.to\/de\/wp-json\/wp\/v2\/comments?post=2028"}],"version-history":[{"count":1,"href":"https:\/\/omegle.to\/de\/wp-json\/wp\/v2\/pages\/2028\/revisions"}],"predecessor-version":[{"id":2031,"href":"https:\/\/omegle.to\/de\/wp-json\/wp\/v2\/pages\/2028\/revisions\/2031"}],"wp:featuredmedia":[{"embeddable":true,"href":"https:\/\/omegle.to\/de\/wp-json\/wp\/v2\/media\/2030"}],"wp:attachment":[{"href":"https:\/\/omegle.to\/de\/wp-json\/wp\/v2\/media?parent=2028"}],"curies":[{"name":"wp","href":"https:\/\/api.w.org\/{rel}","templated":true}]}}