{"id":1681,"date":"2022-08-20T08:33:01","date_gmt":"2022-08-20T06:33:01","guid":{"rendered":"https:\/\/omegle.to\/?page_id=1681"},"modified":"2025-01-16T23:22:33","modified_gmt":"2025-01-16T21:22:33","slug":"video-chat","status":"publish","type":"page","link":"https:\/\/omegle.to\/de\/video-chat\/","title":{"rendered":"Omegle: Video-Chat"},"content":{"rendered":"<p>Neuer Omegle-Videochat, Omegle-Videochatroom ist kostenlos. Registrieren Sie sich noch heute als Gast und haben Sie Spa\u00df. Chatten Sie mit Fremden online im echten Videochat. Chatten Sie mit Fremden online per Live-Webcam und flirten Sie mit Singles weltweit.<\/p>\n<p>Junge Frauen und M\u00e4nner lieben den Omegle-Videochat. Junge M\u00e4dchen und Jungen chatten gerne online mit Fremden. Sie k\u00f6nnen online neue Leute kennenlernen und Spa\u00df haben, ohne Ihren K\u00f6rper einsetzen zu m\u00fcssen. Sie k\u00f6nnen M\u00e4nner auf offiziellen Omegle- oder anderen alternativen Websites treffen. Andere Omegle-\u00e4hnliche und andere Chat-Sites bieten keine Geschlechtsfilteroptionen. Aber hier sind sie. Die meisten Verbindungen werden mit M\u00e4nnern zustande kommen. Ihre Filtereinstellungen bestimmen, ob Sie mit Menschen des anderen Geschlechts in Kontakt treten k\u00f6nnen. Unsere KI stellt sicher, dass Sie nur \u201eM\u00e4dchen\u201c treffen, wenn Sie ein \u201eMann\u201c sind. <a href=\"https:\/\/android.com\">Android<\/a>, iOS und alle bekannten Browser kompatibel.<\/p>\n<p>Der Omegle-Videochat erfreut sich als Plattform, die Menschen aus aller Welt f\u00fcr zuf\u00e4llige Einzelgespr\u00e4che zusammenbringt, zunehmender Beliebtheit. Seit seiner Einf\u00fchrung im Jahr 2009 hat sich Omegle kontinuierlich weiterentwickelt und bietet seinen Benutzern ein einzigartiges und spannendes Erlebnis, das Verbindungen f\u00f6rdert und Horizonte erweitert. Wir tauchen in die Welt des Omegle-Videochats ein und besprechen seine Funktionen, Vorteile und m\u00f6glichen Fallstricke.<\/p>\n<h2 style=\"text-align: center;\">Warum sollten Sie sich f\u00fcr den Omegle-Videochat entscheiden?<\/h2>\n<p>Omegle ist eine unterhaltsame Website, auf der Sie mit Fremden chatten k\u00f6nnen. Diese Website verwendet als zugrunde liegenden Mechanismus zuf\u00e4lligen Videochat. Alle Fremden sind willkommen, als zuf\u00e4llige Benutzer an Ihrem Gespr\u00e4ch teilzunehmen. Alle Fremden k\u00f6nnen live auf Ihrem Ger\u00e4t chatten, sowohl im Zufallschat als auch im Webcam-Chat.<\/p>\n<p>Im Kern geht es beim Omegle-Videochat um Spontaneit\u00e4t und den Nervenkitzel des Unbekannten. Benutzer k\u00f6nnen Gespr\u00e4che mit zuf\u00e4lligen Fremden beginnen und so M\u00f6glichkeiten f\u00fcr neue Freundschaften, kulturellen Austausch oder einfach unterhaltsame Begegnungen schaffen. Dieses \u00dcberraschungselement ist zu einem der attraktivsten Aspekte von Omegle geworden und zieht Millionen von Benutzern weltweit an.<\/p>\n<h2 style=\"text-align: center;\">Video-Webcam-Interaktion mit Fremden<\/h2>\n<p>Omegle ist eine unterhaltsame Website, auf der Sie mit Fremden chatten k\u00f6nnen. Diese Website verwendet als zugrunde liegenden Mechanismus zuf\u00e4lligen Videochat. Alle Fremden sind willkommen, als zuf\u00e4llige Benutzer an Ihrem Gespr\u00e4ch teilzunehmen. Alle Fremden k\u00f6nnen live auf Ihrem Ger\u00e4t chatten, sowohl im Zufallschat als auch im Webcam-Chat.<\/p>\n<p>Trotz der zuf\u00e4lligen Natur der Plattform erm\u00f6glicht Omegle den Benutzern, ihre Erfahrung bis zu einem gewissen Grad anzupassen. Durch das Hinzuf\u00fcgen von Interessen oder Tags k\u00f6nnen Benutzer andere finden, die \u00e4hnliche Hobbys, Leidenschaften oder Gespr\u00e4chsthemen haben. Diese Funktion tr\u00e4gt dazu bei, Verbindungen bedeutungsvoller zu gestalten und erh\u00f6ht die Wahrscheinlichkeit interessanter Gespr\u00e4che.<\/p>\n<p>Omegle-Videochats k\u00f6nnen eine spannende und bereichernde Erfahrung sein. Allerdings ist es wichtig, die Plattform mit einer gesunden Portion Vorsicht und gesundem Menschenverstand zu nutzen. Da Benutzer auf viele verschiedene Menschen treffen k\u00f6nnen, ist es wichtig, auf verschiedene Gespr\u00e4chsstile und Pers\u00f6nlichkeiten vorbereitet zu sein. Aufgeschlossenheit und Respekt k\u00f6nnen viel dazu beitragen, eine positive Erfahrung auf Omegle zu gew\u00e4hrleisten.<\/p>\n<h2 style=\"text-align: center;\">5 Gr\u00fcnde f\u00fcr die Nutzung des Omegle-Videochats<\/h2>\n<p style=\"text-align: center;\">Unbegrenzter zuf\u00e4lliger Video-Chat.<\/p>\n<p style=\"text-align: center;\">Finde neue Freunde und Partner.<\/p>\n<p style=\"text-align: center;\">Cam mit Fremden, Cam-to-Cam.<\/p>\n<p style=\"text-align: center;\">Omegle ist eine unterhaltsame M\u00f6glichkeit, online neue Leute kennenzulernen.<\/p>\n<p style=\"text-align: center;\">Tolle Regions- und Geschlechtsfilter, um sich mit dem anderen Geschlecht zu treffen.<!-- Logo --><!-- Text --><\/p>\n<h2 style=\"text-align: center;\">Alternative zum zuf\u00e4lligen Video-Chat<\/h2>\n<p>Omegle war die erste Option f\u00fcr Emerald Chat, OmeTV und TinyChat Chatroulette. Es erm\u00f6glicht zuf\u00e4llige Verbindungen zwischen Fremden, um per Webcam zu chatten. Die Omegle-Website f\u00fcr Online-Dating ist eine neue M\u00f6glichkeit, Leute kennenzulernen. Sie k\u00f6nnen kostenlos M\u00e4dchen und Jungen online treffen.<\/p>\n<p>Omegle kann zwar eine unterhaltsame und spannende Plattform sein, birgt aber auch Gefahren. Benutzer sollten bei Videochats mit Fremden immer ihre Sicherheit und Privatsph\u00e4re im Auge behalten. Geben Sie keine pers\u00f6nlichen Informationen weiter und seien Sie vorsichtig mit den Bildern oder Videos, die Sie teilen. Wenn Sie au\u00dferdem auf unangemessenes oder beleidigendes Verhalten sto\u00dfen, z\u00f6gern Sie nicht, den Benutzer zu melden oder den Chat sofort zu beenden.<\/p>\n<p>Einer der lohnendsten Aspekte des Omegle-Videochats ist die M\u00f6glichkeit, mit Menschen unterschiedlicher Herkunft und Kultur in Kontakt zu treten. Durch die Teilnahme an dieser globalen Community k\u00f6nnen Benutzer ihren Horizont erweitern, unterschiedliche Perspektiven kennenlernen und sogar ihre Sprachkenntnisse verbessern. Dieser Aspekt von Omegle ist eine eindringliche Erinnerung an die vernetzte Welt, in der wir leben, und an das Potenzial f\u00fcr bedeutungsvolle Verbindungen, die geografische Grenzen \u00fcberschreiten.<\/p>\n<p>Der Omegle-Videochat bietet Benutzern eine einzigartige und spannende Plattform, um mit zuf\u00e4lligen Fremden aus allen Ecken der Welt in Kontakt zu treten. Durch die individuelle Gestaltung des Erlebnisses, die Gew\u00e4hrleistung einer sicheren und angenehmen Umgebung und die Einbeziehung der globalen Community k\u00f6nnen Benutzer das Beste genie\u00dfen, was Omegle zu bieten hat. W\u00e4hrend wir uns weiter im digitalen Zeitalter bewegen, ist der Omegle-Videochat ein Beweis f\u00fcr die Macht menschlicher Verbindungen und die endlosen M\u00f6glichkeiten, die nur einen Klick entfernt liegen.<\/p>","protected":false},"excerpt":{"rendered":"<p>Der neue Omegle-Videochat und der Omegle-Videochatroom sind kostenlos. Registriere dich noch heute als Gast und hab Spa\u00df! Chatte online mit Fremden im echten Videochat. Chatte online per Live-Webcam mit Fremden und flirte mit Singles weltweit. Junge Frauen und M\u00e4nner lieben den Omegle-Videochat. Junge M\u00e4dchen und Jungen chatten gerne mit [\u2026]<\/p>","protected":false},"author":2,"featured_media":0,"parent":0,"menu_order":0,"comment_status":"closed","ping_status":"closed","template":"","meta":{"footnotes":""},"class_list":["post-1681","page","type-page","status-publish","hentry"],"yoast_head":"<!-- This site is optimized with the Yoast SEO Premium plugin v21.5 (Yoast SEO v21.5) - https:\/\/yoast.com\/wordpress\/plugins\/seo\/ -->\n<title>Omegle: Video Chat<\/title>\n<meta name=\"description\" content=\"Anytime and anywhere you want, random video chat with Omegle. Be ready to meet and cam with strangers via random video chat.\" \/>\n<meta name=\"robots\" content=\"index, follow, max-snippet:-1, max-image-preview:large, max-video-preview:-1\" \/>\n<link rel=\"canonical\" href=\"https:\/\/omegle.to\/de\/chat-video\/\" \/>\n<meta property=\"og:locale\" content=\"de_DE\" \/>\n<meta property=\"og:type\" content=\"article\" \/>\n<meta property=\"og:title\" content=\"Omegle: Video Chat\" \/>\n<meta property=\"og:description\" content=\"Anytime and anywhere you want, random video chat with Omegle. Be ready to meet and cam with strangers via random video chat.\" \/>\n<meta property=\"og:url\" content=\"https:\/\/omegle.to\/de\/chat-video\/\" \/>\n<meta property=\"og:site_name\" content=\"Omegle - Talk to Strangers\" \/>\n<meta property=\"article:modified_time\" content=\"2025-01-16T21:22:33+00:00\" \/>\n<meta name=\"twitter:card\" content=\"summary_large_image\" \/>\n<meta name=\"twitter:label1\" content=\"Gesch\u00e4tzte Lesezeit\" \/>\n\t<meta name=\"twitter:data1\" content=\"4\u00a0Minuten\" \/>\n<script type=\"application\/ld+json\" class=\"yoast-schema-graph\">{\"@context\":\"https:\/\/schema.org\",\"@graph\":[{\"@type\":\"WebPage\",\"@id\":\"https:\/\/omegle.to\/fr\/chat-video\/\",\"url\":\"https:\/\/omegle.to\/fr\/chat-video\/\",\"name\":\"Omegle: Video Chat\",\"isPartOf\":{\"@id\":\"https:\/\/omegle.to\/#website\"},\"datePublished\":\"2022-08-20T06:33:01+00:00\",\"dateModified\":\"2025-01-16T21:22:33+00:00\",\"description\":\"Anytime and anywhere you want, random video chat with Omegle. Be ready to meet and cam with strangers via random video chat.\",\"breadcrumb\":{\"@id\":\"https:\/\/omegle.to\/fr\/chat-video\/#breadcrumb\"},\"inLanguage\":\"de\",\"potentialAction\":[{\"@type\":\"ReadAction\",\"target\":[\"https:\/\/omegle.to\/fr\/chat-video\/\"]}]},{\"@type\":\"BreadcrumbList\",\"@id\":\"https:\/\/omegle.to\/fr\/chat-video\/#breadcrumb\",\"itemListElement\":[{\"@type\":\"ListItem\",\"position\":1,\"name\":\"Home\",\"item\":\"https:\/\/omegle.to\/\"},{\"@type\":\"ListItem\",\"position\":2,\"name\":\"Omegle: Video Chat\"}]},{\"@type\":\"WebSite\",\"@id\":\"https:\/\/omegle.to\/#website\",\"url\":\"https:\/\/omegle.to\/\",\"name\":\"Omegle - Talk to Strangers\",\"description\":\"Random Video Chat\",\"publisher\":{\"@id\":\"https:\/\/omegle.to\/#organization\"},\"potentialAction\":[{\"@type\":\"SearchAction\",\"target\":{\"@type\":\"EntryPoint\",\"urlTemplate\":\"https:\/\/omegle.to\/?s={search_term_string}\"},\"query-input\":\"required name=search_term_string\"}],\"inLanguage\":\"de\"},{\"@type\":\"Organization\",\"@id\":\"https:\/\/omegle.to\/#organization\",\"name\":\"Omegle - Talk to Strangers\",\"url\":\"https:\/\/omegle.to\/\",\"logo\":{\"@type\":\"ImageObject\",\"inLanguage\":\"de\",\"@id\":\"https:\/\/omegle.to\/#\/schema\/logo\/image\/\",\"url\":\"https:\/\/omegle.to\/wp-content\/uploads\/2021\/12\/omegle-omegle.to_.jpg\",\"contentUrl\":\"https:\/\/omegle.to\/wp-content\/uploads\/2021\/12\/omegle-omegle.to_.jpg\",\"width\":1024,\"height\":820,\"caption\":\"Omegle - Talk to Strangers\"},\"image\":{\"@id\":\"https:\/\/omegle.to\/#\/schema\/logo\/image\/\"}}]}<\/script>\n<!-- \/ Yoast SEO Premium plugin. -->","yoast_head_json":{"title":"Omegle: Video Chat","description":"Anytime and anywhere you want, random video chat with Omegle. Be ready to meet and cam with strangers via random video chat.","robots":{"index":"index","follow":"follow","max-snippet":"max-snippet:-1","max-image-preview":"max-image-preview:large","max-video-preview":"max-video-preview:-1"},"canonical":"https:\/\/omegle.to\/de\/chat-video\/","og_locale":"de_DE","og_type":"article","og_title":"Omegle: Video Chat","og_description":"Anytime and anywhere you want, random video chat with Omegle. Be ready to meet and cam with strangers via random video chat.","og_url":"https:\/\/omegle.to\/de\/chat-video\/","og_site_name":"Omegle - Talk to Strangers","article_modified_time":"2025-01-16T21:22:33+00:00","twitter_card":"summary_large_image","twitter_misc":{"Gesch\u00e4tzte Lesezeit":"4\u00a0Minuten"},"schema":{"@context":"https:\/\/schema.org","@graph":[{"@type":"WebPage","@id":"https:\/\/omegle.to\/fr\/chat-video\/","url":"https:\/\/omegle.to\/fr\/chat-video\/","name":"Omegle: Video Chat","isPartOf":{"@id":"https:\/\/omegle.to\/#website"},"datePublished":"2022-08-20T06:33:01+00:00","dateModified":"2025-01-16T21:22:33+00:00","description":"Anytime and anywhere you want, random video chat with Omegle. Be ready to meet and cam with strangers via random video chat.","breadcrumb":{"@id":"https:\/\/omegle.to\/fr\/chat-video\/#breadcrumb"},"inLanguage":"de","potentialAction":[{"@type":"ReadAction","target":["https:\/\/omegle.to\/fr\/chat-video\/"]}]},{"@type":"BreadcrumbList","@id":"https:\/\/omegle.to\/fr\/chat-video\/#breadcrumb","itemListElement":[{"@type":"ListItem","position":1,"name":"Home","item":"https:\/\/omegle.to\/"},{"@type":"ListItem","position":2,"name":"Omegle: Video Chat"}]},{"@type":"WebSite","@id":"https:\/\/omegle.to\/#website","url":"https:\/\/omegle.to\/","name":"Omegle - Talk to Strangers","description":"Random Video Chat","publisher":{"@id":"https:\/\/omegle.to\/#organization"},"potentialAction":[{"@type":"SearchAction","target":{"@type":"EntryPoint","urlTemplate":"https:\/\/omegle.to\/?s={search_term_string}"},"query-input":"required name=search_term_string"}],"inLanguage":"de"},{"@type":"Organization","@id":"https:\/\/omegle.to\/#organization","name":"Omegle - Talk to Strangers","url":"https:\/\/omegle.to\/","logo":{"@type":"ImageObject","inLanguage":"de","@id":"https:\/\/omegle.to\/#\/schema\/logo\/image\/","url":"https:\/\/omegle.to\/wp-content\/uploads\/2021\/12\/omegle-omegle.to_.jpg","contentUrl":"https:\/\/omegle.to\/wp-content\/uploads\/2021\/12\/omegle-omegle.to_.jpg","width":1024,"height":820,"caption":"Omegle - Talk to Strangers"},"image":{"@id":"https:\/\/omegle.to\/#\/schema\/logo\/image\/"}}]}},"_links":{"self":[{"href":"https:\/\/omegle.to\/de\/wp-json\/wp\/v2\/pages\/1681","targetHints":{"allow":["GET"]}}],"collection":[{"href":"https:\/\/omegle.to\/de\/wp-json\/wp\/v2\/pages"}],"about":[{"href":"https:\/\/omegle.to\/de\/wp-json\/wp\/v2\/types\/page"}],"author":[{"embeddable":true,"href":"https:\/\/omegle.to\/de\/wp-json\/wp\/v2\/users\/2"}],"replies":[{"embeddable":true,"href":"https:\/\/omegle.to\/de\/wp-json\/wp\/v2\/comments?post=1681"}],"version-history":[{"count":14,"href":"https:\/\/omegle.to\/de\/wp-json\/wp\/v2\/pages\/1681\/revisions"}],"predecessor-version":[{"id":2045,"href":"https:\/\/omegle.to\/de\/wp-json\/wp\/v2\/pages\/1681\/revisions\/2045"}],"wp:attachment":[{"href":"https:\/\/omegle.to\/de\/wp-json\/wp\/v2\/media?parent=1681"}],"curies":[{"name":"wp","href":"https:\/\/api.w.org\/{rel}","templated":true}]}}