{"id":1646,"date":"2022-05-29T21:33:29","date_gmt":"2022-05-29T19:33:29","guid":{"rendered":"https:\/\/omegle.to\/?page_id=1646"},"modified":"2025-01-16T23:06:12","modified_gmt":"2025-01-16T21:06:12","slug":"lucky-crush","status":"publish","type":"page","link":"https:\/\/omegle.to\/de\/gluckspilz\/","title":{"rendered":"Lucky Crush \u2013 Online-Video-Chat-Website"},"content":{"rendered":"<p>LuckyCrush ist eine Chat-Seite, die zuf\u00e4llig M\u00e4dchen mit Jungen und M\u00e4dchen mit Jungs verbindet. Wenn den Benutzern der Chat nicht gef\u00e4llt oder sie ihn beenden m\u00f6chten, k\u00f6nnen sie sofort zu einem anderen Partner wechseln. Das geht ganz einfach, indem Sie zum n\u00e4chsten Chat wischen.<\/p>\n<h2 style=\"text-align: center;\">Viel Spa\u00df mit einer Videokamera und Fremden.<\/h2>\n<p>Drei franz\u00f6sische Mitbegr\u00fcnder haben eine Chat-Site erstellt, auf der Menschen online chatten und per Live-Video-Chat flirten k\u00f6nnen. Lucky Crush war der Name dieser Site. W\u00e4hrend des ersten Covid-Lockdowns stiegen die Registrierungen um +50% und die Zeit, die zur Registrierung jedes Mitglieds ben\u00f6tigt wurde, nahm zu. Lucky Crush ist der Ort, an dem Liebe beginnt und endet. Sie sind vor\u00fcbergehend. Die Site verbietet die Weitergabe pers\u00f6nlicher Kontaktinformationen, um die Anonymit\u00e4t zu gew\u00e4hrleisten. Wie l\u00e4uft das ab? W\u00e4hlen Sie ein Geschlecht. Verbinden Sie sich mit einem Video-Chat. Cam. Wenn Sie mit Ihrem Partner nicht gl\u00fccklich sind. Wischen Sie weiter.<\/p>\n<h2 style=\"text-align: center;\">Lucky Crush Chat mit sch\u00f6nen M\u00e4dchen<\/h2>\n<p>Diese Seite ist f\u00fcr Heterosexuelle gedacht, insbesondere f\u00fcr M\u00e4nner, die auf zuf\u00e4lligen Chatseiten wie Omegle oder Chatroulette Schwierigkeiten haben, einen Partner zu finden. Bevor sie mit einer Partnerin zusammengebracht werden k\u00f6nnen, m\u00fcssen sie hunderte Male auf \u201eWeiter\u201c klicken. Es ist nicht \u00fcberraschend, dass Dating-Apps mehr m\u00e4nnliche als weibliche Benutzer haben. Lucky Crush l\u00e4sst Benutzer ein Geschlecht ausw\u00e4hlen, um sicherzustellen, dass sie nur mit M\u00e4dchen zusammengebracht werden. Es gibt einen Geschlechtsfilter. Die Register werden kontrolliert, um sicherzustellen, dass immer mindestens 50% Frauen und 50% M\u00e4nner online sind.<\/p>\n<h2 style=\"text-align: center;\">Bleiben Sie mit Lucky Crush auf dem Laufenden<\/h2>\n<p>Es ist wichtig, dass niemand zu lange wartet, um mit jemandem zusammengebracht zu werden, den er mag, unabh\u00e4ngig vom Geschlecht. Dadurch wird sichergestellt, dass beide Parteien die beste Chance haben, aneinander interessiert zu sein. Aus diesem Grund k\u00f6nnen heterosexuelle Partner unterschiedlichen Geschlechts derzeit nicht zusammengebracht werden. Um eine App auf Ihrem Smartphone zu verwenden, m\u00fcssen Sie diese nicht herunterladen. Nach einem Jahr und einem Viertel hat die Site mehr als 1,5 Millionen Benutzer aus \u00fcber 100 L\u00e4ndern.<\/p>\n<p>Fremde aus verschiedenen L\u00e4ndern werden zuf\u00e4llig gepaart. Dies war eines der Probleme, als die Seite zum ersten Mal auf den Markt kam. F\u00fcr viele Leute war es \u00e4u\u00dferst umst\u00e4ndlich, einen weiteren Tab \u00f6ffnen zu m\u00fcssen, um empfangene oder gesendete Nachrichten zu \u00fcbersetzen. Die Seite kann \u00fcber Ihr Mobiltelefon und Ihren Laptop aufgerufen werden. Sie k\u00f6nnen die Seite und die Videoanruffunktionen von jedem Webbrowser aus aufrufen.<\/p>\n<h2 style=\"text-align: center;\">Beste Alternative zum Zufalls-Chat<\/h2>\n<p>Um eine App auf Ihrem Smartphone zu verwenden, m\u00fcssen Sie sie nicht herunterladen. Nach einem Jahr und einem Viertel hat die Site mehr als 1,5 Millionen Benutzer aus \u00fcber 100 L\u00e4ndern. Fremde aus verschiedenen L\u00e4ndern werden zuf\u00e4llig gepaart. Dies war eines der Probleme, als die App zum ersten Mal gestartet wurde. F\u00fcr viele Leute war es \u00e4u\u00dferst umst\u00e4ndlich, einen weiteren Tab \u00f6ffnen zu m\u00fcssen, um Nachrichten zu \u00fcbersetzen, die sie empfangen oder gesendet hatten. Der \u00dcbersetzer wurde schnell vom Team entwickelt. Benutzer k\u00f6nnen in ihrer Muttersprache kommunizieren, w\u00e4hrend Nachrichten automatisch in die Sprache ihres Partners \u00fcbersetzt werden. So k\u00f6nnen Benutzer mit Fremden auf der ganzen Welt kommunizieren, als w\u00e4ren sie Freunde.<\/p>\n<p>Auf die Frage, wie sie im Vergleich zu anderen Chat-Apps so viele Frauen auf die Seite locken konnten, antworteten sie, dass dies an ihrem automatischen Moderationssystem liege. Lucky Crush erlaubt Benutzern drei Meldungen pro 24 Stunden, sodass Sie auf Chatroulette und Omegle sehr verst\u00f6rende Dinge finden k\u00f6nnen. Sie unterliegen einem lebenslangen Verbot. Bei Lucky Crush sind weibliche Mitglieder also nicht erlaubt. Sie k\u00f6nnen Chatrooms von unh\u00f6flichen m\u00e4nnlichen Mitgliedern \u201es\u00e4ubern\u201c. Aus diesem Grund sind Chatrooms f\u00fcr M\u00e4dchen oft eine schlechte Wahl.<\/p>\n<p>Ist es wirklich sicher? LuckyCrush ist anonym. Chatpartner k\u00f6nnen Ihren Benutzernamen nicht sehen. Wenn Sie nicht m\u00f6chten, dass Fremde Ihr Gesicht sehen, k\u00f6nnen Sie es w\u00e4hrend des Chats nicht zeigen. Es ist m\u00f6glich, online anonym zu sein und trotzdem Spa\u00df mit Fremden zu haben. Seien Sie sich bewusst, dass Sie mit Fremden sprechen. Auch wenn Ihr Partner freundlich und aufgeschlossen wirkt, ist es unm\u00f6glich, seine wahren Absichten zu kennen. Es ist wichtig, vorsichtig zu sein, was Sie sagen und wie Ihre K\u00f6rpersprache vor der Kamera wirkt.<\/p>\n<p>Beim \u00f6ffentlichen Reden sollte man nichts sagen oder tun. So vermeiden Sie am besten, dass sensible Fotos und Videos online gestellt werden. Was kommt als N\u00e4chstes f\u00fcr LuckyCrush? Die Gr\u00fcnder dachten zun\u00e4chst, die Site sei ein Witz. Schnell entwickelte sie sich zu einem Multimillionen-Dollar-Unternehmen. LuckyCrush wurde in ein Startup-Unternehmen umgewandelt, das \u00fcber Ingenieure, Marketingfachleute und Geldmittel verf\u00fcgt, um seine Plattform zu erweitern. Obwohl ihnen mehrere \u00dcbernahmen angeboten wurden, bleibt ihr Ziel, die beliebteste und unterhaltsamste Chat-Site im Web zu werden.<\/p>\n<p>Beispiel eines Artikels in organischer Form, der in einer franz\u00f6sischen Zeitung ver\u00f6ffentlicht wurde. Er wurde in vielen franz\u00f6sischen Zeitungen erneut ver\u00f6ffentlicht. Wir haben \u201eLuckyCrush\u201c an einem Mann und einer Frau getestet. Alle Formen des Flirtens wurden getestet. Dies ist eine sehr einzigartige Idee: Zwei Menschen flirten, treffen sich aber am Ende nicht. LuckyCrush kann eine gro\u00dfartige Alternative zu anderen Dating-Sites sein, wenn Distanz erforderlich ist. Auf Wiedersehen, Tinder und alle anderen Dating-Apps. Trotz des Endes der Ausgangsbeschr\u00e4nkungen bleiben Bars, Caf\u00e9s, Restaurants und Kinos geschlossen. Barrieregesten bleiben weiterhin Pflicht. Wie Sie sehen werden, ist Dating schwierig.<\/p>\n<p>Probieren Sie ein neues Konzept aus, um Ihre Einsamkeit zu bek\u00e4mpfen. LuckyCrush erm\u00f6glicht fl\u00fcchtiges Flirten, ohne dass man sich pers\u00f6nlich treffen muss. Die Website wurde 2019 gestartet. Die Website w\u00e4hlt nach dem Zufallsprinzip zwei Personen aus, die per Videochat teilnehmen. Chatroulette ist eine zuf\u00e4llige Video-Chat-Messaging-Site aus dem Jahr 2009. Diese ist Chatroulette sehr \u00e4hnlich. LuckyCrush hat strengere Sicherheitsstandards als sein Vorg\u00e4nger.<\/p>\n<p>Heterosexuelle sind derzeit die besten Kandidaten f\u00fcr die Partnervermittlung. Wenn Sie die Site zum ersten Mal besuchen, werden Sie gefragt, ob Sie m\u00e4nnlich oder weiblich sind. Wenn Sie ein Mann sind, werden Sie nicht mit Frauen zusammengebracht. Wenn Sie eine Frau sind, werden Ihre Matches auf M\u00e4nner beschr\u00e4nkt. Jungs, ihr habt es verstanden! Um weibliche Partner im Videochat zu finden, m\u00fcssen Sie nicht hundertmal auf \u201eWeiter &gt;&gt;\u201c klicken.<\/p>\n<p>LuckyCrush behauptet, dass Sie nur Ihr Geschlecht ausw\u00e4hlen m\u00fcssen und dann zuf\u00e4llig mit jemandem des gleichen Geschlechts verbunden werden. Die Website bietet kein gleichgeschlechtliches Dating an. Eine neue Version der Website ist jedoch in Entwicklung. Geben Sie sich nicht mit Flirten zufrieden. Die Regeln der Plattform werden angezeigt, wenn Sie sich zum ersten Mal anmelden. Es ist verboten, Zahlungen anzunehmen oder Kontaktinformationen weiterzugeben.<\/p>\n<p>Das Konto kann gesperrt werden, wenn ein Benutzer w\u00e4hrend eines Gespr\u00e4chs nicht anwesend ist. Benutzer m\u00fcssen ihr Gesicht nicht zeigen und Nacktheit ist erlaubt, sofern sie zustimmen. Sobald Sie die Regeln festgelegt haben, k\u00f6nnen Sie den Chat starten. Sie k\u00f6nnen von jedem Ger\u00e4t aus darauf zugreifen, einschlie\u00dflich einem Smartphone oder Tablet. LuckyCrush. Wenn das Gespr\u00e4ch nicht zufriedenstellend ist, kann der Benutzer auf die Schaltfl\u00e4che \u201eWeiter\u201c klicken, um eine Beziehung mit einer anderen Person einzugehen. Der Austausch kann von einigen Minuten bis zu mehreren Stunden dauern. Es gibt viele Dinge, die Sie tun k\u00f6nnen, w\u00e4hrend Sie auf die R\u00fcckkehr der Caf\u00e9s warten.<\/p>\n<h2 style=\"text-align: center;\"><!-- Logo -->LuckyCrush Live-Chat-Alternative<\/h2>\n<p>Omegle.to erfordert keine Installation zus\u00e4tzlicher Software oder Apps. Sie k\u00f6nnen die Videoanwendung in Ihrem Browser mit einem einfachen Tastendruck starten. Nur ein Klick gen\u00fcgt, damit Ihr Browser das Mikrofon und die Webcam verwenden kann. Es gibt viele Omegle-Alternativen, die dem virtuellen Zufalls-Chat-Portal \u00e4hneln. Sie k\u00f6nnen einige der gefragtesten Funktionen dieser Chat-Optionen nutzen, wenn Sie mit dem Vorgang vertraut sind.<\/p>\n<p>Klicken Sie auf die Schaltfl\u00e4che, um loszulegen. Sie werden sofort mit einem zuf\u00e4lligen Gespr\u00e4ch verbunden. Um mit einer anderen Person zu interagieren, dr\u00fccken Sie \u201eWeiter\u201c. Klicken Sie oben in der Chat-Anwendung auf die Schaltfl\u00e4che \u201eWeiter\u201c, um auszuw\u00e4hlen, dass Sie nur mit Personen aus bestimmten L\u00e4ndern kommunizieren m\u00f6chten. W\u00e4hlen Sie das Symbol f\u00fcr Frauen aus, um nur mit ihnen zu kommunizieren. Filtern Sie nach Geschlecht. Sie k\u00f6nnen die Einstellungen f\u00fcr das umfangreiche Omegle mit vielen Optionen auch online konfigurieren.<\/p>","protected":false},"excerpt":{"rendered":"<p>LuckyCrush ist eine Chat-Seite, die zuf\u00e4llig M\u00e4dchen mit Jungen und M\u00e4dchen mit Jungs verbindet. Wenn Nutzer den Chat nicht m\u00f6gen oder beenden m\u00f6chten, k\u00f6nnen sie sofort zu einem anderen Partner wechseln. Einfach durch Wischen zum n\u00e4chsten Chat. Viel Spa\u00df mit einer Videokamera mit Fremden. Eine Chat-Seite, die es erm\u00f6glicht, [\u2026]<\/p>","protected":false},"author":2,"featured_media":0,"parent":0,"menu_order":0,"comment_status":"closed","ping_status":"closed","template":"","meta":{"footnotes":""},"class_list":["post-1646","page","type-page","status-publish","hentry"],"yoast_head":"<!-- This site is optimized with the Yoast SEO Premium plugin v21.5 (Yoast SEO v21.5) - https:\/\/yoast.com\/wordpress\/plugins\/seo\/ -->\n<title>Lucky Crush - Online Video Chat Website<\/title>\n<meta name=\"description\" content=\"Anytime and anywhere you want, random video chat with Lucky Crush. Be ready to meet and cam with strangers via random video chat.\" \/>\n<meta name=\"robots\" content=\"index, follow, max-snippet:-1, max-image-preview:large, max-video-preview:-1\" \/>\n<link rel=\"canonical\" href=\"https:\/\/omegle.to\/de\/gluckspilz\/\" \/>\n<meta property=\"og:locale\" content=\"de_DE\" \/>\n<meta property=\"og:type\" content=\"article\" \/>\n<meta property=\"og:title\" content=\"Lucky Crush - Online Video Chat Website\" \/>\n<meta property=\"og:description\" content=\"Anytime and anywhere you want, random video chat with Lucky Crush. Be ready to meet and cam with strangers via random video chat.\" \/>\n<meta property=\"og:url\" content=\"https:\/\/omegle.to\/de\/gluckspilz\/\" \/>\n<meta property=\"og:site_name\" content=\"Omegle - Talk to Strangers\" \/>\n<meta property=\"article:modified_time\" content=\"2025-01-16T21:06:12+00:00\" \/>\n<meta name=\"twitter:card\" content=\"summary_large_image\" \/>\n<meta name=\"twitter:label1\" content=\"Gesch\u00e4tzte Lesezeit\" \/>\n\t<meta name=\"twitter:data1\" content=\"6\u00a0Minuten\" \/>\n<script type=\"application\/ld+json\" class=\"yoast-schema-graph\">{\"@context\":\"https:\/\/schema.org\",\"@graph\":[{\"@type\":\"WebPage\",\"@id\":\"https:\/\/omegle.to\/lucky-crush\/\",\"url\":\"https:\/\/omegle.to\/lucky-crush\/\",\"name\":\"Lucky Crush - Online Video Chat Website\",\"isPartOf\":{\"@id\":\"https:\/\/omegle.to\/#website\"},\"datePublished\":\"2022-05-29T19:33:29+00:00\",\"dateModified\":\"2025-01-16T21:06:12+00:00\",\"description\":\"Anytime and anywhere you want, random video chat with Lucky Crush. Be ready to meet and cam with strangers via random video chat.\",\"breadcrumb\":{\"@id\":\"https:\/\/omegle.to\/lucky-crush\/#breadcrumb\"},\"inLanguage\":\"de\",\"potentialAction\":[{\"@type\":\"ReadAction\",\"target\":[\"https:\/\/omegle.to\/lucky-crush\/\"]}]},{\"@type\":\"BreadcrumbList\",\"@id\":\"https:\/\/omegle.to\/lucky-crush\/#breadcrumb\",\"itemListElement\":[{\"@type\":\"ListItem\",\"position\":1,\"name\":\"Home\",\"item\":\"https:\/\/omegle.to\/\"},{\"@type\":\"ListItem\",\"position\":2,\"name\":\"Lucky Crush &#8211; Online Video Chat Website\"}]},{\"@type\":\"WebSite\",\"@id\":\"https:\/\/omegle.to\/#website\",\"url\":\"https:\/\/omegle.to\/\",\"name\":\"Omegle - Talk to Strangers\",\"description\":\"Random Video Chat\",\"publisher\":{\"@id\":\"https:\/\/omegle.to\/#organization\"},\"potentialAction\":[{\"@type\":\"SearchAction\",\"target\":{\"@type\":\"EntryPoint\",\"urlTemplate\":\"https:\/\/omegle.to\/?s={search_term_string}\"},\"query-input\":\"required name=search_term_string\"}],\"inLanguage\":\"de\"},{\"@type\":\"Organization\",\"@id\":\"https:\/\/omegle.to\/#organization\",\"name\":\"Omegle - Talk to Strangers\",\"url\":\"https:\/\/omegle.to\/\",\"logo\":{\"@type\":\"ImageObject\",\"inLanguage\":\"de\",\"@id\":\"https:\/\/omegle.to\/#\/schema\/logo\/image\/\",\"url\":\"https:\/\/omegle.to\/wp-content\/uploads\/2021\/12\/omegle-omegle.to_.jpg\",\"contentUrl\":\"https:\/\/omegle.to\/wp-content\/uploads\/2021\/12\/omegle-omegle.to_.jpg\",\"width\":1024,\"height\":820,\"caption\":\"Omegle - Talk to Strangers\"},\"image\":{\"@id\":\"https:\/\/omegle.to\/#\/schema\/logo\/image\/\"}}]}<\/script>\n<!-- \/ Yoast SEO Premium plugin. -->","yoast_head_json":{"title":"Lucky Crush - Online Video Chat Website","description":"Anytime and anywhere you want, random video chat with Lucky Crush. Be ready to meet and cam with strangers via random video chat.","robots":{"index":"index","follow":"follow","max-snippet":"max-snippet:-1","max-image-preview":"max-image-preview:large","max-video-preview":"max-video-preview:-1"},"canonical":"https:\/\/omegle.to\/de\/gluckspilz\/","og_locale":"de_DE","og_type":"article","og_title":"Lucky Crush - Online Video Chat Website","og_description":"Anytime and anywhere you want, random video chat with Lucky Crush. Be ready to meet and cam with strangers via random video chat.","og_url":"https:\/\/omegle.to\/de\/gluckspilz\/","og_site_name":"Omegle - Talk to Strangers","article_modified_time":"2025-01-16T21:06:12+00:00","twitter_card":"summary_large_image","twitter_misc":{"Gesch\u00e4tzte Lesezeit":"6\u00a0Minuten"},"schema":{"@context":"https:\/\/schema.org","@graph":[{"@type":"WebPage","@id":"https:\/\/omegle.to\/lucky-crush\/","url":"https:\/\/omegle.to\/lucky-crush\/","name":"Lucky Crush - Online Video Chat Website","isPartOf":{"@id":"https:\/\/omegle.to\/#website"},"datePublished":"2022-05-29T19:33:29+00:00","dateModified":"2025-01-16T21:06:12+00:00","description":"Anytime and anywhere you want, random video chat with Lucky Crush. Be ready to meet and cam with strangers via random video chat.","breadcrumb":{"@id":"https:\/\/omegle.to\/lucky-crush\/#breadcrumb"},"inLanguage":"de","potentialAction":[{"@type":"ReadAction","target":["https:\/\/omegle.to\/lucky-crush\/"]}]},{"@type":"BreadcrumbList","@id":"https:\/\/omegle.to\/lucky-crush\/#breadcrumb","itemListElement":[{"@type":"ListItem","position":1,"name":"Home","item":"https:\/\/omegle.to\/"},{"@type":"ListItem","position":2,"name":"Lucky Crush &#8211; Online Video Chat Website"}]},{"@type":"WebSite","@id":"https:\/\/omegle.to\/#website","url":"https:\/\/omegle.to\/","name":"Omegle - Talk to Strangers","description":"Random Video Chat","publisher":{"@id":"https:\/\/omegle.to\/#organization"},"potentialAction":[{"@type":"SearchAction","target":{"@type":"EntryPoint","urlTemplate":"https:\/\/omegle.to\/?s={search_term_string}"},"query-input":"required name=search_term_string"}],"inLanguage":"de"},{"@type":"Organization","@id":"https:\/\/omegle.to\/#organization","name":"Omegle - Talk to Strangers","url":"https:\/\/omegle.to\/","logo":{"@type":"ImageObject","inLanguage":"de","@id":"https:\/\/omegle.to\/#\/schema\/logo\/image\/","url":"https:\/\/omegle.to\/wp-content\/uploads\/2021\/12\/omegle-omegle.to_.jpg","contentUrl":"https:\/\/omegle.to\/wp-content\/uploads\/2021\/12\/omegle-omegle.to_.jpg","width":1024,"height":820,"caption":"Omegle - Talk to Strangers"},"image":{"@id":"https:\/\/omegle.to\/#\/schema\/logo\/image\/"}}]}},"_links":{"self":[{"href":"https:\/\/omegle.to\/de\/wp-json\/wp\/v2\/pages\/1646","targetHints":{"allow":["GET"]}}],"collection":[{"href":"https:\/\/omegle.to\/de\/wp-json\/wp\/v2\/pages"}],"about":[{"href":"https:\/\/omegle.to\/de\/wp-json\/wp\/v2\/types\/page"}],"author":[{"embeddable":true,"href":"https:\/\/omegle.to\/de\/wp-json\/wp\/v2\/users\/2"}],"replies":[{"embeddable":true,"href":"https:\/\/omegle.to\/de\/wp-json\/wp\/v2\/comments?post=1646"}],"version-history":[{"count":18,"href":"https:\/\/omegle.to\/de\/wp-json\/wp\/v2\/pages\/1646\/revisions"}],"predecessor-version":[{"id":2038,"href":"https:\/\/omegle.to\/de\/wp-json\/wp\/v2\/pages\/1646\/revisions\/2038"}],"wp:attachment":[{"href":"https:\/\/omegle.to\/de\/wp-json\/wp\/v2\/media?parent=1646"}],"curies":[{"name":"wp","href":"https:\/\/api.w.org\/{rel}","templated":true}]}}