{"id":1636,"date":"2022-05-16T10:44:09","date_gmt":"2022-05-16T08:44:09","guid":{"rendered":"https:\/\/omegle.to\/?page_id=1636"},"modified":"2025-01-16T23:16:34","modified_gmt":"2025-01-16T21:16:34","slug":"ometv","status":"publish","type":"page","link":"https:\/\/omegle.to\/de\/abonnieren\/","title":{"rendered":"OmeTV \u2013 Omegle Random Chat Alternative f\u00fcr Webcam-Chat"},"content":{"rendered":"<p>OmeTV ist eine Video-Chat-Website und App, die es Ihnen erm\u00f6glicht, mit Fremden per Video zu chatten. Mit einem Klick k\u00f6nnen Sie mit jedem chatten. Es wird behauptet, dass es die beste Alternative zu Omegle TV ist. Die OmeTV-App ist f\u00fcr Android und iOS verf\u00fcgbar. OmeTV bietet viele M\u00f6glichkeiten, Ihren Tag unterhaltsam zu gestalten, unabh\u00e4ngig von der Tageszeit. OmeTV hat derzeit \u00fcber 10 Millionen Benutzer. Sie k\u00f6nnen diese Personen kontaktieren. Die Plattform erm\u00f6glicht es Ihnen auch, aus Millionen und Abermillionen von Menschen auszuw\u00e4hlen. Sie existieren, um Menschen mit mehr Menschen zu verbinden. Sie k\u00f6nnen zu Hause Kaffee trinken oder Ihre Gef\u00fchle mit anderen teilen. Diese App wird Ihnen ein gl\u00fcckliches und sicheres Gef\u00fchl geben. Dieses iPhone und <a href=\"https:\/\/android.com\">Android<\/a> Mit der App kannst du neue Freunde finden.<\/p>\n<h2 style=\"text-align: center;\">OmeTV und finde ganz einfach sch\u00f6ne M\u00e4dchen.<\/h2>\n<p>Das Beunruhigendste an der App ist, dass die Nutzer mindestens 18 Jahre alt sein m\u00fcssen, es aber keine Verifizierung gibt. Viele Teenager konnten die App nutzen, obwohl sie unter 18 Jahre alt waren. F\u00fcr OmeTV m\u00fcssen Sie kein Konto erstellen. Melden Sie sich einfach \u00fcber Facebook an und chatten Sie mit zuf\u00e4lligen Fremden.<\/p>\n<p>Die App hat viele Einschr\u00e4nkungen. Jede der folgenden Aktionen kann zu einem Ausschluss f\u00fchren: Anfragen nach virtuellem Sex oder Nacktheit. Anzeige anst\u00f6\u00dfiger Bilder oder Videos. Respektlose Aktivit\u00e4ten wie Vulgarit\u00e4t, Beleidigungen \u00fcber Religion, Rasse und depressive Kommentare. Spamming ist verboten. Es ist verboten, \u00fcber die App Links zu anderen Websites zu teilen.<\/p>\n<h2 style=\"text-align: center;\">Cam mit Fremden auf OmeTV<\/h2>\n<p>OmeTV hat klar zum Ausdruck gebracht, dass Sie Ihr Video verwenden k\u00f6nnen, wo immer Sie m\u00f6chten. Das Urheberrecht bleibt erhalten, aber Sie haben keine Kontrolle \u00fcber den Videostream. OmeTV \u00fcbernimmt keine Haftung. Es hei\u00dft, dass die Benutzer f\u00fcr alle auftretenden Probleme verantwortlich sind.<\/p>\n<h2 style=\"text-align: center;\">OmeTV-Alternative<\/h2>\n<p>Wir verpflichten uns, Ihre Privatsph\u00e4re zu sch\u00fctzen. Privatsph\u00e4re ist ein grundlegendes Menschenrecht. Dieses Recht kann leicht verletzt werden und zu vielen Problemen f\u00fchren. OmeTV hat diese Strategie von Anfang an entwickelt, um diese Probleme zu vermeiden. Die Website \u00fcbernimmt die Verarbeitung Ihrer Daten, solange sie der Verantwortliche ist. Sie kann nach grundlegenden Informationen wie Ihrem Namen, Profilbild und Ihrer Telefonnummer fragen. Diese Website ist nicht dazu gedacht, Zugriff zu gew\u00e4hren oder zus\u00e4tzliche Informationen \u00fcber die oben aufgef\u00fchrten hinaus abzurufen. Dies dient dazu, Ihr Benutzererlebnis zu verbessern.<\/p>\n<p>Diese Personen haben m\u00f6glicherweise Zugriff auf Ihre pers\u00f6nlichen Daten. Es handelt sich um eine Dating-App, daher k\u00f6nnen alle von Ihnen angegebenen pers\u00f6nlichen Daten wie Name, Geschlecht, Standort und \u00f6ffentliche Bilder f\u00fcr andere Benutzer sichtbar sein. Die Website kann Ihre pers\u00f6nlichen Daten an Versicherungsunternehmen weitergeben. Diese Daten k\u00f6nnen auch an professionelle Berater oder Banken weitergegeben werden, um Kosten zu verwalten und Versicherungsbetr\u00e4ge zu zahlen.<\/p>\n<p>Ihre Transaktionsdaten stehen den Zahlungsanbietern der Website zur Verf\u00fcgung, darunter SecurionPay, PayPal und Google.<\/p>\n<p>Einige Funktionen der App sind problematisch. Der Spy-Modus erm\u00f6glicht es Dritten, private Gespr\u00e4che abzuh\u00f6ren. Spycams stellen eine ernsthafte Bedrohung f\u00fcr die Privatsph\u00e4re dar. Spycams k\u00f6nnen anonym sein und das Schlechteste in Menschen zum Vorschein bringen. Sie k\u00f6nnen sie sogar zur Erpressung verwenden.<\/p>\n<p>Einige Dutzend Moderatoren \u00fcberpr\u00fcfen au\u00dferdem die Inhalte. Sie reichen jedoch nicht aus, um sicherzustellen, dass mehr als 10.000.000 Besucher sicher sind. Mehr Besucher sind gut f\u00fcr Dating-Sites. Dieser Datenverkehr kann die Kontrolle erschweren. Hacker und Kriminelle k\u00f6nnen sich au\u00dferdem Zugang zur Plattform verschaffen, da es kaum Kontrolle gibt.<\/p>\n<p>Die Website scheint f\u00fcr Personen ab 18 Jahren nicht gesperrt zu sein. Viele Teenager unter 18 Jahren haben die Website genutzt. Sie sind alle der Au\u00dfenwelt ausgesetzt. Da Kinder so leicht zu manipulieren sind, k\u00f6nnen sie gef\u00e4hrdet werden. Trustpilot-Benutzer berichteten, dass sie f\u00fcr ihre Aktionen gesperrt wurden. Sie bitten um Spenden, um Ihren Namen aus der Liste zu entfernen. Dies ist ein Zeichen f\u00fcr den zweifelhaften Charakter des Unternehmens. Es gibt immer noch mehr zu der Geschichte. Besuchen Sie die Website, um mehr zu erfahren. Sie sind nicht der Einzige!<\/p>\n<p>OmeTV bietet einen sicheren Ort f\u00fcr alle. Die Mitarbeiter von OmeTV k\u00f6nnen Ihnen beim Melden von Problemen helfen. Diese Funktion steht OmeTV-Benutzern zur Verf\u00fcgung, damit sie sich sicher f\u00fchlen. Sie k\u00f6nnen eine Beschwerde gegen jeden Benutzer einreichen, von dem Sie glauben, dass er gegen die Rollen der Plattform verst\u00f6\u00dft. Um Ihre Beschwerde \u00fcberzeugender zu machen, k\u00f6nnen Sie Screenshots des Chats und andere relevante Informationen anh\u00e4ngen. Dies hilft den Beh\u00f6rden, das Problem schneller zu lokalisieren und zu l\u00f6sen.<\/p>\n<p>Wenn es zu viele Beschwerden gibt, wird die Website jedem Benutzer den Zugriff auf ihre Dienste verweigern. Dies dient dem Schutz anderer Benutzer. Sie sollten alles gr\u00fcndlich analysieren, bevor Sie ernsthafte Entscheidungen treffen. Sie haben die M\u00f6glichkeit. Wir glauben, dass der Privatsph\u00e4re h\u00f6chste Priorit\u00e4t einger\u00e4umt werden sollte. Sie sollte zumindest respektiert werden<\/p>\n<p>OmeTV scheint dazu nicht bereit zu sein. Gem\u00e4\u00df ihrer Datenschutzrichtlinie k\u00f6nnen sie Ihre Daten an Dritte weitergeben. Es ist unm\u00f6glich, Ihre Daten zu kompromittieren. Dies sollten Sie am besten vermeiden. Ome TV ist eine bessere Alternative. Sie k\u00f6nnen stattdessen Ome TV verwenden, das sicherer und zuverl\u00e4ssiger ist. Sie k\u00f6nnen neue Leute kennenlernen und sich mit ihnen unterhalten. Ome TV sichert Ihre Daten, sodass Sie sich keine Sorgen um Ihre Privatsph\u00e4re machen m\u00fcssen.<\/p>\n<p>Diese Website wirft viele Fragen auf. Diese Apps sollten von Google Play und dem App Store \u00fcberpr\u00fcft werden. Apps, die das Alter nicht \u00fcberpr\u00fcfen und keine Kindersicherung zulassen, sollten von ihren Plattformen entfernt werden. Sie k\u00f6nnten an Glaubw\u00fcrdigkeit gewinnen, indem sie ihre Datenschutzrichtlinien verbessern. Es gibt sicherere Optionen auf dem Markt.<\/p>\n<blockquote><p><!-- Logo --><br \/>\n<!-- Text --><\/p><\/blockquote>\n<h2>Chatroulette-Alternative in OmeTV<\/h2>\n<p>Omegle.to erfordert keine Installation zus\u00e4tzlicher Software oder Apps. Sie k\u00f6nnen die Videoanwendung in Ihrem Browser mit einem einfachen Tastendruck starten. Nur ein Klick gen\u00fcgt, damit Ihr Browser das Mikrofon und die Webcam verwenden kann. Es gibt viele Omegle-Alternativen, die dem virtuellen Zufalls-Chat-Portal \u00e4hneln. Sie k\u00f6nnen einige der gefragtesten Funktionen dieser Chat-Optionen nutzen, wenn Sie mit dem Vorgang vertraut sind.<\/p>\n<p>Klicken Sie auf die Schaltfl\u00e4che, um loszulegen. Sie werden sofort mit einem zuf\u00e4lligen Gespr\u00e4ch verbunden. Um mit einer anderen Person zu interagieren, dr\u00fccken Sie \u201eWeiter\u201c. Klicken Sie oben in der Chat-Anwendung auf die Schaltfl\u00e4che \u201eWeiter\u201c, um auszuw\u00e4hlen, dass Sie nur mit Personen aus bestimmten L\u00e4ndern kommunizieren m\u00f6chten. W\u00e4hlen Sie das Symbol f\u00fcr Frauen aus, um nur mit ihnen zu kommunizieren. Filtern Sie nach Geschlecht. Sie k\u00f6nnen die Einstellungen f\u00fcr das umfangreiche Omegle mit vielen Optionen auch online konfigurieren.<\/p>\n<h3 style=\"text-align: center;\"><a>Wie verwende ich Omegle, um online mit Fremden zu chatten?<\/a><\/h3>\n<p>Der Chat-Dienst Omegle TV ben\u00f6tigt von seinen Benutzern nur wenige Informationen, um sie zusammenzubringen. Sie k\u00f6nnen das Geschlecht und das Land Ihres Matches angeben. Auf diese Informationen k\u00f6nnen Sie zugreifen, indem Sie einfach auf die Filteroption tippen. Die Omegle TV-Website verwendet KI-Technologie, um basierend auf den von den Benutzern \u00fcber die Filter vorgenommenen Eingaben f\u00fcr jeden Benutzer das perfekte Match zu finden.<br \/>\nAls Anregung sollten Sie die gr\u00f6\u00dfte Omegle-Community f\u00fcr virtuellen Chat nutzen, um aus den Filtern die richtigen Daten auszuw\u00e4hlen und so die attraktivste Person f\u00fcr Ihren Chat zu finden.<\/p>\n<h3 style=\"text-align: center;\"><a>Ist das Surfen in diesem Omegle-System zum Reden mit Fremden sicher?<\/a><\/h3>\n<p>Omegle.to ist unserer Meinung nach die beste M\u00f6glichkeit f\u00fcr Fremde, per Text\/Video zu kommunizieren. Wir empfehlen Ihnen jedoch, Ihre pers\u00f6nlichen Daten zu validieren, bevor Sie sie an andere weitergeben. Dieses zuf\u00e4llige Chatsystem sammelt keine Daten von seinen Benutzern. Diese Omegle-Website bietet den sichersten Online-Chat.<\/p>\n<h3 style=\"text-align: center;\"><a>Wann sollten Sie Omegle.to verwenden?<\/a><\/h3>\n<p>Omegle.to ist die Nachbildung der offiziellen Kreation. Dieses alternative System basiert auf demselben Szenario wie die beliebte oder erste Systemkreation. Diese Plattformen sind weder schlecht noch unzuverl\u00e4ssig. Die Omegle Cam mit Fremden ist ein zuverl\u00e4ssiges und vertrauensw\u00fcrdiges System.<\/p>\n<h3 style=\"text-align: center;\"><a>Wie kann man per Webcam mit Fremden sprechen?<\/a><\/h3>\n<p>Talk with a Stranger von Omegle ist eine der beliebtesten kostenlosen Zufalls-Chatseiten. Sie m\u00fcssen sich nicht registrieren und k\u00f6nnen einfach den Chat \u00f6ffnen und mit dem Chatten beginnen. Chatten, Bilder senden und Video-Chats sind im privaten Chatraum m\u00f6glich. Sie haben die M\u00f6glichkeit, mit Fremden auf der ganzen Welt zu chatten. Sie k\u00f6nnen der Seite jetzt beitreten, um neue Leute kennenzulernen und eine tolle Zeit zu haben.<\/p>\n<h3 style=\"text-align: center;\"><a>Welche Ger\u00e4te k\u00f6nnen genutzt werden?<\/a><\/h3>\n<p>Omegle.to ist auf allen g\u00e4ngigen Ger\u00e4ten verf\u00fcgbar und funktioniert auf allen gut. Unabh\u00e4ngig davon, ob Sie auf einem Desktop, Laptop oder einer mobilen App sind, haben Sie Zugriff auf alle unsere gro\u00dfartigen Funktionen. Es funktioniert auf <a href=\"https:\/\/apple.com\/iphone\">iPhone<\/a>, Android oder jedes Ger\u00e4t mit einem Browser.<\/p>","protected":false},"excerpt":{"rendered":"<p>OmeTV ist eine Video-Chat-Website und -App, die Video-Chats mit Fremden erm\u00f6glicht. Mit nur einem Klick k\u00f6nnen Sie mit jedem chatten. Es gilt als die beste Alternative zu Omegle TV. Die OmeTV-App ist f\u00fcr Android und iOS verf\u00fcgbar. OmeTV bietet viele M\u00f6glichkeiten, Ihren Tag unterhaltsam zu gestalten, [\u2026]<\/p>","protected":false},"author":2,"featured_media":0,"parent":0,"menu_order":0,"comment_status":"closed","ping_status":"closed","template":"","meta":{"footnotes":""},"class_list":["post-1636","page","type-page","status-publish","hentry"],"yoast_head":"<!-- This site is optimized with the Yoast SEO Premium plugin v21.5 (Yoast SEO v21.5) - https:\/\/yoast.com\/wordpress\/plugins\/seo\/ -->\n<title>OmeTV - Omegle Random Chat Alternative for Webcam Chat<\/title>\n<meta name=\"description\" content=\"Anytime and anywhere you want, random video chat with Ometv. Be ready to meet and cam with strangers via random video chat.\" \/>\n<meta name=\"robots\" content=\"index, follow, max-snippet:-1, max-image-preview:large, max-video-preview:-1\" \/>\n<link rel=\"canonical\" href=\"https:\/\/omegle.to\/de\/abonnieren\/\" \/>\n<meta property=\"og:locale\" content=\"de_DE\" \/>\n<meta property=\"og:type\" content=\"article\" \/>\n<meta property=\"og:title\" content=\"OmeTV - Omegle Random Chat Alternative for Webcam Chat\" \/>\n<meta property=\"og:description\" content=\"Anytime and anywhere you want, random video chat with Ometv. Be ready to meet and cam with strangers via random video chat.\" \/>\n<meta property=\"og:url\" content=\"https:\/\/omegle.to\/de\/abonnieren\/\" \/>\n<meta property=\"og:site_name\" content=\"Omegle - Talk to Strangers\" \/>\n<meta property=\"article:modified_time\" content=\"2025-01-16T21:16:34+00:00\" \/>\n<meta name=\"twitter:card\" content=\"summary_large_image\" \/>\n<meta name=\"twitter:label1\" content=\"Gesch\u00e4tzte Lesezeit\" \/>\n\t<meta name=\"twitter:data1\" content=\"7\u00a0Minuten\" \/>\n<script type=\"application\/ld+json\" class=\"yoast-schema-graph\">{\"@context\":\"https:\/\/schema.org\",\"@graph\":[{\"@type\":\"WebPage\",\"@id\":\"https:\/\/omegle.to\/ometv\/\",\"url\":\"https:\/\/omegle.to\/ometv\/\",\"name\":\"OmeTV - Omegle Random Chat Alternative for Webcam Chat\",\"isPartOf\":{\"@id\":\"https:\/\/omegle.to\/#website\"},\"datePublished\":\"2022-05-16T08:44:09+00:00\",\"dateModified\":\"2025-01-16T21:16:34+00:00\",\"description\":\"Anytime and anywhere you want, random video chat with Ometv. Be ready to meet and cam with strangers via random video chat.\",\"breadcrumb\":{\"@id\":\"https:\/\/omegle.to\/ometv\/#breadcrumb\"},\"inLanguage\":\"de\",\"potentialAction\":[{\"@type\":\"ReadAction\",\"target\":[\"https:\/\/omegle.to\/ometv\/\"]}]},{\"@type\":\"BreadcrumbList\",\"@id\":\"https:\/\/omegle.to\/ometv\/#breadcrumb\",\"itemListElement\":[{\"@type\":\"ListItem\",\"position\":1,\"name\":\"Home\",\"item\":\"https:\/\/omegle.to\/\"},{\"@type\":\"ListItem\",\"position\":2,\"name\":\"OmeTV &#8211; Omegle Random Chat Alternative for Webcam Chat\"}]},{\"@type\":\"WebSite\",\"@id\":\"https:\/\/omegle.to\/#website\",\"url\":\"https:\/\/omegle.to\/\",\"name\":\"Omegle - Talk to Strangers\",\"description\":\"Random Video Chat\",\"publisher\":{\"@id\":\"https:\/\/omegle.to\/#organization\"},\"potentialAction\":[{\"@type\":\"SearchAction\",\"target\":{\"@type\":\"EntryPoint\",\"urlTemplate\":\"https:\/\/omegle.to\/?s={search_term_string}\"},\"query-input\":\"required name=search_term_string\"}],\"inLanguage\":\"de\"},{\"@type\":\"Organization\",\"@id\":\"https:\/\/omegle.to\/#organization\",\"name\":\"Omegle - Talk to Strangers\",\"url\":\"https:\/\/omegle.to\/\",\"logo\":{\"@type\":\"ImageObject\",\"inLanguage\":\"de\",\"@id\":\"https:\/\/omegle.to\/#\/schema\/logo\/image\/\",\"url\":\"https:\/\/omegle.to\/wp-content\/uploads\/2021\/12\/omegle-omegle.to_.jpg\",\"contentUrl\":\"https:\/\/omegle.to\/wp-content\/uploads\/2021\/12\/omegle-omegle.to_.jpg\",\"width\":1024,\"height\":820,\"caption\":\"Omegle - Talk to Strangers\"},\"image\":{\"@id\":\"https:\/\/omegle.to\/#\/schema\/logo\/image\/\"}}]}<\/script>\n<!-- \/ Yoast SEO Premium plugin. -->","yoast_head_json":{"title":"OmeTV - Omegle Random Chat Alternative for Webcam Chat","description":"Anytime and anywhere you want, random video chat with Ometv. Be ready to meet and cam with strangers via random video chat.","robots":{"index":"index","follow":"follow","max-snippet":"max-snippet:-1","max-image-preview":"max-image-preview:large","max-video-preview":"max-video-preview:-1"},"canonical":"https:\/\/omegle.to\/de\/abonnieren\/","og_locale":"de_DE","og_type":"article","og_title":"OmeTV - Omegle Random Chat Alternative for Webcam Chat","og_description":"Anytime and anywhere you want, random video chat with Ometv. Be ready to meet and cam with strangers via random video chat.","og_url":"https:\/\/omegle.to\/de\/abonnieren\/","og_site_name":"Omegle - Talk to Strangers","article_modified_time":"2025-01-16T21:16:34+00:00","twitter_card":"summary_large_image","twitter_misc":{"Gesch\u00e4tzte Lesezeit":"7\u00a0Minuten"},"schema":{"@context":"https:\/\/schema.org","@graph":[{"@type":"WebPage","@id":"https:\/\/omegle.to\/ometv\/","url":"https:\/\/omegle.to\/ometv\/","name":"OmeTV - Omegle Random Chat Alternative for Webcam Chat","isPartOf":{"@id":"https:\/\/omegle.to\/#website"},"datePublished":"2022-05-16T08:44:09+00:00","dateModified":"2025-01-16T21:16:34+00:00","description":"Anytime and anywhere you want, random video chat with Ometv. Be ready to meet and cam with strangers via random video chat.","breadcrumb":{"@id":"https:\/\/omegle.to\/ometv\/#breadcrumb"},"inLanguage":"de","potentialAction":[{"@type":"ReadAction","target":["https:\/\/omegle.to\/ometv\/"]}]},{"@type":"BreadcrumbList","@id":"https:\/\/omegle.to\/ometv\/#breadcrumb","itemListElement":[{"@type":"ListItem","position":1,"name":"Home","item":"https:\/\/omegle.to\/"},{"@type":"ListItem","position":2,"name":"OmeTV &#8211; Omegle Random Chat Alternative for Webcam Chat"}]},{"@type":"WebSite","@id":"https:\/\/omegle.to\/#website","url":"https:\/\/omegle.to\/","name":"Omegle - Talk to Strangers","description":"Random Video Chat","publisher":{"@id":"https:\/\/omegle.to\/#organization"},"potentialAction":[{"@type":"SearchAction","target":{"@type":"EntryPoint","urlTemplate":"https:\/\/omegle.to\/?s={search_term_string}"},"query-input":"required name=search_term_string"}],"inLanguage":"de"},{"@type":"Organization","@id":"https:\/\/omegle.to\/#organization","name":"Omegle - Talk to Strangers","url":"https:\/\/omegle.to\/","logo":{"@type":"ImageObject","inLanguage":"de","@id":"https:\/\/omegle.to\/#\/schema\/logo\/image\/","url":"https:\/\/omegle.to\/wp-content\/uploads\/2021\/12\/omegle-omegle.to_.jpg","contentUrl":"https:\/\/omegle.to\/wp-content\/uploads\/2021\/12\/omegle-omegle.to_.jpg","width":1024,"height":820,"caption":"Omegle - Talk to Strangers"},"image":{"@id":"https:\/\/omegle.to\/#\/schema\/logo\/image\/"}}]}},"_links":{"self":[{"href":"https:\/\/omegle.to\/de\/wp-json\/wp\/v2\/pages\/1636","targetHints":{"allow":["GET"]}}],"collection":[{"href":"https:\/\/omegle.to\/de\/wp-json\/wp\/v2\/pages"}],"about":[{"href":"https:\/\/omegle.to\/de\/wp-json\/wp\/v2\/types\/page"}],"author":[{"embeddable":true,"href":"https:\/\/omegle.to\/de\/wp-json\/wp\/v2\/users\/2"}],"replies":[{"embeddable":true,"href":"https:\/\/omegle.to\/de\/wp-json\/wp\/v2\/comments?post=1636"}],"version-history":[{"count":10,"href":"https:\/\/omegle.to\/de\/wp-json\/wp\/v2\/pages\/1636\/revisions"}],"predecessor-version":[{"id":2041,"href":"https:\/\/omegle.to\/de\/wp-json\/wp\/v2\/pages\/1636\/revisions\/2041"}],"wp:attachment":[{"href":"https:\/\/omegle.to\/de\/wp-json\/wp\/v2\/media?parent=1636"}],"curies":[{"name":"wp","href":"https:\/\/api.w.org\/{rel}","templated":true}]}}