{"id":1629,"date":"2022-05-16T10:10:28","date_gmt":"2022-05-16T08:10:28","guid":{"rendered":"https:\/\/omegle.to\/?page_id=1629"},"modified":"2025-01-16T23:30:11","modified_gmt":"2025-01-16T21:30:11","slug":"tinychat","status":"publish","type":"page","link":"https:\/\/omegle.to\/de\/simon_t\/","title":{"rendered":"Tinychat \u2013 Webcam-Video-Chatr\u00e4ume, einfach und unkompliziert."},"content":{"rendered":"<p>Tinychat erm\u00f6glicht Benutzern die Kommunikation per Text-, Audio- und Videochat. Sie k\u00f6nnen ganz einfach eine Verbindung zu anderen Mitgliedern herstellen, indem Sie Ihren eigenen Gruppenchat online erstellen. Tinychat erm\u00f6glicht es Ihnen, mit Ihren Freunden per Sprache, Videokonferenz und Textnachrichten zu chatten. Es wurde 2009 gegr\u00fcndet. Sie k\u00f6nnen private Gespr\u00e4che mit Kollegen oder Freunden \u00fcber jedes Thema f\u00fchren, das Sie interessiert. Um neue Freunde zu finden oder neue Verbindungen herzustellen, k\u00f6nnen Sie mit der Gruppenchat-Funktion Ihren eigenen virtuellen Raum erstellen. Tinychat hat das Design seiner Website aktualisiert und alle neuen L\u00f6sungen entfernt, die seit 2017 nicht mehr relevant waren. Tinychat hat auch Apps f\u00fcr iOS entwickelt, <a href=\"https:\/\/android.com\">Android<\/a> und andere mobile Ger\u00e4te. Das macht Sie neugierig? Um mehr zu erfahren, besuchen Sie diese Chat-Site.<\/p>\n<h2 style=\"text-align: center;\">Tinychat mit sch\u00f6nen M\u00e4dchen<\/h2>\n<p>Bei Tinychat k\u00f6nnen Sie sich entweder mit Ihrem Facebook-Konto oder Ihrer E-Mail-Adresse anmelden. Das dauert nur wenige Sekunden. Bevor Sie auf die Message Boards zugreifen k\u00f6nnen, m\u00fcssen Sie ein Tinychat-Konto erstellen. Das ist ganz einfach. Es kann schwierig sein, einem Chatroom beizutreten. Sobald Sie ein Konto erstellt haben, erhalten Sie eine URL, mit der Sie auf den Chatroom zugreifen k\u00f6nnen. Sie k\u00f6nnen die URL kopieren oder eingeben. Wenn Sie sich bei Tinychat anmelden, m\u00fcssen Sie ein Formular ausf\u00fcllen. Um Ihnen bei der Auswahl der besten Unterk\u00fcnfte zu helfen, m\u00fcssen diese einige Informationen \u00fcber Sie wissen. Zu diesen Informationen geh\u00f6ren Ihr Geschlecht, Alter, Ihre Orientierung und Ihre Gr\u00f6\u00dfe. Sie k\u00f6nnen problemlos jedem Gruppenchat beitreten.<\/p>\n<p>Wenn Sie ein kostenloses Konto haben, haben Sie keinen Zugriff auf Profile. Um das Bild des n\u00e4chsten M\u00e4dchens zu sehen, m\u00fcssen Sie eine Mitgliedschaft erwerben. Aktualisieren Sie Ihre Mitgliedschaft, um bessere Filter zu verwenden und sich mit mehr sexy Tinychat-M\u00e4dchen zu verbinden.<\/p>\n<h2 style=\"text-align: center;\">Omegle-Alternative<\/h2>\n<p>Das einfachste Upgrade ist Pro. Es beinhaltet hochaufl\u00f6sende Videokonferenzen ohne Werbung und Pro-Anmeldeinformationen. Tinychat-M\u00fcnzen und Werbung werden ebenfalls bereitgestellt. Pro-Medaillen sind weniger wichtig als Extreme-Medaillen. Sie bieten eine bessere Videoanrufqualit\u00e4t und eine vorrangige Auflistung in Verzeichnissen. Wenn Sie auf Gold upgraden, erhalten Sie Full HD-Telekonferenzen und einen Gold-Spitznamen. Sie haben au\u00dferdem eine vorrangige Auflistung in Verzeichnissen, zus\u00e4tzliche M\u00fcnzen und Full HD-Video-Telekonferenzen. Diese Funktionen sind gro\u00dfartig f\u00fcr Tinychat, da sie Sie auf Tinychat sichtbarer und f\u00fcr diejenigen, die nach Dates suchen, leichter erreichbar machen.<\/p>\n<p>Profile sind gut strukturiert, sodass Verbraucher sehen k\u00f6nnen, wer sie sind. Um eine Vorstellung davon zu bekommen, wer Ihr Kontakt sein k\u00f6nnte, k\u00f6nnen Sie Fotos und eine Zusammenfassung ihrer Profile anzeigen. Diese Merkmale helfen bei der Entscheidung, mit wem Sie sprechen sollten. Obwohl das Kontoformular gestaltet und geeignet ist, m\u00fcssen Kunden die richtigen Informationen angeben. Sie sind mit den erforderlichen Tools ausgestattet, um eine Einf\u00fchrung zu erstellen.<\/p>\n<p>Die Benutzeroberfl\u00e4che von Tinychat ist intuitiv. Tinychat ist eine Mischung aus Vergangenheit und Gegenwart. Tinychat kombiniert Videoanruftechnologie aus den 1990er Jahren mit modernen Online-Funktionen. Der Zufalls-Chat sorgt f\u00fcr Spa\u00df und sorgt f\u00fcr Abwechslung beim Chatten.<\/p>\n<p>Die Bedienung ist einfach und in mancher Hinsicht vertraut. Tinychat bietet viele einzigartige Funktionen.<\/p>\n<p>M\u00f6chten Sie online etwas kaufen? Um jemandem, der Ihnen am Herzen liegt, ein Geschenk zu machen, k\u00f6nnen Sie die verdienten M\u00fcnzen verwenden. Cool Points k\u00f6nnen eine gro\u00dfartige M\u00f6glichkeit sein, Ihr Konto aufzuleveln. Um anderen zu helfen, k\u00f6nnen die Cool Points dem Profil des Benutzers hinzugef\u00fcgt werden. Diese Credits k\u00f6nnen durch das Senden und Empfangen von Geschenken verdient werden. Diese Credits k\u00f6nnen verwendet werden, um die Level aufzusteigen und Erfahrung zu sammeln.<\/p>\n<p>Der Live-Index ist unerl\u00e4sslich, wenn Sie bei den Benutzern beliebt sein m\u00f6chten. Durch das Sammeln von Punkten erh\u00f6hen sich Ihre Chancen, in das Live-Verzeichnis aufgenommen zu werden. Diese digitale Plattform erm\u00f6glicht es Ihnen, durch das Live-Verzeichnis Bekanntheit und Anerkennung zu erlangen.<\/p>\n<p>Tiny Chat ist eine gro\u00dfartige Omegle-App-Plattform, die das Beste aus alten und neuen Kommunikationsmethoden kombiniert. Das Design f\u00e4llt durch seine ansprechende Typografie und leuchtenden Farben auf. Die sexy Chat-Gruppe hat eine junge Mitgliedschaft. In diesen Chat-Gruppen k\u00f6nnen viele Themen besprochen werden, darunter Sexualit\u00e4t und Kosmetik sowie allgemeine Informationen, Single-Clubs und Unterhaltung. Jeder Organisation kann jederzeit beigetreten werden. Sie m\u00fcssen nicht bemerkt werden. Sie k\u00f6nnen jedoch weiterhin von den anderen Mitgliedern Ihres Teams h\u00f6ren.<\/p>\n<h2 style=\"text-align: center;\">Z\u00f6gern Sie nicht. Werden Sie noch heute Mitglied der Tinychat-Alternative.<\/h2>\n<p>Omegle.to erfordert keine Installation zus\u00e4tzlicher Software oder Apps. Sie k\u00f6nnen die Videoanwendung in Ihrem Browser mit einem einfachen Tastendruck starten. Nur ein Klick gen\u00fcgt, damit Ihr Browser das Mikrofon und die Webcam verwenden kann. Es gibt viele Omegle-Alternativen, die dem virtuellen Zufalls-Chat-Portal \u00e4hneln. Sie k\u00f6nnen einige der gefragtesten Funktionen dieser Chat-Optionen nutzen, wenn Sie mit dem Vorgang vertraut sind.<\/p>\n<p>Klicken Sie auf die Schaltfl\u00e4che, um loszulegen. Sie werden sofort mit einem zuf\u00e4lligen Gespr\u00e4ch verbunden. Um mit einer anderen Person zu interagieren, dr\u00fccken Sie \u201eWeiter\u201c. Klicken Sie oben in der Chat-Anwendung auf die Schaltfl\u00e4che \u201eWeiter\u201c, um auszuw\u00e4hlen, dass Sie nur mit Personen aus bestimmten L\u00e4ndern kommunizieren m\u00f6chten. W\u00e4hlen Sie das Symbol f\u00fcr Frauen aus, um nur mit ihnen zu kommunizieren. Filtern Sie nach Geschlecht. Sie k\u00f6nnen die Einstellungen f\u00fcr das umfangreiche Omegle mit vielen Optionen auch online konfigurieren.<\/p>","protected":false},"excerpt":{"rendered":"<p>Tinychat erm\u00f6glicht die Kommunikation per Text-, Audio- und Videochat. Sie k\u00f6nnen ganz einfach mit anderen Mitgliedern in Kontakt treten, indem Sie online Ihren eigenen Gruppenchat erstellen. Tinychat erm\u00f6glicht Ihnen die Kommunikation mit Ihren Freunden per Telefon, Videokonferenz und Textnachrichten. Die Plattform wurde 2009 gegr\u00fcndet. Sie k\u00f6nnen private Gespr\u00e4che mit Kollegen oder Freunden zu jedem Thema f\u00fchren [\u2026]<\/p>","protected":false},"author":2,"featured_media":0,"parent":0,"menu_order":0,"comment_status":"closed","ping_status":"closed","template":"","meta":{"footnotes":""},"class_list":["post-1629","page","type-page","status-publish","hentry"],"yoast_head":"<!-- This site is optimized with the Yoast SEO Premium plugin v21.5 (Yoast SEO v21.5) - https:\/\/yoast.com\/wordpress\/plugins\/seo\/ -->\n<title>Tinychat - Webcam video chat rooms, simple and easy.<\/title>\n<meta name=\"description\" content=\"Anytime and anywhere you want, random video chat with Tinychat. Beautiful and Sexy Strangers are ready to meet you!\" \/>\n<meta name=\"robots\" content=\"index, follow, max-snippet:-1, max-image-preview:large, max-video-preview:-1\" \/>\n<link rel=\"canonical\" href=\"https:\/\/omegle.to\/de\/simon_t\/\" \/>\n<meta property=\"og:locale\" content=\"de_DE\" \/>\n<meta property=\"og:type\" content=\"article\" \/>\n<meta property=\"og:title\" content=\"Tinychat - Webcam video chat rooms, simple and easy.\" \/>\n<meta property=\"og:description\" content=\"Anytime and anywhere you want, random video chat with Tinychat. Beautiful and Sexy Strangers are ready to meet you!\" \/>\n<meta property=\"og:url\" content=\"https:\/\/omegle.to\/de\/simon_t\/\" \/>\n<meta property=\"og:site_name\" content=\"Omegle - Talk to Strangers\" \/>\n<meta property=\"article:modified_time\" content=\"2025-01-16T21:30:11+00:00\" \/>\n<meta name=\"twitter:card\" content=\"summary_large_image\" \/>\n<meta name=\"twitter:label1\" content=\"Gesch\u00e4tzte Lesezeit\" \/>\n\t<meta name=\"twitter:data1\" content=\"4\u00a0Minuten\" \/>\n<script type=\"application\/ld+json\" class=\"yoast-schema-graph\">{\"@context\":\"https:\/\/schema.org\",\"@graph\":[{\"@type\":\"WebPage\",\"@id\":\"https:\/\/omegle.to\/tinychat\/\",\"url\":\"https:\/\/omegle.to\/tinychat\/\",\"name\":\"Tinychat - Webcam video chat rooms, simple and easy.\",\"isPartOf\":{\"@id\":\"https:\/\/omegle.to\/#website\"},\"datePublished\":\"2022-05-16T08:10:28+00:00\",\"dateModified\":\"2025-01-16T21:30:11+00:00\",\"description\":\"Anytime and anywhere you want, random video chat with Tinychat. Beautiful and Sexy Strangers are ready to meet you!\",\"breadcrumb\":{\"@id\":\"https:\/\/omegle.to\/tinychat\/#breadcrumb\"},\"inLanguage\":\"de\",\"potentialAction\":[{\"@type\":\"ReadAction\",\"target\":[\"https:\/\/omegle.to\/tinychat\/\"]}]},{\"@type\":\"BreadcrumbList\",\"@id\":\"https:\/\/omegle.to\/tinychat\/#breadcrumb\",\"itemListElement\":[{\"@type\":\"ListItem\",\"position\":1,\"name\":\"Home\",\"item\":\"https:\/\/omegle.to\/\"},{\"@type\":\"ListItem\",\"position\":2,\"name\":\"Tinychat &#8211; Webcam video chat rooms, simple and easy.\"}]},{\"@type\":\"WebSite\",\"@id\":\"https:\/\/omegle.to\/#website\",\"url\":\"https:\/\/omegle.to\/\",\"name\":\"Omegle - Talk to Strangers\",\"description\":\"Random Video Chat\",\"publisher\":{\"@id\":\"https:\/\/omegle.to\/#organization\"},\"potentialAction\":[{\"@type\":\"SearchAction\",\"target\":{\"@type\":\"EntryPoint\",\"urlTemplate\":\"https:\/\/omegle.to\/?s={search_term_string}\"},\"query-input\":\"required name=search_term_string\"}],\"inLanguage\":\"de\"},{\"@type\":\"Organization\",\"@id\":\"https:\/\/omegle.to\/#organization\",\"name\":\"Omegle - Talk to Strangers\",\"url\":\"https:\/\/omegle.to\/\",\"logo\":{\"@type\":\"ImageObject\",\"inLanguage\":\"de\",\"@id\":\"https:\/\/omegle.to\/#\/schema\/logo\/image\/\",\"url\":\"https:\/\/omegle.to\/wp-content\/uploads\/2021\/12\/omegle-omegle.to_.jpg\",\"contentUrl\":\"https:\/\/omegle.to\/wp-content\/uploads\/2021\/12\/omegle-omegle.to_.jpg\",\"width\":1024,\"height\":820,\"caption\":\"Omegle - Talk to Strangers\"},\"image\":{\"@id\":\"https:\/\/omegle.to\/#\/schema\/logo\/image\/\"}}]}<\/script>\n<!-- \/ Yoast SEO Premium plugin. -->","yoast_head_json":{"title":"Tinychat - Webcam video chat rooms, simple and easy.","description":"Anytime and anywhere you want, random video chat with Tinychat. Beautiful and Sexy Strangers are ready to meet you!","robots":{"index":"index","follow":"follow","max-snippet":"max-snippet:-1","max-image-preview":"max-image-preview:large","max-video-preview":"max-video-preview:-1"},"canonical":"https:\/\/omegle.to\/de\/simon_t\/","og_locale":"de_DE","og_type":"article","og_title":"Tinychat - Webcam video chat rooms, simple and easy.","og_description":"Anytime and anywhere you want, random video chat with Tinychat. Beautiful and Sexy Strangers are ready to meet you!","og_url":"https:\/\/omegle.to\/de\/simon_t\/","og_site_name":"Omegle - Talk to Strangers","article_modified_time":"2025-01-16T21:30:11+00:00","twitter_card":"summary_large_image","twitter_misc":{"Gesch\u00e4tzte Lesezeit":"4\u00a0Minuten"},"schema":{"@context":"https:\/\/schema.org","@graph":[{"@type":"WebPage","@id":"https:\/\/omegle.to\/tinychat\/","url":"https:\/\/omegle.to\/tinychat\/","name":"Tinychat - Webcam video chat rooms, simple and easy.","isPartOf":{"@id":"https:\/\/omegle.to\/#website"},"datePublished":"2022-05-16T08:10:28+00:00","dateModified":"2025-01-16T21:30:11+00:00","description":"Anytime and anywhere you want, random video chat with Tinychat. Beautiful and Sexy Strangers are ready to meet you!","breadcrumb":{"@id":"https:\/\/omegle.to\/tinychat\/#breadcrumb"},"inLanguage":"de","potentialAction":[{"@type":"ReadAction","target":["https:\/\/omegle.to\/tinychat\/"]}]},{"@type":"BreadcrumbList","@id":"https:\/\/omegle.to\/tinychat\/#breadcrumb","itemListElement":[{"@type":"ListItem","position":1,"name":"Home","item":"https:\/\/omegle.to\/"},{"@type":"ListItem","position":2,"name":"Tinychat &#8211; Webcam video chat rooms, simple and easy."}]},{"@type":"WebSite","@id":"https:\/\/omegle.to\/#website","url":"https:\/\/omegle.to\/","name":"Omegle - Talk to Strangers","description":"Random Video Chat","publisher":{"@id":"https:\/\/omegle.to\/#organization"},"potentialAction":[{"@type":"SearchAction","target":{"@type":"EntryPoint","urlTemplate":"https:\/\/omegle.to\/?s={search_term_string}"},"query-input":"required name=search_term_string"}],"inLanguage":"de"},{"@type":"Organization","@id":"https:\/\/omegle.to\/#organization","name":"Omegle - Talk to Strangers","url":"https:\/\/omegle.to\/","logo":{"@type":"ImageObject","inLanguage":"de","@id":"https:\/\/omegle.to\/#\/schema\/logo\/image\/","url":"https:\/\/omegle.to\/wp-content\/uploads\/2021\/12\/omegle-omegle.to_.jpg","contentUrl":"https:\/\/omegle.to\/wp-content\/uploads\/2021\/12\/omegle-omegle.to_.jpg","width":1024,"height":820,"caption":"Omegle - Talk to Strangers"},"image":{"@id":"https:\/\/omegle.to\/#\/schema\/logo\/image\/"}}]}},"_links":{"self":[{"href":"https:\/\/omegle.to\/de\/wp-json\/wp\/v2\/pages\/1629","targetHints":{"allow":["GET"]}}],"collection":[{"href":"https:\/\/omegle.to\/de\/wp-json\/wp\/v2\/pages"}],"about":[{"href":"https:\/\/omegle.to\/de\/wp-json\/wp\/v2\/types\/page"}],"author":[{"embeddable":true,"href":"https:\/\/omegle.to\/de\/wp-json\/wp\/v2\/users\/2"}],"replies":[{"embeddable":true,"href":"https:\/\/omegle.to\/de\/wp-json\/wp\/v2\/comments?post=1629"}],"version-history":[{"count":14,"href":"https:\/\/omegle.to\/de\/wp-json\/wp\/v2\/pages\/1629\/revisions"}],"predecessor-version":[{"id":2048,"href":"https:\/\/omegle.to\/de\/wp-json\/wp\/v2\/pages\/1629\/revisions\/2048"}],"wp:attachment":[{"href":"https:\/\/omegle.to\/de\/wp-json\/wp\/v2\/media?parent=1629"}],"curies":[{"name":"wp","href":"https:\/\/api.w.org\/{rel}","templated":true}]}}