{"id":1622,"date":"2022-04-21T21:37:49","date_gmt":"2022-04-21T19:37:49","guid":{"rendered":"https:\/\/omegle.to\/?page_id=1622"},"modified":"2025-01-16T23:01:38","modified_gmt":"2025-01-16T21:01:38","slug":"emerald-chat","status":"publish","type":"page","link":"https:\/\/omegle.to\/de\/smaragd-chat\/","title":{"rendered":"Emerald Chat | Omegle-Alternative"},"content":{"rendered":"<p>Emerald Chat bietet die meisten Online-Chats. Sie k\u00f6nnen damit auch mit Fremden chatten, zuf\u00e4llige Videochats und Strangercam-Chats als Omegle-Alternativen nutzen. Diese Site hat die meisten Benutzer und bietet viele Optionen. Eine weitere Dating-Site, die es einfach macht, mit anderen Menschen in Kontakt zu treten. Es ist das einzige unter vielen Online-Engagement-Netzwerken. Emerald Chat kann jedes Mal erneut besucht werden, um neue Erfahrungen zu sammeln. Dies ist das wichtigste Juwel im Meer der sozialen Netzwerke. Um eine v\u00f6llig neue Erfahrung zu genie\u00dfen, k\u00f6nnen Sie die Site wiederholt besuchen.<\/p>\n<h2 style=\"text-align: center;\">Cam f\u00fcr Fremde mit sch\u00f6nen M\u00e4dchen<\/h2>\n<p>Das wichtigste Feature von Emerald Chat ist die M\u00f6glichkeit, online mit zuf\u00e4lligen Personen zu chatten. Mit dieser wunderbaren Funktion k\u00f6nnen Sie online mit Fremden chatten. \u00dcber Emerald Chat k\u00f6nnen Sie sicher und privat mit anderen Personen kommunizieren. \u00dcber Emerald Chat k\u00f6nnen Sie problemlos mit Menschen auf der ganzen Welt kommunizieren. Mit dem kostenlosen Video-Chat k\u00f6nnen Sie Webcams auf Ihrem iPhone oder <a href=\"https:\/\/android.com\">Android<\/a>. Unsere zuf\u00e4llige Webcam bringt Benutzer mit zuf\u00e4lligen Personen zusammen, um sofortige Cam-to-Cam-Gespr\u00e4che zu erm\u00f6glichen. Chatten Sie schnell mit Freunden und Bekannten, indem Sie einer Gruppe beitreten oder in Sekundenschnelle anrufen. Unsere Website gibt Ihre Identit\u00e4t nicht preis. \u00dcber die Emerald Chat-Netzwerkseite k\u00f6nnen Sie anonyme Leute online treffen. Emerald Chat ist der beste Weg, um gl\u00fccklich zu bleiben. Sie werden sich weniger einsam f\u00fchlen, wenn Sie sich auf der Website anmelden. Online werden Sie sich positiver und gl\u00fccklicher f\u00fchlen.<\/p>\n<h2 style=\"text-align: center;\">Emerald Chat App<\/h2>\n<p>Emerald Chat ist sowohl im App Store als auch bei Google Play erh\u00e4ltlich. Die App kann auf jedem Ger\u00e4t verwendet werden, egal ob iPhone oder Smartphone. Die Website ist einfach online zu verwenden. Die Anwendung kann f\u00fcr Videokonferenzen mit anderen \u00fcber Full HD-Cam-to-Cam-Videokonferenzen verwendet werden. Die Verwendung ist sehr einfach. Sie k\u00f6nnen fast jede Android-App installieren. Um fast jede Android-App zu installieren, ben\u00f6tigen Sie ein Android-Smartphone. Um die App aus dem Apple Store herunterzuladen, ben\u00f6tigen Sie ein iPhone. Je nach Modell Ihres Mobilger\u00e4ts kann dieses Programm kleiner sein.<\/p>\n<p>Diese Software wurde speziell f\u00fcr Android entwickelt. Die Software kann im Play Store oder im Internet heruntergeladen werden. Der Download ist kostenlos und Sie k\u00f6nnen sie dann verwenden. Klicken Sie auf die Schaltfl\u00e4che, um loszulegen. Verwenden Sie \u201eWeiter\u201c, um ein Gespr\u00e4ch mit einer anderen Person zu f\u00fchren. Wenn Sie oben auf die Schaltfl\u00e4che \u201eWeiter\u201c klicken, k\u00f6nnen Sie ausw\u00e4hlen, mit Personen in bestimmten L\u00e4ndern und Regionen zu kommunizieren. Kommunizieren Sie nur mit Frauen, indem Sie das Symbol f\u00fcr sie ausw\u00e4hlen. Sie k\u00f6nnen die Einstellungen des umfangreichen \u201eEmerald Chat\u201c auch online konfigurieren.<\/p>\n<h2 style=\"text-align: center;\">Wie verwende ich Emerald Chat?<!-- Logo --><\/h2>\n<p>Omegle.to erfordert keine Installation zus\u00e4tzlicher Software oder Apps. Sie k\u00f6nnen die Videoanwendung in Ihrem Browser mit einem einfachen Tastendruck starten. Nur ein Klick gen\u00fcgt, damit Ihr Browser das Mikrofon und die Webcam verwenden kann. Es gibt viele Omegle-Alternativen wie Emerald Chat, die dem virtuellen Zufalls-Chat-Portal \u00e4hneln. Sie k\u00f6nnen einige der gefragtesten Funktionen dieser Chat-Optionen nutzen, wenn Sie mit dem Vorgang vertraut sind.<\/p>\n<p>Klicken Sie auf die Schaltfl\u00e4che, um loszulegen. Sie werden sofort mit einem zuf\u00e4lligen Gespr\u00e4ch verbunden. Um mit einer anderen Person zu interagieren, dr\u00fccken Sie \u201eWeiter\u201c. Klicken Sie oben in der Chat-Anwendung auf die Schaltfl\u00e4che \u201eWeiter\u201c, um auszuw\u00e4hlen, dass Sie nur mit Personen aus bestimmten L\u00e4ndern kommunizieren m\u00f6chten. W\u00e4hlen Sie das Symbol f\u00fcr Frauen aus, um nur mit ihnen zu kommunizieren. Filtern Sie nach Geschlecht. Sie k\u00f6nnen die Einstellungen f\u00fcr das umfangreiche Omegle mit vielen Optionen auch online konfigurieren.<\/p>","protected":false},"excerpt":{"rendered":"<p>Emerald Chat bietet die meisten Online-Chats. Sie k\u00f6nnen dort auch mit Fremden chatten, zuf\u00e4llige Video-Chats nutzen und Strangercam-Chats als Omegle-Alternativen nutzen. Diese Seite hat die meisten Nutzer und bietet viele Optionen. Eine weitere Dating-Seite, die es einfach macht, mit anderen Menschen in Kontakt zu treten. Sie ist die einzige unter vielen [\u2026]<\/p>","protected":false},"author":2,"featured_media":0,"parent":0,"menu_order":0,"comment_status":"closed","ping_status":"closed","template":"","meta":{"footnotes":""},"class_list":["post-1622","page","type-page","status-publish","hentry"],"yoast_head":"<!-- This site is optimized with the Yoast SEO Premium plugin v21.5 (Yoast SEO v21.5) - https:\/\/yoast.com\/wordpress\/plugins\/seo\/ -->\n<title>Emerald Chat | Omegle Alternative<\/title>\n<meta name=\"description\" content=\"Anytime and anywhere you want, random video chat with Emerald Chat. Beautiful and Sexy Strangers are ready to meet you!\" \/>\n<meta name=\"robots\" content=\"index, follow, max-snippet:-1, max-image-preview:large, max-video-preview:-1\" \/>\n<link rel=\"canonical\" href=\"https:\/\/omegle.to\/de\/smaragd-chat\/\" \/>\n<meta property=\"og:locale\" content=\"de_DE\" \/>\n<meta property=\"og:type\" content=\"article\" \/>\n<meta property=\"og:title\" content=\"Emerald Chat | Omegle Alternative\" \/>\n<meta property=\"og:description\" content=\"Anytime and anywhere you want, random video chat with Emerald Chat. Beautiful and Sexy Strangers are ready to meet you!\" \/>\n<meta property=\"og:url\" content=\"https:\/\/omegle.to\/de\/smaragd-chat\/\" \/>\n<meta property=\"og:site_name\" content=\"Omegle - Talk to Strangers\" \/>\n<meta property=\"article:modified_time\" content=\"2025-01-16T21:01:38+00:00\" \/>\n<meta name=\"twitter:card\" content=\"summary_large_image\" \/>\n<meta name=\"twitter:label1\" content=\"Gesch\u00e4tzte Lesezeit\" \/>\n\t<meta name=\"twitter:data1\" content=\"3\u00a0Minuten\" \/>\n<script type=\"application\/ld+json\" class=\"yoast-schema-graph\">{\"@context\":\"https:\/\/schema.org\",\"@graph\":[{\"@type\":\"WebPage\",\"@id\":\"https:\/\/omegle.to\/emerald-chat\/\",\"url\":\"https:\/\/omegle.to\/emerald-chat\/\",\"name\":\"Emerald Chat | Omegle Alternative\",\"isPartOf\":{\"@id\":\"https:\/\/omegle.to\/#website\"},\"datePublished\":\"2022-04-21T19:37:49+00:00\",\"dateModified\":\"2025-01-16T21:01:38+00:00\",\"description\":\"Anytime and anywhere you want, random video chat with Emerald Chat. Beautiful and Sexy Strangers are ready to meet you!\",\"breadcrumb\":{\"@id\":\"https:\/\/omegle.to\/emerald-chat\/#breadcrumb\"},\"inLanguage\":\"de\",\"potentialAction\":[{\"@type\":\"ReadAction\",\"target\":[\"https:\/\/omegle.to\/emerald-chat\/\"]}]},{\"@type\":\"BreadcrumbList\",\"@id\":\"https:\/\/omegle.to\/emerald-chat\/#breadcrumb\",\"itemListElement\":[{\"@type\":\"ListItem\",\"position\":1,\"name\":\"Home\",\"item\":\"https:\/\/omegle.to\/\"},{\"@type\":\"ListItem\",\"position\":2,\"name\":\"Emerald Chat | Omegle Alternative\"}]},{\"@type\":\"WebSite\",\"@id\":\"https:\/\/omegle.to\/#website\",\"url\":\"https:\/\/omegle.to\/\",\"name\":\"Omegle - Talk to Strangers\",\"description\":\"Random Video Chat\",\"publisher\":{\"@id\":\"https:\/\/omegle.to\/#organization\"},\"potentialAction\":[{\"@type\":\"SearchAction\",\"target\":{\"@type\":\"EntryPoint\",\"urlTemplate\":\"https:\/\/omegle.to\/?s={search_term_string}\"},\"query-input\":\"required name=search_term_string\"}],\"inLanguage\":\"de\"},{\"@type\":\"Organization\",\"@id\":\"https:\/\/omegle.to\/#organization\",\"name\":\"Omegle - Talk to Strangers\",\"url\":\"https:\/\/omegle.to\/\",\"logo\":{\"@type\":\"ImageObject\",\"inLanguage\":\"de\",\"@id\":\"https:\/\/omegle.to\/#\/schema\/logo\/image\/\",\"url\":\"https:\/\/omegle.to\/wp-content\/uploads\/2021\/12\/omegle-omegle.to_.jpg\",\"contentUrl\":\"https:\/\/omegle.to\/wp-content\/uploads\/2021\/12\/omegle-omegle.to_.jpg\",\"width\":1024,\"height\":820,\"caption\":\"Omegle - Talk to Strangers\"},\"image\":{\"@id\":\"https:\/\/omegle.to\/#\/schema\/logo\/image\/\"}}]}<\/script>\n<!-- \/ Yoast SEO Premium plugin. -->","yoast_head_json":{"title":"Emerald Chat | Omegle Alternative","description":"Anytime and anywhere you want, random video chat with Emerald Chat. Beautiful and Sexy Strangers are ready to meet you!","robots":{"index":"index","follow":"follow","max-snippet":"max-snippet:-1","max-image-preview":"max-image-preview:large","max-video-preview":"max-video-preview:-1"},"canonical":"https:\/\/omegle.to\/de\/smaragd-chat\/","og_locale":"de_DE","og_type":"article","og_title":"Emerald Chat | Omegle Alternative","og_description":"Anytime and anywhere you want, random video chat with Emerald Chat. Beautiful and Sexy Strangers are ready to meet you!","og_url":"https:\/\/omegle.to\/de\/smaragd-chat\/","og_site_name":"Omegle - Talk to Strangers","article_modified_time":"2025-01-16T21:01:38+00:00","twitter_card":"summary_large_image","twitter_misc":{"Gesch\u00e4tzte Lesezeit":"3\u00a0Minuten"},"schema":{"@context":"https:\/\/schema.org","@graph":[{"@type":"WebPage","@id":"https:\/\/omegle.to\/emerald-chat\/","url":"https:\/\/omegle.to\/emerald-chat\/","name":"Emerald Chat | Omegle Alternative","isPartOf":{"@id":"https:\/\/omegle.to\/#website"},"datePublished":"2022-04-21T19:37:49+00:00","dateModified":"2025-01-16T21:01:38+00:00","description":"Anytime and anywhere you want, random video chat with Emerald Chat. Beautiful and Sexy Strangers are ready to meet you!","breadcrumb":{"@id":"https:\/\/omegle.to\/emerald-chat\/#breadcrumb"},"inLanguage":"de","potentialAction":[{"@type":"ReadAction","target":["https:\/\/omegle.to\/emerald-chat\/"]}]},{"@type":"BreadcrumbList","@id":"https:\/\/omegle.to\/emerald-chat\/#breadcrumb","itemListElement":[{"@type":"ListItem","position":1,"name":"Home","item":"https:\/\/omegle.to\/"},{"@type":"ListItem","position":2,"name":"Emerald Chat | Omegle Alternative"}]},{"@type":"WebSite","@id":"https:\/\/omegle.to\/#website","url":"https:\/\/omegle.to\/","name":"Omegle - Talk to Strangers","description":"Random Video Chat","publisher":{"@id":"https:\/\/omegle.to\/#organization"},"potentialAction":[{"@type":"SearchAction","target":{"@type":"EntryPoint","urlTemplate":"https:\/\/omegle.to\/?s={search_term_string}"},"query-input":"required name=search_term_string"}],"inLanguage":"de"},{"@type":"Organization","@id":"https:\/\/omegle.to\/#organization","name":"Omegle - Talk to Strangers","url":"https:\/\/omegle.to\/","logo":{"@type":"ImageObject","inLanguage":"de","@id":"https:\/\/omegle.to\/#\/schema\/logo\/image\/","url":"https:\/\/omegle.to\/wp-content\/uploads\/2021\/12\/omegle-omegle.to_.jpg","contentUrl":"https:\/\/omegle.to\/wp-content\/uploads\/2021\/12\/omegle-omegle.to_.jpg","width":1024,"height":820,"caption":"Omegle - Talk to Strangers"},"image":{"@id":"https:\/\/omegle.to\/#\/schema\/logo\/image\/"}}]}},"_links":{"self":[{"href":"https:\/\/omegle.to\/de\/wp-json\/wp\/v2\/pages\/1622","targetHints":{"allow":["GET"]}}],"collection":[{"href":"https:\/\/omegle.to\/de\/wp-json\/wp\/v2\/pages"}],"about":[{"href":"https:\/\/omegle.to\/de\/wp-json\/wp\/v2\/types\/page"}],"author":[{"embeddable":true,"href":"https:\/\/omegle.to\/de\/wp-json\/wp\/v2\/users\/2"}],"replies":[{"embeddable":true,"href":"https:\/\/omegle.to\/de\/wp-json\/wp\/v2\/comments?post=1622"}],"version-history":[{"count":11,"href":"https:\/\/omegle.to\/de\/wp-json\/wp\/v2\/pages\/1622\/revisions"}],"predecessor-version":[{"id":2035,"href":"https:\/\/omegle.to\/de\/wp-json\/wp\/v2\/pages\/1622\/revisions\/2035"}],"wp:attachment":[{"href":"https:\/\/omegle.to\/de\/wp-json\/wp\/v2\/media?parent=1622"}],"curies":[{"name":"wp","href":"https:\/\/api.w.org\/{rel}","templated":true}]}}