{"id":1613,"date":"2022-04-21T21:12:47","date_gmt":"2022-04-21T19:12:47","guid":{"rendered":"https:\/\/omegle.to\/?page_id=1613"},"modified":"2025-01-16T22:18:07","modified_gmt":"2025-01-16T20:18:07","slug":"omegle-alternative","status":"publish","type":"page","link":"https:\/\/omegle.to\/de\/omegle-alternative\/","title":{"rendered":"Omegle-Alternative"},"content":{"rendered":"<p>Mit einer Omegle-Alternative k\u00f6nnen Sie jederzeit und \u00fcberall anonym chatten. Sch\u00f6ne und verf\u00fchrerische Fremde warten darauf, Sie kennenzulernen! Das Omegle <a href=\"https:\/\/omegle.to\/de\/omegle-mit-fremden-reden\/\">Mit Fremden sprechen<\/a> Das Portal ist jetzt kostenlos f\u00fcr Sie. Dieses Portal steht jedem offen, der mehr \u00fcber Fremde online erfahren m\u00f6chte. Um online zu chatten, braucht jeder Fremde einen Freund. Jeder kann den kostenlosen Webcam-Chat nutzen, um zu sehen, ob Fremde vertrauensw\u00fcrdig sind. Als Alternative zu Omegle bieten TV-Sites zuf\u00e4llige Video-Chat-Dienste an, die sie wie die Meister erscheinen lassen. Sind Sie zu Hause gelangweilt? Wir haben die L\u00f6sung f\u00fcr Ihre Einsamkeit. Sie k\u00f6nnen Leute aus Ihrem Land oder aus dem Ausland treffen, Freunde und\/oder Seelenverwandte finden und Spa\u00df mit ihnen haben. Sie haben endlose M\u00f6glichkeiten f\u00fcr m\u00f6gliche \u00dcbereinstimmungen mit den 500.000 Benutzern, die t\u00e4glich in verschiedenen L\u00e4ndern aktiv sind.<\/p>\n<p>Es gibt viele Video-Chat-Seiten im Internet. Die meisten sind zu voll mit M\u00e4nnern. Es kann schwierig sein, die gew\u00fcnschten Informationen zu finden. Omegle erm\u00f6glicht es Ihnen, live mit M\u00e4dchen zu chatten. Diese Seite ist der perfekte Ort, um zuf\u00e4llige Chats mit verifizierten M\u00e4dchen zu f\u00fchren. Omegle erm\u00f6glicht es Ihnen, M\u00e4dchen auf der ganzen Welt zu finden. Beim zuf\u00e4lligen Video-Dating k\u00f6nnen Sie so viele M\u00e4dchen daten, wie Sie m\u00f6chten. Ihr Leben ist unvorhersehbar! Omegle.to kann eine gro\u00dfartige Wahl f\u00fcr Leute sein, die Video- und Sprachanrufe m\u00f6gen. Die Omegle-App erm\u00f6glicht es Ihnen, die Live-Chat-Funktion von Omegle zu verwenden, ohne eine alternative Omegle-Anwendung (apk) herunterladen zu m\u00fcssen. Omegle.to erm\u00f6glicht Sprach- und Video-Chats. Wenn Sie Ihre Kamera in den Omegle-App-Einstellungen nicht aktivieren, haben Sie m\u00f6glicherweise Probleme mit Kamera und Mikrofon. Es wird empfohlen, dass Sie den Google Chrome-Browser verwenden, wenn Sie ein Android-Benutzer sind.<\/p>\n<div class=\"elementor-element elementor-element-4468f45 elementor-widget elementor-widget-heading\" data-id=\"4468f45\" data-element_type=\"widget\" data-widget_type=\"heading.default\">\n<div class=\"elementor-widget-container\">\n<h2 class=\"elementor-heading-title elementor-size-h3\" style=\"text-align: center;\"><span style=\"color: #808080;\">Alternative Gespr\u00e4chstipps von Omegle<\/span><\/h2>\n<\/div>\n<\/div>\n<div class=\"elementor-element elementor-element-8d629ce elementor-widget elementor-widget-text-editor\" data-id=\"8d629ce\" data-element_type=\"widget\" data-widget_type=\"text-editor.default\">\n<div class=\"elementor-widget-container\">\n<p>F\u00e4llt es Ihnen schwer, Kontakte zu anderen zu kn\u00fcpfen? Wir haben alle n\u00f6tigen Tools und k\u00f6nnen Ihnen beim Einstieg helfen.<\/p>\n<ol>\n<li>Stellen Sie neue Fragen und seien Sie kreativ. Die Leute langweilen sich oft, wenn sie dieselben Fragen wie der Omegle-Bot stellen. Es ist immer sch\u00f6n, wenn man sein Erlebnis individuell gestalten kann.<\/li>\n<li>Versuchen Sie, Sie selbst zu sein. Wenn Sie nicht m\u00f6gen, wenden Sie sich einfach der n\u00e4chsten Person zu. Auf diese Weise werden Sie jemanden finden, der authentisch ist.<\/li>\n<li>L\u00e4cheln, lachen und h\u00f6flich sein. Eine herzliche Pers\u00f6nlichkeit erm\u00f6glicht eine offenere Konversation.<\/li>\n<li>Kleiden Sie sich angemessen. Das verbessert die Stimmung.<\/li>\n<li>Sorgen Sie f\u00fcr ausreichende Beleuchtung im Raum. Um mit jemandem gut sprechen zu k\u00f6nnen, ist es immer von Vorteil, ihn gut sehen zu k\u00f6nnen.<\/li>\n<\/ol>\n<\/div>\n<\/div>\n<h2 style=\"text-align: center;\"><span style=\"color: #808080;\">So verwenden Sie eine Omegle-Alternative<\/span><\/h2>\n<p>Omegle.to erfordert keine Installation zus\u00e4tzlicher Software oder Apps. Sie k\u00f6nnen die Videoanwendung in Ihrem Browser mit einem einfachen Tastendruck starten. Nur ein Klick ist erforderlich, damit Ihr Browser das Mikrofon und die Webcam verwenden kann. Es gibt viele Omegle-Alternativen, die dem virtuellen Zufalls-Chat-Portal \u00e4hneln. Sie k\u00f6nnen einige der gefragtesten Funktionen dieser Chat-Optionen verwenden, wenn Sie mit dem Vorgang vertraut sind. Klicken Sie auf die Schaltfl\u00e4che, um loszulegen. Sie werden sofort mit einem zuf\u00e4lligen Gespr\u00e4ch verbunden. Um mit einer anderen Person zu interagieren, dr\u00fccken Sie auf \u201eWeiter\u201c. Klicken Sie oben in der Chat-Anwendung auf die Schaltfl\u00e4che \u201eWeiter\u201c, um auszuw\u00e4hlen, dass Sie nur mit Personen aus bestimmten L\u00e4ndern kommunizieren m\u00f6chten. W\u00e4hlen Sie das Symbol f\u00fcr Frauen aus, um nur mit ihnen zu kommunizieren. Filtern Sie nach Geschlecht. Sie k\u00f6nnen die Einstellungen f\u00fcr die umfangreiche Omegle-Alternative mit vielen Optionen auch online konfigurieren.<\/p>","protected":false},"excerpt":{"rendered":"<p>Chatten Sie jederzeit und \u00fcberall anonym mit einer Omegle-Alternative. Attraktive und verf\u00fchrerische Fremde warten darauf, Sie kennenzulernen! Das Omegle-Portal \u201eMit Fremden sprechen\u201c ist jetzt kostenlos f\u00fcr Sie verf\u00fcgbar. Es steht jedem offen, der online mehr \u00fcber Fremde erfahren m\u00f6chte. Um online zu chatten, braucht jeder Fremde einen Freund. Jeder [\u2026]<\/p>","protected":false},"author":2,"featured_media":0,"parent":0,"menu_order":0,"comment_status":"closed","ping_status":"closed","template":"","meta":{"footnotes":""},"class_list":["post-1613","page","type-page","status-publish","hentry"],"yoast_head":"<!-- This site is optimized with the Yoast SEO Premium plugin v21.5 (Yoast SEO v21.5) - https:\/\/yoast.com\/wordpress\/plugins\/seo\/ -->\n<title>Omegle Alternative - Talk to Strangers<\/title>\n<meta name=\"description\" content=\"Anytime and anywhere you want, random video chat with Omegle. Beautiful and Sexy Strangers are ready to meet you on a Omegle Alternative.\" \/>\n<meta name=\"robots\" content=\"index, follow, max-snippet:-1, max-image-preview:large, max-video-preview:-1\" \/>\n<link rel=\"canonical\" href=\"https:\/\/omegle.to\/de\/omegle-alternative\/\" \/>\n<meta property=\"og:locale\" content=\"de_DE\" \/>\n<meta property=\"og:type\" content=\"article\" \/>\n<meta property=\"og:title\" content=\"Omegle Alternative\" \/>\n<meta property=\"og:description\" content=\"Anytime and anywhere you want, random video chat with Omegle. Beautiful and Sexy Strangers are ready to meet you on a Omegle Alternative.\" \/>\n<meta property=\"og:url\" content=\"https:\/\/omegle.to\/de\/omegle-alternative\/\" \/>\n<meta property=\"og:site_name\" content=\"Omegle - Talk to Strangers\" \/>\n<meta property=\"article:modified_time\" content=\"2025-01-16T20:18:07+00:00\" \/>\n<meta name=\"twitter:card\" content=\"summary_large_image\" \/>\n<meta name=\"twitter:label1\" content=\"Gesch\u00e4tzte Lesezeit\" \/>\n\t<meta name=\"twitter:data1\" content=\"3\u00a0Minuten\" \/>\n<script type=\"application\/ld+json\" class=\"yoast-schema-graph\">{\"@context\":\"https:\/\/schema.org\",\"@graph\":[{\"@type\":\"WebPage\",\"@id\":\"https:\/\/omegle.to\/omegle-alternative\/\",\"url\":\"https:\/\/omegle.to\/omegle-alternative\/\",\"name\":\"Omegle Alternative - Talk to Strangers\",\"isPartOf\":{\"@id\":\"https:\/\/omegle.to\/#website\"},\"datePublished\":\"2022-04-21T19:12:47+00:00\",\"dateModified\":\"2025-01-16T20:18:07+00:00\",\"description\":\"Anytime and anywhere you want, random video chat with Omegle. Beautiful and Sexy Strangers are ready to meet you on a Omegle Alternative.\",\"breadcrumb\":{\"@id\":\"https:\/\/omegle.to\/omegle-alternative\/#breadcrumb\"},\"inLanguage\":\"de\",\"potentialAction\":[{\"@type\":\"ReadAction\",\"target\":[\"https:\/\/omegle.to\/omegle-alternative\/\"]}]},{\"@type\":\"BreadcrumbList\",\"@id\":\"https:\/\/omegle.to\/omegle-alternative\/#breadcrumb\",\"itemListElement\":[{\"@type\":\"ListItem\",\"position\":1,\"name\":\"Home\",\"item\":\"https:\/\/omegle.to\/\"},{\"@type\":\"ListItem\",\"position\":2,\"name\":\"Omegle Alternative\"}]},{\"@type\":\"WebSite\",\"@id\":\"https:\/\/omegle.to\/#website\",\"url\":\"https:\/\/omegle.to\/\",\"name\":\"Omegle - Talk to Strangers\",\"description\":\"Random Video Chat\",\"publisher\":{\"@id\":\"https:\/\/omegle.to\/#organization\"},\"potentialAction\":[{\"@type\":\"SearchAction\",\"target\":{\"@type\":\"EntryPoint\",\"urlTemplate\":\"https:\/\/omegle.to\/?s={search_term_string}\"},\"query-input\":\"required name=search_term_string\"}],\"inLanguage\":\"de\"},{\"@type\":\"Organization\",\"@id\":\"https:\/\/omegle.to\/#organization\",\"name\":\"Omegle - Talk to Strangers\",\"url\":\"https:\/\/omegle.to\/\",\"logo\":{\"@type\":\"ImageObject\",\"inLanguage\":\"de\",\"@id\":\"https:\/\/omegle.to\/#\/schema\/logo\/image\/\",\"url\":\"https:\/\/omegle.to\/wp-content\/uploads\/2021\/12\/omegle-omegle.to_.jpg\",\"contentUrl\":\"https:\/\/omegle.to\/wp-content\/uploads\/2021\/12\/omegle-omegle.to_.jpg\",\"width\":1024,\"height\":820,\"caption\":\"Omegle - Talk to Strangers\"},\"image\":{\"@id\":\"https:\/\/omegle.to\/#\/schema\/logo\/image\/\"}}]}<\/script>\n<!-- \/ Yoast SEO Premium plugin. -->","yoast_head_json":{"title":"Omegle Alternative - Talk to Strangers","description":"Anytime and anywhere you want, random video chat with Omegle. Beautiful and Sexy Strangers are ready to meet you on a Omegle Alternative.","robots":{"index":"index","follow":"follow","max-snippet":"max-snippet:-1","max-image-preview":"max-image-preview:large","max-video-preview":"max-video-preview:-1"},"canonical":"https:\/\/omegle.to\/de\/omegle-alternative\/","og_locale":"de_DE","og_type":"article","og_title":"Omegle Alternative","og_description":"Anytime and anywhere you want, random video chat with Omegle. Beautiful and Sexy Strangers are ready to meet you on a Omegle Alternative.","og_url":"https:\/\/omegle.to\/de\/omegle-alternative\/","og_site_name":"Omegle - Talk to Strangers","article_modified_time":"2025-01-16T20:18:07+00:00","twitter_card":"summary_large_image","twitter_misc":{"Gesch\u00e4tzte Lesezeit":"3\u00a0Minuten"},"schema":{"@context":"https:\/\/schema.org","@graph":[{"@type":"WebPage","@id":"https:\/\/omegle.to\/omegle-alternative\/","url":"https:\/\/omegle.to\/omegle-alternative\/","name":"Omegle Alternative - Talk to Strangers","isPartOf":{"@id":"https:\/\/omegle.to\/#website"},"datePublished":"2022-04-21T19:12:47+00:00","dateModified":"2025-01-16T20:18:07+00:00","description":"Anytime and anywhere you want, random video chat with Omegle. Beautiful and Sexy Strangers are ready to meet you on a Omegle Alternative.","breadcrumb":{"@id":"https:\/\/omegle.to\/omegle-alternative\/#breadcrumb"},"inLanguage":"de","potentialAction":[{"@type":"ReadAction","target":["https:\/\/omegle.to\/omegle-alternative\/"]}]},{"@type":"BreadcrumbList","@id":"https:\/\/omegle.to\/omegle-alternative\/#breadcrumb","itemListElement":[{"@type":"ListItem","position":1,"name":"Home","item":"https:\/\/omegle.to\/"},{"@type":"ListItem","position":2,"name":"Omegle Alternative"}]},{"@type":"WebSite","@id":"https:\/\/omegle.to\/#website","url":"https:\/\/omegle.to\/","name":"Omegle - Talk to Strangers","description":"Random Video Chat","publisher":{"@id":"https:\/\/omegle.to\/#organization"},"potentialAction":[{"@type":"SearchAction","target":{"@type":"EntryPoint","urlTemplate":"https:\/\/omegle.to\/?s={search_term_string}"},"query-input":"required name=search_term_string"}],"inLanguage":"de"},{"@type":"Organization","@id":"https:\/\/omegle.to\/#organization","name":"Omegle - Talk to Strangers","url":"https:\/\/omegle.to\/","logo":{"@type":"ImageObject","inLanguage":"de","@id":"https:\/\/omegle.to\/#\/schema\/logo\/image\/","url":"https:\/\/omegle.to\/wp-content\/uploads\/2021\/12\/omegle-omegle.to_.jpg","contentUrl":"https:\/\/omegle.to\/wp-content\/uploads\/2021\/12\/omegle-omegle.to_.jpg","width":1024,"height":820,"caption":"Omegle - Talk to Strangers"},"image":{"@id":"https:\/\/omegle.to\/#\/schema\/logo\/image\/"}}]}},"_links":{"self":[{"href":"https:\/\/omegle.to\/de\/wp-json\/wp\/v2\/pages\/1613","targetHints":{"allow":["GET"]}}],"collection":[{"href":"https:\/\/omegle.to\/de\/wp-json\/wp\/v2\/pages"}],"about":[{"href":"https:\/\/omegle.to\/de\/wp-json\/wp\/v2\/types\/page"}],"author":[{"embeddable":true,"href":"https:\/\/omegle.to\/de\/wp-json\/wp\/v2\/users\/2"}],"replies":[{"embeddable":true,"href":"https:\/\/omegle.to\/de\/wp-json\/wp\/v2\/comments?post=1613"}],"version-history":[{"count":18,"href":"https:\/\/omegle.to\/de\/wp-json\/wp\/v2\/pages\/1613\/revisions"}],"predecessor-version":[{"id":2026,"href":"https:\/\/omegle.to\/de\/wp-json\/wp\/v2\/pages\/1613\/revisions\/2026"}],"wp:attachment":[{"href":"https:\/\/omegle.to\/de\/wp-json\/wp\/v2\/media?parent=1613"}],"curies":[{"name":"wp","href":"https:\/\/api.w.org\/{rel}","templated":true}]}}