{"id":1561,"date":"2021-12-30T12:09:25","date_gmt":"2021-12-30T10:09:25","guid":{"rendered":"https:\/\/omegle.to\/?page_id=1561"},"modified":"2021-12-30T12:09:25","modified_gmt":"2021-12-30T10:09:25","slug":"terms","status":"publish","type":"page","link":"https:\/\/omegle.to\/de\/bedingungen\/","title":{"rendered":"Bedingungen"},"content":{"rendered":"<p>Einf\u00fchrung<\/p>\n\n\n\n<p>Dieses Dokument, das auch als \u201eServicebedingungen\u201c, \u201eBedingungen\u201c, \u201eBenutzervereinbarung\u201c oder \u201eVereinbarung\u201c bezeichnet werden kann, ist eine rechtsverbindliche Vereinbarung zwischen Einzelpersonen, Unternehmen und Organisationen (Benutzern) und Omegle.to (Omegle.to), das im Folgenden auch als \u201eWebsite\u201c oder \u201eWebsite\u201c bezeichnet werden kann. Die Begriffe \u201euns\u201c, \u201ewir\u201c und \u201eunser\u201c k\u00f6nnen auch verwendet werden, um sich auf Omegle.to zu beziehen, w\u00e4hrend die Begriffe \u201eSie\u201c, \u201eIhr\u201c, \u201eBenutzer\u201c und \u201eBesucher\u201c verwendet werden k\u00f6nnen, um sich auf alle Benutzer der Website zu beziehen. Die Begriffe \u201eInhalt\u201c und \u201eInhalte\u201c werden verwendet, um sich auf alle Materialien zu beziehen, die \u00fcber die Website verf\u00fcgbar gemacht werden. Um auf alle von der Website bereitgestellten Inhalte und Dienste zuzugreifen und diese zu verwenden, best\u00e4tigen Sie, dass Sie mindestens 18 (achtzehn) Jahre alt sind (oder das gesetzliche Alter in Ihrem Staat, Land oder Ort erreicht haben, wenn Sie \u00e4lter als 18 Jahre sind). Indem Sie unsere Website verwenden, erkl\u00e4ren Sie sich damit einverstanden, dass Sie die Bedingungen dieser Vereinbarung und unsere Regeln einhalten. Sie best\u00e4tigen au\u00dferdem, dass Sie mit der Einhaltung unserer Datenschutzrichtlinie und R\u00fcckerstattungsrichtlinie einverstanden sind.<br>Zugriff auf die Website und deren Nutzung<\/p>\n\n\n\n<p>Wir erteilen Ihnen eine nicht exklusive, nicht unterlizenzierbare, widerrufliche Lizenz f\u00fcr den Zugriff auf unsere Website und deren Nutzung in strikter \u00dcbereinstimmung mit dieser Vereinbarung. Ihre Rechte aus dieser Vereinbarung sind nicht \u00fcbertragbar oder abtretbar und eine solche \u00dcbertragung ist gegebenenfalls nichtig oder anfechtbar. Diese Vereinbarung begr\u00fcndet in keiner Weise eine Agentur-, Partnerschafts-, Joint Venture- oder Arbeitnehmer-Arbeitgeber- oder Franchisegeber-Franchisenehmer-Beziehung zwischen Ihnen und uns. Wir behalten uns das Recht vor, den Betrieb unserer Website (vor\u00fcbergehend oder auf unbestimmte Zeit) einzustellen (z. B. um Wartungsarbeiten an unserer Website durchzuf\u00fchren). Wir behalten uns au\u00dferdem das Recht vor, unsere Website zu \u00e4ndern: Aus technischen Gr\u00fcnden, wie etwa Problemen mit unseren Servern, Hardware- oder Softwarest\u00f6rungen, Hackerangriffen usw. Um Updates unserer Hardware oder Software zum Vorteil unserer Website und\/oder des Benutzererlebnisses durchzuf\u00fchren. In jedem Fall aus legitimen Gr\u00fcnden, wie etwa Einw\u00e4nden hinsichtlich des Datenschutzes oder legitimen Einw\u00e4nden hinsichtlich des Inhalts oder der Wartung unserer Website.<\/p>\n\n\n\n<p>Falls wir entscheiden, dass es keinen kommerziellen Grund mehr gibt, unseren Betrieb fortzusetzen. Falls \u00c4nderungen an den von uns bereitgestellten Diensten erfolgen. Wir schlie\u00dfen F\u00e4lle nicht ausdr\u00fccklich aus, in denen unsere Website aufgrund technischer oder Wartungsprobleme (vor\u00fcbergehend oder f\u00fcr unbegrenzte Zeit) nicht verf\u00fcgbar sein k\u00f6nnte. Unsere Website ist nicht immun gegen Viren, Hackerangriffe, Fehlfunktionen von Hard- und Software und andere unerwartete Probleme, die au\u00dferhalb unserer Kontrolle liegen. Wir \u00fcbernehmen keine Verantwortung f\u00fcr Probleme oder Sch\u00e4den, einschlie\u00dflich Sachsch\u00e4den, die den Nutzern unserer Dienste aus technischen Gr\u00fcnden entstehen. Wir \u00fcbernehmen keine Verantwortung f\u00fcr Probleme oder Sch\u00e4den, die den Nutzern unserer Dienste entstehen und die durch Internet- oder Datenfehlfunktionen verursacht werden. Wir versprechen, alle m\u00f6glichen Ma\u00dfnahmen zu ergreifen, um die korrekte Funktionalit\u00e4t unserer Dienste im Falle technischer oder Wartungsprobleme wiederherzustellen. Alle Probleme und\/oder Kosten im Zusammenhang mit Internetverbindungen und\/oder mobilen Datenverbindungsdiensten liegen in der Verantwortung des einzelnen Benutzers. Wir raten allen Benutzern, die Kosten etwaiger Internet- oder Datenverbindungen zu kl\u00e4ren, bevor sie unsere Website nutzen.<br>Benutzerinhalte<\/p>\n\n\n\n<p>Benutzer k\u00f6nnen Text-, Audio- (m\u00fcndliche Aussagen) und Videoinformationen an andere Benutzer \u00fcbermitteln. Indem Sie Benutzerinhalte \u00fcber die Website verf\u00fcgbar machen, erteilen Sie uns hiermit eine weltweite, unwiderrufliche, unbefristete, nicht exklusive, \u00fcbertragbare, geb\u00fchrenfreie Lizenz mit dem Recht zur Unterlizenzierung, Verwendung, Vervielf\u00e4ltigung, Anpassung, \u00c4nderung, Verteilung, Lizenzierung, zum Verkauf, zur \u00dcbertragung, \u00f6ffentlichen Anzeige, \u00f6ffentlichen Vorf\u00fchrung, \u00dcbertragung, Streamen, Sendung und sonstigen Verwertung solcher Benutzerinhalte auf, \u00fcber oder mittels der Website und Websites Dritter. Dies umfasst die Verwendung der genannten Inhalte f\u00fcr gewerbliche Zwecke. Wir erheben keinen Eigentumsanspruch auf solche Benutzerinhalte und nichts in dieser Vereinbarung ist als Einschr\u00e4nkung Ihrer Rechte zur Verwendung und Verwertung solcher Benutzerinhalte auszulegen. Das Urheberrecht f\u00fcr alle Inhalte verbleibt beim Benutzer, der sie bereitgestellt hat. Sie erkennen an und erkl\u00e4ren sich damit einverstanden, dass Sie allein f\u00fcr alle Benutzerinhalte verantwortlich sind, die Sie \u00fcber die Website verf\u00fcgbar machen. Dementsprechend erkl\u00e4ren und garantieren Sie, dass Sie entweder der alleinige und ausschlie\u00dfliche Eigent\u00fcmer aller Benutzerinhalte sind, die Sie \u00fcber die Website verf\u00fcgbar machen, oder dass Sie \u00fcber alle Rechte, Lizenzen, Zustimmungen und Freigaben verf\u00fcgen, die erforderlich sind, um uns die Rechte an diesen Benutzerinhalten zu gew\u00e4hren, wie in den Bedingungen dieser Vereinbarung vorgesehen. Sie erkl\u00e4ren und garantieren, dass weder die Benutzerinhalte noch Ihre Ausstrahlung oder \u00dcbermittlung der Benutzerinhalte oder unsere Nutzung der Benutzerinhalte (oder eines Teils davon) auf, durch oder mittels der Website oder Websites Dritter Patente, Urheberrechte, Marken, Gesch\u00e4ftsgeheimnisse, Urheberpers\u00f6nlichkeitsrechte oder andere Rechte an geistigem Eigentum oder Pers\u00f6nlichkeits- oder Datenschutzrechte Dritter verletzen, missbrauchen oder verletzen oder zu einer Verletzung geltender Gesetze oder Vorschriften f\u00fchren. Das Urheberrecht an allen anderen Inhalten, einschlie\u00dflich Grafiken, UI-Design usw., die auf unserer Website zu finden sind, liegt bei uns. Sie erkl\u00e4ren sich damit einverstanden, keine Inhalte bereitzustellen, die gegen die Bedingungen dieser Vereinbarung und unserer Regeln oder die Rechte anderer Benutzer versto\u00dfen oder von anderen als obsz\u00f6n oder beleidigend empfunden werden k\u00f6nnten. Sie verpflichten sich, keine Inhalte zu \u00fcbermitteln, die gegen geltende Gesetze oder Vorschriften versto\u00dfen oder zu einem solchen Verhalten ermutigen oder zivilrechtliche Haftung begr\u00fcnden w\u00fcrden. Sie verpflichten sich, bei der Nutzung unserer Website keine Werbung f\u00fcr oder Angebote f\u00fcr kommerzielle Dienste jeglicher Art zu machen. Sie verpflichten sich, die Website oder Inhalte nicht f\u00fcr kommerzielle Zwecke oder zum Vorteil Dritter oder in einer durch diese Vereinbarung nicht gestatteten Weise zu nutzen.<br>B\u00f6swillige Benutzeraktivit\u00e4t<\/p>\n\n\n\n<p>Sie erkl\u00e4ren sich damit einverstanden, keine der folgenden Handlungen vorzunehmen: Keine Versuche, die Verwundbarkeit unseres Systems oder Netzwerks zu sondieren, zu scannen oder zu testen oder Sicherheits- oder Authentifizierungsma\u00dfnahmen zu verletzen; Keine technischen Ma\u00dfnahmen vermeiden, umgehen, entfernen, deaktivieren, beeintr\u00e4chtigen, entschl\u00fcsseln oder anderweitig umgehen, die von uns oder unseren Anbietern oder sonstigen Dritten (einschlie\u00dflich anderer Benutzer) zum Schutz der Website oder Inhalte implementiert wurden; Keine Versuche, auf die Website oder Inhalte zuzugreifen oder sie zu durchsuchen oder Inhalte von der Website herunterzuladen, indem Sie andere Engines, Software, Tools, Agenten, Ger\u00e4te oder Mechanismen (einschlie\u00dflich Spider, Roboter, Crawler, Data-Mining-Tools oder \u00c4hnliches) als allgemein verf\u00fcgbare Webbrowser von Drittanbietern verwenden; Keine TCP\/IP-Paket-Header oder Teile der Header-Informationen in E-Mail-Postings f\u00e4lschen oder die Website oder Inhalte in irgendeiner Weise zum Senden ver\u00e4nderter, irref\u00fchrender oder falscher Absenderangaben verwenden; Keine Versuche, die zur Bereitstellung der Website oder der Inhalte verwendete Software zu entschl\u00fcsseln, zu dekompilieren, zu disassemblieren oder zur\u00fcckzuentwickeln; Den Zugriff eines Benutzers, Hosts oder Netzwerks st\u00f6ren oder zu st\u00f6ren versuchen, einschlie\u00dflich, aber nicht beschr\u00e4nkt auf das Senden eines Virus, die \u00dcberlastung, \u00dcberflutung, das Spamming oder das Mail-Bombing der Website; eine konkurrierende Anwendung oder Website entwickeln; andere Personen dazu ermutigen oder ihnen die M\u00f6glichkeit geben, eine der vorgenannten Handlungen vorzunehmen.<br>Kostenpflichtige Produkte oder Dienstleistungen<\/p>\n\n\n\n<p>Wir k\u00f6nnen unseren Benutzern auf unserer Website einige kostenpflichtige Produkte oder Dienste anbieten, darunter, aber nicht beschr\u00e4nkt auf, digitale Waren und Dienste sowie Abonnements. Wenn Sie etwas von uns kaufen, erkl\u00e4ren und garantieren Sie au\u00dferdem, dass: Sie die Produkt- oder Dienstbeschreibung gelesen haben und deren Art klar verstehen; alle von Ihnen angegebenen Zahlungsinformationen wahr und vollst\u00e4ndig sind; von Ihnen anfallende Geb\u00fchren von Ihrer Bank oder Ihrem Kreditkartenunternehmen anerkannt werden; Sie die von Ihnen anfallenden Geb\u00fchren zu den angegebenen Preisen einschlie\u00dflich aller anfallenden Steuern bezahlen; wenn Ihre urspr\u00fcngliche Zahlungsmethode nicht akzeptiert wird, zahlen Sie dennoch die anfallenden Geb\u00fchren, einschlie\u00dflich aller Zuschl\u00e4ge, die uns aufgrund der nicht akzeptierten Zahlung entstehen k\u00f6nnen. Kostenpflichtige Dienste d\u00fcrfen nicht an Dritte \u00fcbertragen werden. Wir k\u00f6nnen auf unserer Website zus\u00e4tzliche kostenpflichtige Funktionen anbieten, wie etwa die M\u00f6glichkeit, eine Sperre vor Ablauf der Sperrfrist aufzuheben. Diese kostenpflichtigen Funktionen k\u00f6nnen \u00fcber eine Reihe von auf unserer Website vorgeschlagenen Zahlungsmethoden erworben werden. Alle Zahlungen f\u00fcr kostenpflichtige Dienste auf unserer Website unterliegen (oder unterliegen nicht) der R\u00fcckerstattung gem\u00e4\u00df unserer R\u00fcckerstattungsrichtlinie. Wenn Sie der Meinung sind, dass Ihnen die Art des Produkts oder der Dienstleistung nicht klar genug ist, sehen Sie bitte von einem Kauf ab und z\u00f6gern Sie nicht, uns vor einem Kauf zu kontaktieren.<br>Externe URLs<\/p>\n\n\n\n<p>Wir behalten uns das Recht vor, auf unserer Website Links zu externen Websites, Internetressourcen und Waren Dritter zu platzieren. Wir versuchen, nur Links zu angesehenen Ressourcen Dritter bereitzustellen, \u00fcbernehmen jedoch keine Verantwortung oder Haftung f\u00fcr den Inhalt von Websites Dritter, die Sicherheit Ihrer pers\u00f6nlichen Daten und den Datenschutz auf solchen Websites oder jegliche Aktionen, die Sie auf externen Websites durchf\u00fchren. Sie erkennen die alleinige Verantwortung f\u00fcr die Nutzung solcher Websites oder Ressourcen an und \u00fcbernehmen alle Risiken, die sich aus Ihrer Nutzung solcher Websites oder Ressourcen ergeben. Sie erkennen an und stimmen zu, dass wir nicht f\u00fcr die Verf\u00fcgbarkeit oder Genauigkeit externer Websites oder Ressourcen sowie f\u00fcr den Inhalt, die Produkte oder Dienstleistungen auf oder \u00fcber solche Websites oder Ressourcen verantwortlich oder haftbar sind.<br>Verlinken und Einbetten<\/p>\n\n\n\n<p>Sie d\u00fcrfen Links zu unserer Website bereitstellen und diese in Ihre Websites, Anwendungen oder sonstigen Internetressourcen einbetten, vorausgesetzt: Sie entfernen oder verdecken keinen Teil unserer Website durch Framing oder auf andere Weise; Ihre Anwendung, Internetressource oder Website ist nicht an illegalen oder pornografischen Aktivit\u00e4ten beteiligt; Sie stellen die Bereitstellung von Links zu unserer Website sowie die Einbettung unserer Website auf unsere Aufforderung hin unverz\u00fcglich ein.<br>Beendigung des Zugangs<\/p>\n\n\n\n<p>Jedem Benutzer, der bei der Nutzung unserer Website gegen unsere Regeln oder die Bedingungen dieser Vereinbarung verst\u00f6\u00dft oder Inhalte gem\u00e4\u00df Abschnitt 3 dieser Vereinbarung bereitstellt oder verbreitet, kann ohne Vorank\u00fcndigung oder Verpflichtung (finanziell oder anderweitig) ein eingeschr\u00e4nkter Zugriff auf unsere Website gew\u00e4hrt werden. Dies umfasst auch das Recht f\u00fcr uns, Software, technische, rechtliche und sonstige Mittel zu verwenden, um die Einhaltung dieser Bedingungen sicherzustellen (einschlie\u00dflich, ohne Einschr\u00e4nkung, der Sperrung bestimmter IP-Adressen). Wir versuchen, alle Benutzer \u00fcber derartige Einschr\u00e4nkungen zu informieren, sind jedoch nicht dazu verpflichtet. Bei vor\u00fcbergehenden Zugriffsbeschr\u00e4nkungen wird die Verj\u00e4hrungsfrist von uns festgelegt und kann von Zeit zu Zeit ge\u00e4ndert werden. Sie erkl\u00e4ren sich damit einverstanden, dass wir Ihnen und anderen Benutzern gegen\u00fcber nicht f\u00fcr \u00c4nderungen der Sperrfristen bei Verst\u00f6\u00dfen jeglicher Art haftbar gemacht werden. S\u00e4mtliche Bestimmungen in Bezug auf Haftungsbeschr\u00e4nkungen, Haftungsausschl\u00fcsse und Entsch\u00e4digungen bleiben auch nach einer K\u00fcndigung dieser Vereinbarung oder einer Beendigung Ihrer Nutzung unserer Website bestehen.<br>Missbr\u00e4uche und Beschwerden<\/p>\n\n\n\n<p>Jegliche F\u00e4lle von Missbrauch, Verst\u00f6\u00dfen gegen die Regeln und\/oder unsachgem\u00e4\u00dfer Verwendung Ihres Urheberrechts durch andere Benutzer k\u00f6nnen \u00fcber E-Mail-Adressen, Kontaktformulare und andere auf unserer Website angegebene Kontaktmethoden gemeldet werden. Benutzern, die versuchen, Streitigkeiten mit anderen Benutzern unserer Website zu l\u00f6sen, indem sie gegen unsere Regeln, die Bedingungen dieser Vereinbarung oder Datenschutzrichtlinie versto\u00dfen und\/oder illegale Handlungen wie unangemessene Bemerkungen gegen\u00fcber anderen Benutzern vornehmen, kann gem\u00e4\u00df Punkt 6 dieser Vereinbarung vor\u00fcbergehend oder dauerhaft der Zugriff auf unsere Website verweigert werden.<br>Haftungsbeschr\u00e4nkung<\/p>\n\n\n\n<p>Wir sind nicht verantwortlich f\u00fcr Handlungen unserer Benutzer auf unserer Website oder f\u00fcr die von ihnen bereitgestellten Inhalte. Wir \u00fcbernehmen keine Haftung f\u00fcr die Nutzung unserer Website, einschlie\u00dflich Haftung f\u00fcr Klagen, Strafen, Anspr\u00fcche, Sch\u00e4den, Verpflichtungen, Kosten jeglicher Art und Art, einschlie\u00dflich direkter, indirekter, gelegentlicher Strafen und\/oder Verluste durch Fahrl\u00e4ssigkeit, Dienstunterbrechung, Datenverlust, Hardwaresch\u00e4den durch Virenangriffe, Einkommensverlust, Verlust von Gelegenheiten, Verschwendung von B\u00fcrozeit, Vertragsbruch, Anspr\u00fcche Dritter oder sonstige Verluste, die als solche vorhersehbar waren und aufgrund oder w\u00e4hrend der Nutzung unserer Website entstehen k\u00f6nnen. Diese Haftungsbeschr\u00e4nkung umfasst, ist jedoch nicht beschr\u00e4nkt auf, die \u00dcbertragung von Software oder Viren, die Ihre Hardware besch\u00e4digen, Fehlfunktionen der mechanischen oder elektrischen Hardware oder der Kommunikationsleitungen, andere Verbindungsprobleme (wie beispielsweise keine Internetverbindung), unbefugten Zugriff, Diebstahl, Verletzungen, Sachsch\u00e4den, Bedienfehler, Streiks oder h\u00f6here Gewalt verursachen k\u00f6nnen, einschlie\u00dflich, jedoch nicht beschr\u00e4nkt auf die Haftung f\u00fcr Einkommensverluste, entgangene Gewinne oder Vertragsverluste, Gesch\u00e4ftsverluste, Verlust erwarteter Einsparungen, Verlust von Gesch\u00e4ftswert, Datenverlust, Verlust von B\u00fcrozeit und jegliche andere Verluste oder Sch\u00e4den jeglicher Art. Sie erkl\u00e4ren sich damit einverstanden, Omegle.to und seine Mitarbeiter vor allen Anspr\u00fcchen Dritter sowie vor jeglichen Verlusten und Kosten zu sch\u00fctzen, die aus Anspr\u00fcchen resultieren, die sich aus Ihren pers\u00f6nlichen Handlungen bei der Nutzung unserer Website oder aufgrund der von Ihnen bereitgestellten Inhalte ergeben.<br>\u00c4nderungen<\/p>\n\n\n\n<p>Wir behalten uns das Recht vor, unsere Regeln, Datenschutzrichtlinien, R\u00fcckerstattungsrichtlinien und diese Vereinbarung ohne vorherige Benachrichtigung an Sie zu erg\u00e4nzen oder zu \u00e4ndern. Die aktuellsten und aktuellsten Kopien der oben genannten Dokumente werden auf unserer Website ver\u00f6ffentlicht. Alle \u00c4nderungen werden ab dem Zeitpunkt aktiv und g\u00fcltig, an dem der ge\u00e4nderte Text auf der jeweiligen Seite unserer Website aktualisiert wird. In einigen F\u00e4llen benachrichtigen wir Benutzer \u00fcber \u00c4nderungen an Dokumenten. Es liegt jedoch in der Verantwortung des Benutzers, die jeweiligen Seiten regelm\u00e4\u00dfig auf Aktualisierungen zu \u00fcberpr\u00fcfen. Sollten Sie mit den in dieser Vereinbarung dargelegten Bedingungen nicht einverstanden sein, sollten Sie die Nutzung unserer Website mit sofortiger Wirkung einstellen. Wenn Sie unsere Website nach Inkrafttreten von \u00c4nderungen weiterhin nutzen, bedeutet dies, dass Sie mit allen \u00c4nderungen und den ge\u00e4nderten Bedingungen dieser Vereinbarung einverstanden sind.<\/p>","protected":false},"excerpt":{"rendered":"<p>Einleitung Dieses Dokument, das auch als \u201eNutzungsbedingungen\u201c, \u201eBedingungen\u201c, \u201eBenutzervereinbarung\u201c oder \u201eVereinbarung\u201c bezeichnet wird, ist eine rechtsverbindliche Vereinbarung zwischen Einzelpersonen, Unternehmen und Organisationen (Nutzern) und Omegle.to (Omegle.to), im Folgenden auch als \u201eWebsite\u201c oder \u201eWebseite\u201c bezeichnet. Die Begriffe \u201euns\u201c, \u201ewir\u201c und \u201eunser\u201c k\u00f6nnen auch verwendet werden [\u2026]<\/p>","protected":false},"author":1,"featured_media":0,"parent":0,"menu_order":0,"comment_status":"closed","ping_status":"closed","template":"","meta":{"footnotes":""},"class_list":["post-1561","page","type-page","status-publish","hentry"],"yoast_head":"<!-- This site is optimized with the Yoast SEO Premium plugin v21.5 (Yoast SEO v21.5) - https:\/\/yoast.com\/wordpress\/plugins\/seo\/ -->\n<title>Terms - Omegle - Talk to Strangers<\/title>\n<meta name=\"robots\" content=\"index, follow, max-snippet:-1, max-image-preview:large, max-video-preview:-1\" \/>\n<link rel=\"canonical\" href=\"https:\/\/omegle.to\/de\/bedingungen\/\" \/>\n<meta property=\"og:locale\" content=\"de_DE\" \/>\n<meta property=\"og:type\" content=\"article\" \/>\n<meta property=\"og:title\" content=\"Terms\" \/>\n<meta property=\"og:description\" content=\"Introduction This document, which may also be referred to as \u201cTerms of Service\u201d, \u201cTerms\u201d, \u201cUser Agreement\u201d or \u201cAgreement\u201d throughout, is a legally binding agreement between individuals, businesses, and organizations (Users) and Omegle.to (Omegle.to), which may also be referred to as the \u201cWebsite\u201d or \u201cWeb-site\u201d hereafter. The terms \u201cus\u201d, \u201cwe\u201d, and \u201cours\u201d may also be used [&hellip;]\" \/>\n<meta property=\"og:url\" content=\"https:\/\/omegle.to\/de\/bedingungen\/\" \/>\n<meta property=\"og:site_name\" content=\"Omegle - Talk to Strangers\" \/>\n<meta name=\"twitter:card\" content=\"summary_large_image\" \/>\n<meta name=\"twitter:label1\" content=\"Gesch\u00e4tzte Lesezeit\" \/>\n\t<meta name=\"twitter:data1\" content=\"10\u00a0Minuten\" \/>\n<script type=\"application\/ld+json\" class=\"yoast-schema-graph\">{\"@context\":\"https:\/\/schema.org\",\"@graph\":[{\"@type\":\"WebPage\",\"@id\":\"https:\/\/omegle.to\/terms\/\",\"url\":\"https:\/\/omegle.to\/terms\/\",\"name\":\"Terms - Omegle - Talk to Strangers\",\"isPartOf\":{\"@id\":\"https:\/\/omegle.to\/#website\"},\"datePublished\":\"2021-12-30T10:09:25+00:00\",\"dateModified\":\"2021-12-30T10:09:25+00:00\",\"breadcrumb\":{\"@id\":\"https:\/\/omegle.to\/terms\/#breadcrumb\"},\"inLanguage\":\"de\",\"potentialAction\":[{\"@type\":\"ReadAction\",\"target\":[\"https:\/\/omegle.to\/terms\/\"]}]},{\"@type\":\"BreadcrumbList\",\"@id\":\"https:\/\/omegle.to\/terms\/#breadcrumb\",\"itemListElement\":[{\"@type\":\"ListItem\",\"position\":1,\"name\":\"Home\",\"item\":\"https:\/\/omegle.to\/\"},{\"@type\":\"ListItem\",\"position\":2,\"name\":\"Terms\"}]},{\"@type\":\"WebSite\",\"@id\":\"https:\/\/omegle.to\/#website\",\"url\":\"https:\/\/omegle.to\/\",\"name\":\"Omegle - Talk to Strangers\",\"description\":\"Random Video Chat\",\"publisher\":{\"@id\":\"https:\/\/omegle.to\/#organization\"},\"potentialAction\":[{\"@type\":\"SearchAction\",\"target\":{\"@type\":\"EntryPoint\",\"urlTemplate\":\"https:\/\/omegle.to\/?s={search_term_string}\"},\"query-input\":\"required name=search_term_string\"}],\"inLanguage\":\"de\"},{\"@type\":\"Organization\",\"@id\":\"https:\/\/omegle.to\/#organization\",\"name\":\"Omegle - Talk to Strangers\",\"url\":\"https:\/\/omegle.to\/\",\"logo\":{\"@type\":\"ImageObject\",\"inLanguage\":\"de\",\"@id\":\"https:\/\/omegle.to\/#\/schema\/logo\/image\/\",\"url\":\"https:\/\/omegle.to\/wp-content\/uploads\/2021\/12\/omegle-omegle.to_.jpg\",\"contentUrl\":\"https:\/\/omegle.to\/wp-content\/uploads\/2021\/12\/omegle-omegle.to_.jpg\",\"width\":1024,\"height\":820,\"caption\":\"Omegle - Talk to Strangers\"},\"image\":{\"@id\":\"https:\/\/omegle.to\/#\/schema\/logo\/image\/\"}}]}<\/script>\n<!-- \/ Yoast SEO Premium plugin. -->","yoast_head_json":{"title":"Terms - Omegle - Talk to Strangers","robots":{"index":"index","follow":"follow","max-snippet":"max-snippet:-1","max-image-preview":"max-image-preview:large","max-video-preview":"max-video-preview:-1"},"canonical":"https:\/\/omegle.to\/de\/bedingungen\/","og_locale":"de_DE","og_type":"article","og_title":"Terms","og_description":"Introduction This document, which may also be referred to as \u201cTerms of Service\u201d, \u201cTerms\u201d, \u201cUser Agreement\u201d or \u201cAgreement\u201d throughout, is a legally binding agreement between individuals, businesses, and organizations (Users) and Omegle.to (Omegle.to), which may also be referred to as the \u201cWebsite\u201d or \u201cWeb-site\u201d hereafter. The terms \u201cus\u201d, \u201cwe\u201d, and \u201cours\u201d may also be used [&hellip;]","og_url":"https:\/\/omegle.to\/de\/bedingungen\/","og_site_name":"Omegle - Talk to Strangers","twitter_card":"summary_large_image","twitter_misc":{"Gesch\u00e4tzte Lesezeit":"10\u00a0Minuten"},"schema":{"@context":"https:\/\/schema.org","@graph":[{"@type":"WebPage","@id":"https:\/\/omegle.to\/terms\/","url":"https:\/\/omegle.to\/terms\/","name":"Terms - Omegle - Talk to Strangers","isPartOf":{"@id":"https:\/\/omegle.to\/#website"},"datePublished":"2021-12-30T10:09:25+00:00","dateModified":"2021-12-30T10:09:25+00:00","breadcrumb":{"@id":"https:\/\/omegle.to\/terms\/#breadcrumb"},"inLanguage":"de","potentialAction":[{"@type":"ReadAction","target":["https:\/\/omegle.to\/terms\/"]}]},{"@type":"BreadcrumbList","@id":"https:\/\/omegle.to\/terms\/#breadcrumb","itemListElement":[{"@type":"ListItem","position":1,"name":"Home","item":"https:\/\/omegle.to\/"},{"@type":"ListItem","position":2,"name":"Terms"}]},{"@type":"WebSite","@id":"https:\/\/omegle.to\/#website","url":"https:\/\/omegle.to\/","name":"Omegle - Talk to Strangers","description":"Random Video Chat","publisher":{"@id":"https:\/\/omegle.to\/#organization"},"potentialAction":[{"@type":"SearchAction","target":{"@type":"EntryPoint","urlTemplate":"https:\/\/omegle.to\/?s={search_term_string}"},"query-input":"required name=search_term_string"}],"inLanguage":"de"},{"@type":"Organization","@id":"https:\/\/omegle.to\/#organization","name":"Omegle - Talk to Strangers","url":"https:\/\/omegle.to\/","logo":{"@type":"ImageObject","inLanguage":"de","@id":"https:\/\/omegle.to\/#\/schema\/logo\/image\/","url":"https:\/\/omegle.to\/wp-content\/uploads\/2021\/12\/omegle-omegle.to_.jpg","contentUrl":"https:\/\/omegle.to\/wp-content\/uploads\/2021\/12\/omegle-omegle.to_.jpg","width":1024,"height":820,"caption":"Omegle - Talk to Strangers"},"image":{"@id":"https:\/\/omegle.to\/#\/schema\/logo\/image\/"}}]}},"_links":{"self":[{"href":"https:\/\/omegle.to\/de\/wp-json\/wp\/v2\/pages\/1561","targetHints":{"allow":["GET"]}}],"collection":[{"href":"https:\/\/omegle.to\/de\/wp-json\/wp\/v2\/pages"}],"about":[{"href":"https:\/\/omegle.to\/de\/wp-json\/wp\/v2\/types\/page"}],"author":[{"embeddable":true,"href":"https:\/\/omegle.to\/de\/wp-json\/wp\/v2\/users\/1"}],"replies":[{"embeddable":true,"href":"https:\/\/omegle.to\/de\/wp-json\/wp\/v2\/comments?post=1561"}],"version-history":[{"count":1,"href":"https:\/\/omegle.to\/de\/wp-json\/wp\/v2\/pages\/1561\/revisions"}],"predecessor-version":[{"id":1563,"href":"https:\/\/omegle.to\/de\/wp-json\/wp\/v2\/pages\/1561\/revisions\/1563"}],"wp:attachment":[{"href":"https:\/\/omegle.to\/de\/wp-json\/wp\/v2\/media?parent=1561"}],"curies":[{"name":"wp","href":"https:\/\/api.w.org\/{rel}","templated":true}]}}